{"id":14818,"date":"2025-05-20T08:21:00","date_gmt":"2025-05-20T08:21:00","guid":{"rendered":"https:\/\/quizzical-davinci.89-31-73-59.plesk.page\/pianta\/xcupressocyparis-leylandii-castlewellan-gold\/"},"modified":"2025-07-24T08:50:31","modified_gmt":"2025-07-24T08:50:31","slug":"xcupressocyparis-leylandii-castlewellan-gold","status":"publish","type":"product","link":"https:\/\/vivaiobaronti.com\/fr\/pianta\/xcupressocyparis-leylandii-castlewellan-gold\/","title":{"rendered":"XCUPRESSOCYPARIS LEYLANDII CASTLEWELLAN GOLD"},"content":{"rendered":"<p>Cupressocyparis leylandii &lsquo;Castlewellan Gold&rsquo; est un cultivar de cypr\u00e8s de Leyland appartenant \u00e0 la famille des Cupressac\u00e9es, c\u00e9l\u00e8bre pour son feuillage dor\u00e9 et sa croissance rapide. Issu du croisement entre le cypr\u00e8s Cupressus macrocarpa et le cypr\u00e8s Chamaecyparis nootkatensis, ce cypr\u00e8s est l&rsquo;une des vari\u00e9t\u00e9s les plus appr\u00e9ci\u00e9es pour son aspect ornemental et sa capacit\u00e9 \u00e0 cr\u00e9er des barri\u00e8res et des \u00e9crans verts esth\u00e9tiques. Le Cupressocyparis leylandii &lsquo;Castlewellan Gold&rsquo; est \u00e9rig\u00e9, de forme conique, et peut atteindre 10 \u00e0 15 m\u00e8tres de haut et 3 \u00e0 4 m\u00e8tres de large \u00e0 maturit\u00e9. Sa croissance rapide et, bien qu&rsquo;id\u00e9al pour cr\u00e9er des haies denses et des \u00e9crans, il n\u00e9cessite un espace suffisant pour s&rsquo;\u00e9panouir pleinement. Gr\u00e2ce \u00e0 son port compact et r\u00e9gulier, il est largement utilis\u00e9 dans les jardins et les zones r\u00e9sidentielles pour cr\u00e9er des cloisons v\u00e9g\u00e9tales, des murs d&rsquo;intimit\u00e9 naturels ou des bordures ornementales. Les feuilles de &lsquo;Castlewellan Gold&rsquo; sont l&rsquo;une de ses caract\u00e9ristiques distinctives. Son feuillage est d&rsquo;un jaune dor\u00e9 vif, accentu\u00e9 par le soleil, ce qui rend cette vari\u00e9t\u00e9 particuli\u00e8rement int\u00e9ressante pendant les saisons froides, lorsque d&rsquo;autres plantes peuvent para\u00eetre plus nues. La couleur dor\u00e9e peut varier selon l&rsquo;exposition au soleil, devenant plus intense en plein soleil et plus douce \u00e0 l&rsquo;ombre. En hiver, la plante conserve sa couleur, bien qu&rsquo;elle puisse virer au vert dans certaines zones ombrag\u00e9es ou plus froides. Cupressocyparis leylandii &lsquo;Castlewellan Gold&rsquo; est tr\u00e8s r\u00e9sistant et s&rsquo;adapte \u00e0 diff\u00e9rents types de sols, bien qu&rsquo;il pr\u00e9f\u00e8re les sols bien drain\u00e9s, fertiles et l\u00e9g\u00e8rement acides. Il tol\u00e8re bien les sols plus pauvres, mais n\u00e9cessite un bon drainage pour \u00e9viter les probl\u00e8mes de pourriture des racines. La plante tol\u00e8re la s\u00e9cheresse et le froid, ce qui la rend particuli\u00e8rement rustique sous diff\u00e9rents climats, mais n\u00e9cessite un arrosage r\u00e9gulier en cas de s\u00e9cheresse prolong\u00e9e. La culture du cypr\u00e8s de Leyland \u00ab Castlewellan Gold \u00bb est g\u00e9n\u00e9ralement simple, m\u00eame si une taille annuelle lui permet de conserver un port dense et compact, notamment en haie haute. Sa croissance est rapide\u00a0; une taille r\u00e9guli\u00e8re est donc utile pour ma\u00eetriser sa taille et la maintenir nette. Cette vari\u00e9t\u00e9 de cypr\u00e8s de Leyland est id\u00e9ale pour ceux qui recherchent une plante persistante offrant des couleurs \u00e9clatantes toute l&rsquo;ann\u00e9e, tout en permettant de former rapidement des haies. Elle est parfaite pour les jardins modernes, les all\u00e9es, les bordures, les haies formelles et pour ceux qui recherchent une plante r\u00e9sistante, facile d&rsquo;entretien et \u00e0 forte valeur ornementale.<\/p>\n","protected":false},"excerpt":{"rendered":"<p>Cupressocyparis leylandii &lsquo;Castlewellan Gold&rsquo; est un cultivar de cypr\u00e8s de Leyland appartenant \u00e0 la famille des Cupressac\u00e9es, c\u00e9l\u00e8bre pour son feuillage dor\u00e9 et sa croissance rapide. Issu du croisement entre le cypr\u00e8s Cupressus macrocarpa et le cypr\u00e8s Chamaecyparis nootkatensis, ce cypr\u00e8s est l&rsquo;une des vari\u00e9t\u00e9s les plus appr\u00e9ci\u00e9es pour son aspect ornemental et sa capacit\u00e9 [&hellip;]<\/p>\n","protected":false},"featured_media":61743,"template":"","meta":{"_acf_changed":false},"product_brand":[],"product_cat":[169,134],"product_tag":[],"class_list":{"0":"post-14818","1":"product","2":"type-product","3":"status-publish","4":"has-post-thumbnail","6":"product_cat-mini-tige","7":"product_cat-plantes","8":"pa_forma-mini-tige","10":"first","11":"instock","12":"purchasable","13":"product-type-variable"},"acf":[],"_links":{"self":[{"href":"https:\/\/vivaiobaronti.com\/fr\/wp-json\/wp\/v2\/product\/14818","targetHints":{"allow":["GET"]}}],"collection":[{"href":"https:\/\/vivaiobaronti.com\/fr\/wp-json\/wp\/v2\/product"}],"about":[{"href":"https:\/\/vivaiobaronti.com\/fr\/wp-json\/wp\/v2\/types\/product"}],"wp:featuredmedia":[{"embeddable":true,"href":"https:\/\/vivaiobaronti.com\/fr\/wp-json\/wp\/v2\/media\/61743"}],"wp:attachment":[{"href":"https:\/\/vivaiobaronti.com\/fr\/wp-json\/wp\/v2\/media?parent=14818"}],"wp:term":[{"taxonomy":"product_brand","embeddable":true,"href":"https:\/\/vivaiobaronti.com\/fr\/wp-json\/wp\/v2\/product_brand?post=14818"},{"taxonomy":"product_cat","embeddable":true,"href":"https:\/\/vivaiobaronti.com\/fr\/wp-json\/wp\/v2\/product_cat?post=14818"},{"taxonomy":"product_tag","embeddable":true,"href":"https:\/\/vivaiobaronti.com\/fr\/wp-json\/wp\/v2\/product_tag?post=14818"}],"curies":[{"name":"wp","href":"https:\/\/api.w.org\/{rel}","templated":true}]}}