{"id":14798,"date":"2025-05-20T08:21:00","date_gmt":"2025-05-20T08:21:00","guid":{"rendered":"https:\/\/quizzical-davinci.89-31-73-59.plesk.page\/pianta\/viburnum-tinus-eve-price\/"},"modified":"2025-07-24T08:50:25","modified_gmt":"2025-07-24T08:50:25","slug":"viburnum-tinus-eve-price","status":"publish","type":"product","link":"https:\/\/vivaiobaronti.com\/fr\/pianta\/viburnum-tinus-eve-price\/","title":{"rendered":"VIBURNUM TINUS EVE PRICE"},"content":{"rendered":"<p><span style=\"font-weight: 400\">Viburnum tinus &lsquo;Eve Price&rsquo; est une vari\u00e9t\u00e9 compacte et d\u00e9corative de viorne persistante, appartenant \u00e0 la famille des Adoxac\u00e9es, qui se distingue par sa floraison hivernale abondante et son port dense et arrondi. Ce cultivar est particuli\u00e8rement appr\u00e9ci\u00e9 pour sa capacit\u00e9 \u00e0 conserver un aspect vert et frais tout au long de l&rsquo;ann\u00e9e, m\u00eame pendant les mois les plus froids, ce qui le rend id\u00e9al pour les jardins qui ont besoin d&rsquo;une touche de couleur et de vitalit\u00e9 pendant les saisons froides.<\/span> <span style=\"font-weight: 400\">Le port de Viburnum tinus &lsquo;Eve Price&rsquo; est compact et bien ramifi\u00e9, avec une croissance atteignant g\u00e9n\u00e9ralement 1 \u00e0 1,5 m\u00e8tre de hauteur et de largeur. La plante poss\u00e8de une couronne dense et arrondie qui peut \u00eatre facilement maintenue par une taille l\u00e9g\u00e8re, ce qui la rend id\u00e9ale pour la cr\u00e9ation de haies basses, de bordures et de jardini\u00e8res. Son feuillage persistant le rend parfait pour les jardins n\u00e9cessitant peu d&rsquo;entretien, car il conserve une beaut\u00e9 constante tout au long de l&rsquo;ann\u00e9e.<\/span> <span style=\"font-weight: 400\">Ses feuilles sont coriaces, vert fonc\u00e9 et brillantes, et donnent \u00e0 la plante un aspect net et compact. En automne, elles peuvent devenir rouges ou violettes, ajoutant une touche de couleur suppl\u00e9mentaire avant la nouvelle floraison. Les fleurs, qui constituent l&rsquo;attrait principal de la vari\u00e9t\u00e9, apparaissent du milieu de l&rsquo;hiver jusqu&rsquo;au printemps, sous la forme de grands corymbes de petites fleurs blanches ou l\u00e9g\u00e8rement roses. Ces fleurs sont tr\u00e8s parfum\u00e9es, attirent les abeilles et les papillons, et cr\u00e9ent un agr\u00e9able contraste avec le feuillage persistant.<\/span> <span style=\"font-weight: 400\">Apr\u00e8s la floraison, Viburnum tinus &lsquo;Eve Price&rsquo; produit des baies bleu\u00e2tres qui m\u00fbrissent en \u00e9t\u00e9, ajoutant un autre \u00e9l\u00e9ment d\u00e9coratif \u00e0 la plante. Bien que ses baies ne soient pas comestibles pour l&rsquo;homme, elles constituent une source de nourriture importante pour les oiseaux en hiver. Cette vari\u00e9t\u00e9 de viorne est rustique et rustique, pr\u00e9f\u00e9rant les emplacements ensoleill\u00e9s ou partiellement ombrag\u00e9s. Elle s&rsquo;adapte bien \u00e0 une grande vari\u00e9t\u00e9 de sols, mais pr\u00e9f\u00e8re les sols bien drain\u00e9s et moyennement fertiles. Bien qu&rsquo;elle tol\u00e8re les p\u00e9riodes de s\u00e9cheresse une fois bien \u00e9tablie, il est important d&rsquo;assurer une bonne irrigation pendant la phase initiale de croissance et lors des p\u00e9riodes particuli\u00e8rement s\u00e8ches. Le Viburnum tinus &lsquo;Eve Price&rsquo; est une plante polyvalente qui se pr\u00eate parfaitement \u00e0 diff\u00e9rents am\u00e9nagements paysagers\u00a0: haies persistantes, bordures de fleurs, rocailles ou en isol\u00e9 dans les petits jardins. Sa r\u00e9sistance au froid, combin\u00e9e \u00e0 la beaut\u00e9 de ses fleurs hivernales, la rend \u00e9galement id\u00e9ale pour les climats plus rigoureux, o\u00f9 d&rsquo;autres plantes pourraient souffrir pendant la saison froide.<\/p>\n","protected":false},"excerpt":{"rendered":"<p>Viburnum tinus &lsquo;Eve Price&rsquo; est une vari\u00e9t\u00e9 compacte et d\u00e9corative de viorne persistante, appartenant \u00e0 la famille des Adoxac\u00e9es, qui se distingue par sa floraison hivernale abondante et son port dense et arrondi. Ce cultivar est particuli\u00e8rement appr\u00e9ci\u00e9 pour sa capacit\u00e9 \u00e0 conserver un aspect vert et frais tout au long de l&rsquo;ann\u00e9e, m\u00eame pendant [&hellip;]<\/p>\n","protected":false},"featured_media":25793,"template":"","meta":{"_acf_changed":false},"product_brand":[],"product_cat":[134,169,166,167],"product_tag":[],"class_list":{"0":"post-14798","1":"product","2":"type-product","3":"status-publish","4":"has-post-thumbnail","6":"product_cat-plantes","7":"product_cat-mini-tige","8":"product_cat-arbuste","9":"product_cat-demi-tige","10":"pa_forma-arbuste","11":"pa_forma-demi-tige","12":"pa_forma-mini-tige","14":"first","15":"instock","16":"purchasable","17":"product-type-variable"},"acf":[],"_links":{"self":[{"href":"https:\/\/vivaiobaronti.com\/fr\/wp-json\/wp\/v2\/product\/14798","targetHints":{"allow":["GET"]}}],"collection":[{"href":"https:\/\/vivaiobaronti.com\/fr\/wp-json\/wp\/v2\/product"}],"about":[{"href":"https:\/\/vivaiobaronti.com\/fr\/wp-json\/wp\/v2\/types\/product"}],"wp:featuredmedia":[{"embeddable":true,"href":"https:\/\/vivaiobaronti.com\/fr\/wp-json\/wp\/v2\/media\/25793"}],"wp:attachment":[{"href":"https:\/\/vivaiobaronti.com\/fr\/wp-json\/wp\/v2\/media?parent=14798"}],"wp:term":[{"taxonomy":"product_brand","embeddable":true,"href":"https:\/\/vivaiobaronti.com\/fr\/wp-json\/wp\/v2\/product_brand?post=14798"},{"taxonomy":"product_cat","embeddable":true,"href":"https:\/\/vivaiobaronti.com\/fr\/wp-json\/wp\/v2\/product_cat?post=14798"},{"taxonomy":"product_tag","embeddable":true,"href":"https:\/\/vivaiobaronti.com\/fr\/wp-json\/wp\/v2\/product_tag?post=14798"}],"curies":[{"name":"wp","href":"https:\/\/api.w.org\/{rel}","templated":true}]}}