{"id":14732,"date":"2025-05-20T08:21:00","date_gmt":"2025-05-20T08:21:00","guid":{"rendered":"https:\/\/quizzical-davinci.89-31-73-59.plesk.page\/pianta\/thuja-occidentalis-smaragd\/"},"modified":"2025-07-24T08:50:25","modified_gmt":"2025-07-24T08:50:25","slug":"thuja-occidentalis-smaragd","status":"publish","type":"product","link":"https:\/\/vivaiobaronti.com\/fr\/pianta\/thuja-occidentalis-smaragd\/","title":{"rendered":"THUJA OCCIDENTALIS SMARAGD"},"content":{"rendered":"<p><span style=\"font-weight: 400;\">Thuja occidentalis &lsquo;Smaragd&rsquo;, commun\u00e9ment appel\u00e9 Cypr\u00e8s de Leyland Smaragd ou Cypr\u00e8s persistant Smaragd, est un cultivar de thuya appartenant \u00e0 la famille des Cupressac\u00e9es, tr\u00e8s appr\u00e9ci\u00e9 pour sa forme conique et sa couleur vert vif, qui reste constante tout au long de l&rsquo;ann\u00e9e. Cette vari\u00e9t\u00e9 se distingue par sa forme compacte et \u00e9troite, ce qui la rend particuli\u00e8rement adapt\u00e9e aux haies, aux bordures verticales ou comme \u00e9l\u00e9ment d\u00e9coratif dans les jardins de petite et moyenne taille.<\/span> <span style=\"font-weight: 400;\">La plante a une croissance lente mais constante, ce qui lui permet d&rsquo;atteindre une hauteur de 4 \u00e0 6 m\u00e8tres et une largeur d&rsquo;environ 1,2 m\u00e8tre \u00e0 maturit\u00e9. Sa forme pyramidale et \u00e9troite le rend id\u00e9al pour cr\u00e9er des barri\u00e8res vertes hautes et \u00e9troites, mais il peut \u00e9galement \u00eatre utilis\u00e9 comme plante ornementale isol\u00e9e ou pour cr\u00e9er d&rsquo;\u00e9l\u00e9gants groupes verts. Les feuilles du Thuja occidentalis &lsquo;Smaragd&rsquo; sont d&rsquo;un vert profond et brillant, qui conserve sa vivacit\u00e9 tout au long de l&rsquo;ann\u00e9e, m\u00eame pendant les mois d&rsquo;hiver, lorsque de nombreux autres conif\u00e8res ont tendance \u00e0 se d\u00e9colorer ou \u00e0 jaunir. Cela le rend particuli\u00e8rement appr\u00e9ci\u00e9 pour son aspect d\u00e9coratif constant. Les feuilles, dispos\u00e9es en \u00e9cailles superpos\u00e9es, donnent \u00e0 la plante un aspect dense et compact, tr\u00e8s ordonn\u00e9, qui accentue son \u00e9l\u00e9gance. Le Thuja occidentalis &lsquo;Smaragd&rsquo; est une vari\u00e9t\u00e9 r\u00e9sistante et facile \u00e0 cultiver, qui s&rsquo;adapte bien \u00e0 une grande vari\u00e9t\u00e9 de sols, de pr\u00e9f\u00e9rence frais, bien drain\u00e9s et l\u00e9g\u00e8rement acides. C&rsquo;est une plante r\u00e9sistante au froid et peut supporter des temp\u00e9ratures allant jusqu&rsquo;\u00e0 -30 \u00b0C, ce qui la rend id\u00e9ale m\u00eame pour les climats plus rigoureux. De plus, il supporte bien la taille, ce qui permet de conserver la forme souhait\u00e9e tout en respectant sa croissance conique naturelle. Ce thuya pr\u00e9f\u00e8re une exposition en plein soleil ou \u00e0 l&rsquo;ombre l\u00e9g\u00e8re, mais pour obtenir une intensit\u00e9 maximale de la couleur de ses feuilles, il est pr\u00e9f\u00e9rable de le placer dans des zones ensoleill\u00e9es. Il ne n\u00e9cessite pas de soins particuliers, hormis un arrosage r\u00e9gulier en cas de s\u00e9cheresse prolong\u00e9e, surtout les premi\u00e8res ann\u00e9es de croissance. Il r\u00e9siste \u00e9galement bien \u00e0 la pollution atmosph\u00e9rique, ce qui le rend id\u00e9al pour les jardins urbains ou pour d\u00e9corer les zones r\u00e9sidentielles. Le Thuja occidentalis &lsquo;Smaragd&rsquo; est parfait pour cr\u00e9er des haies persistantes denses, des brise-vue, des \u00e9crans visuels ou pour ajouter une touche de verdure vibrante aux jardins formels, modernes ou paysagers. Sa croissance compacte et son beau feuillage en font un choix populaire pour la cr\u00e9ation de bordures verticales et d&rsquo;\u00e9crans naturels, ajoutant \u00e9l\u00e9gance et structure \u00e0 tout espace vert.<\/p>\n","protected":false},"excerpt":{"rendered":"<p>Thuja occidentalis &lsquo;Smaragd&rsquo;, commun\u00e9ment appel\u00e9 Cypr\u00e8s de Leyland Smaragd ou Cypr\u00e8s persistant Smaragd, est un cultivar de thuya appartenant \u00e0 la famille des Cupressac\u00e9es, tr\u00e8s appr\u00e9ci\u00e9 pour sa forme conique et sa couleur vert vif, qui reste constante tout au long de l&rsquo;ann\u00e9e. Cette vari\u00e9t\u00e9 se distingue par sa forme compacte et \u00e9troite, ce qui [&hellip;]<\/p>\n","protected":false},"featured_media":8029,"template":"","meta":{"_acf_changed":false},"product_brand":[],"product_cat":[134,169],"product_tag":[],"class_list":{"0":"post-14732","1":"product","2":"type-product","3":"status-publish","4":"has-post-thumbnail","6":"product_cat-plantes","7":"product_cat-mini-tige","8":"pa_forma-mini-tige","10":"first","11":"instock","12":"purchasable","13":"product-type-variable"},"acf":[],"_links":{"self":[{"href":"https:\/\/vivaiobaronti.com\/fr\/wp-json\/wp\/v2\/product\/14732","targetHints":{"allow":["GET"]}}],"collection":[{"href":"https:\/\/vivaiobaronti.com\/fr\/wp-json\/wp\/v2\/product"}],"about":[{"href":"https:\/\/vivaiobaronti.com\/fr\/wp-json\/wp\/v2\/types\/product"}],"wp:featuredmedia":[{"embeddable":true,"href":"https:\/\/vivaiobaronti.com\/fr\/wp-json\/wp\/v2\/media\/8029"}],"wp:attachment":[{"href":"https:\/\/vivaiobaronti.com\/fr\/wp-json\/wp\/v2\/media?parent=14732"}],"wp:term":[{"taxonomy":"product_brand","embeddable":true,"href":"https:\/\/vivaiobaronti.com\/fr\/wp-json\/wp\/v2\/product_brand?post=14732"},{"taxonomy":"product_cat","embeddable":true,"href":"https:\/\/vivaiobaronti.com\/fr\/wp-json\/wp\/v2\/product_cat?post=14732"},{"taxonomy":"product_tag","embeddable":true,"href":"https:\/\/vivaiobaronti.com\/fr\/wp-json\/wp\/v2\/product_tag?post=14732"}],"curies":[{"name":"wp","href":"https:\/\/api.w.org\/{rel}","templated":true}]}}