{"id":14688,"date":"2025-05-20T08:20:54","date_gmt":"2025-05-20T08:20:54","guid":{"rendered":"https:\/\/quizzical-davinci.89-31-73-59.plesk.page\/pianta\/prunus-lusitanica-breneliar-royalty\/"},"modified":"2025-07-24T08:50:18","modified_gmt":"2025-07-24T08:50:18","slug":"prunus-lusitanica-breneliar-royalty","status":"publish","type":"product","link":"https:\/\/vivaiobaronti.com\/fr\/pianta\/prunus-lusitanica-breneliar-royalty\/","title":{"rendered":"PRUNUS LUSITANICA BRENELIA(R-ROYALTY)"},"content":{"rendered":"<p>Prunus lusitanica \u00ab\u00a0Brenelia\u00a0\u00bb est une vari\u00e9t\u00e9 ornementale de laurier portugais, s\u00e9lectionn\u00e9e<br \/>\npour ses caract\u00e9ristiques d\u00e9coratives accentu\u00e9es et la structure compacte et r\u00e9guli\u00e8re de sa couronne. Persistant, r\u00e9sistant et polyvalent, ce cultivar repr\u00e9sente une alternative valable au laurier-cerise traditionnel pour la cr\u00e9ation de haies \u00e9l\u00e9gantes et denses, convenant aussi bien aux espaces priv\u00e9s qu&rsquo;aux espaces publics.<br \/>\nLes feuilles sont brillantes, ovales et coriaces, d&rsquo;un vert intense et profond, plus larges que celles de la vari\u00e9t\u00e9 Angustifolia, mais dispos\u00e9es de mani\u00e8re ordonn\u00e9e le long de branches souples et fines.<br \/>\nLes jeunes pousses et les branches les plus r\u00e9centes sont teint\u00e9es d&rsquo;une couleur rouge-bronze caract\u00e9ristique,<br \/>\ntr\u00e8s d\u00e9corative, qui contraste agr\u00e9ablement avec le vert vif des feuilles matures.<br \/>\nCet effet chromatique rend la plante int\u00e9ressante et dynamique pendant une bonne partie de l&rsquo;ann\u00e9e.<br \/>\n\u00c0 la fin du printemps ou au d\u00e9but de l&rsquo;\u00e9t\u00e9, \u00ab\u00a0Brenelia\u00a0\u00bb Produit des panicules dress\u00e9es de petites fleurs blanches parfum\u00e9es, tr\u00e8s appr\u00e9ci\u00e9es des insectes pollinisateurs. La floraison est abondante et visuellement remarquable. Elle peut \u00eatre suivie de l&rsquo;apparition de petites baies noires arrondies qui persistent longtemps sur la plante, ajoutant une touche d&rsquo;int\u00e9r\u00eat en automne et en hiver.<br \/>\nLa plante a une croissance relativement rapide et un port dense et ordonn\u00e9. En forme libre, elle peut facilement atteindre 3 \u00e0 4 m\u00e8tres de hauteur, mais elle se pr\u00eate \u00e9galement \u00e0 une taille r\u00e9guli\u00e8re, ce qui lui permet de former une haie compacte, avec une croissance ma\u00eetris\u00e9e m\u00eame en dessous de 2 m\u00e8tres. Sa tendance naturelle \u00e0 se ramifier d\u00e8s la base permet de former une barri\u00e8re v\u00e9g\u00e9tale uniforme et bien ferm\u00e9e.<br \/>\nPrunus lusitanica \u00ab\u00a0Brenelia\u00a0\u00bb s&rsquo;adapte \u00e0 une grande vari\u00e9t\u00e9 de sols, y compris argileux ou calcaires, \u00e0 condition qu&rsquo;ils soient bien drain\u00e9s. Il tol\u00e8re une exposition en plein soleil, mais se pla\u00eet \u00e9galement \u00e0 la mi-ombre. R\u00e9sistant au froid, au vent et \u00e0 la pollution urbaine, il constitue un choix fiable, m\u00eame dans des conditions environnementales difficiles. Une fois bien enracin\u00e9, il pr\u00e9sente \u00e9galement une bonne tol\u00e9rance \u00e0 la s\u00e9cheresse.<br \/>\nGr\u00e2ce \u00e0 sa beaut\u00e9 sobre, sa structure compacte et sa facilit\u00e9 de gestion, Prunus lusitanica \u00ab\u00a0Brenelia\u00a0\u00bb est une plante extr\u00eamement populaire pour la cr\u00e9ation de haies persistantes formelles ou informelles, d&rsquo;\u00e9l\u00e9gants \u00e9crans verts et de compositions paysag\u00e8res exigeant solidit\u00e9, couleur et durabilit\u00e9.<\/p>\n","protected":false},"excerpt":{"rendered":"<p>Prunus lusitanica \u00ab\u00a0Brenelia\u00a0\u00bb est une vari\u00e9t\u00e9 ornementale de laurier portugais, s\u00e9lectionn\u00e9e pour ses caract\u00e9ristiques d\u00e9coratives accentu\u00e9es et la structure compacte et r\u00e9guli\u00e8re de sa couronne. Persistant, r\u00e9sistant et polyvalent, ce cultivar repr\u00e9sente une alternative valable au laurier-cerise traditionnel pour la cr\u00e9ation de haies \u00e9l\u00e9gantes et denses, convenant aussi bien aux espaces priv\u00e9s qu&rsquo;aux espaces publics. [&hellip;]<\/p>\n","protected":false},"featured_media":8001,"template":"","meta":{"_acf_changed":false},"product_brand":[],"product_cat":[134,166],"product_tag":[],"class_list":{"0":"post-14688","1":"product","2":"type-product","3":"status-publish","4":"has-post-thumbnail","6":"product_cat-plantes","7":"product_cat-arbuste","8":"pa_forma-arbuste","10":"first","11":"instock","12":"purchasable","13":"product-type-variable"},"acf":[],"_links":{"self":[{"href":"https:\/\/vivaiobaronti.com\/fr\/wp-json\/wp\/v2\/product\/14688","targetHints":{"allow":["GET"]}}],"collection":[{"href":"https:\/\/vivaiobaronti.com\/fr\/wp-json\/wp\/v2\/product"}],"about":[{"href":"https:\/\/vivaiobaronti.com\/fr\/wp-json\/wp\/v2\/types\/product"}],"wp:featuredmedia":[{"embeddable":true,"href":"https:\/\/vivaiobaronti.com\/fr\/wp-json\/wp\/v2\/media\/8001"}],"wp:attachment":[{"href":"https:\/\/vivaiobaronti.com\/fr\/wp-json\/wp\/v2\/media?parent=14688"}],"wp:term":[{"taxonomy":"product_brand","embeddable":true,"href":"https:\/\/vivaiobaronti.com\/fr\/wp-json\/wp\/v2\/product_brand?post=14688"},{"taxonomy":"product_cat","embeddable":true,"href":"https:\/\/vivaiobaronti.com\/fr\/wp-json\/wp\/v2\/product_cat?post=14688"},{"taxonomy":"product_tag","embeddable":true,"href":"https:\/\/vivaiobaronti.com\/fr\/wp-json\/wp\/v2\/product_tag?post=14688"}],"curies":[{"name":"wp","href":"https:\/\/api.w.org\/{rel}","templated":true}]}}