{"id":14426,"date":"2025-05-20T08:20:54","date_gmt":"2025-05-20T08:20:54","guid":{"rendered":"https:\/\/quizzical-davinci.89-31-73-59.plesk.page\/pianta\/prunus-laurocerasus-novital\/"},"modified":"2025-07-24T08:50:18","modified_gmt":"2025-07-24T08:50:18","slug":"prunus-laurocerasus-novital","status":"publish","type":"product","link":"https:\/\/vivaiobaronti.com\/fr\/pianta\/prunus-laurocerasus-novital\/","title":{"rendered":"PRUNUS LAUROCERASUS NOVITAL"},"content":{"rendered":"<p>Prunus laurocerasus \u00ab\u00a0Novita\u00a0\u00bb est un cultivar moderne et particuli\u00e8rement vigoureux du laurier-cerise commun, s\u00e9lectionn\u00e9 pour sa r\u00e9sistance, sa croissance rapide et son feuillage d\u00e9coratif, dense et brillant. Cette vari\u00e9t\u00e9 persistante est largement utilis\u00e9e pour la formation de haies hautes et de paravents, gr\u00e2ce \u00e0 sa capacit\u00e9 \u00e0 se d\u00e9velopper rapidement et \u00e0 maintenir une couverture dense tout au long de l&rsquo;ann\u00e9e.<br \/>\nLes feuilles de \u00ab\u00a0Novita\u00a0\u00bb sont grandes, coriaces, ovales et d&rsquo;un vert intense et lumineux, avec une surface brillante qui refl\u00e8te la lumi\u00e8re et conf\u00e8re \u00e0 la plante un aspect net et compact.<br \/>\nLe feuillage est dense d\u00e8s la base, une qualit\u00e9 qui le rend id\u00e9al pour une utilisation comme barri\u00e8re visuelle ou brise-vent. Cette vari\u00e9t\u00e9 se distingue par sa grande tol\u00e9rance aux basses temp\u00e9ratures, sup\u00e9rieure \u00e0 celle des autres s\u00e9lections de laurier-cerise, ce qui la rend adapt\u00e9e m\u00eame aux r\u00e9gions aux hivers froids.<br \/>\nAu printemps, Prunus laurocerasus \u00ab\u00a0Novita\u00a0\u00bb produit des inflorescences en \u00e9pis dress\u00e9s,<br \/>\ncompos\u00e9es de petites fleurs blanches parfum\u00e9es, tr\u00e8s appr\u00e9ci\u00e9es des abeilles et autres insectes pollinisateurs. En \u00e9t\u00e9, de petites drupes noir-violet peuvent se former,<br \/>\nnon comestibles pour l&rsquo;homme mais appr\u00e9ci\u00e9es par la faune.<br \/>\nLa plante a une croissance rapide et vigoureuse, atteignant une hauteur pouvant d\u00e9passer 3\u00a0m\u00e8tres si elle n&rsquo;est pas ma\u00eetris\u00e9e par la taille. Gr\u00e2ce \u00e0 sa structure robuste et \u00e0 sa capacit\u00e9 \u00e0 renouveler facilement la v\u00e9g\u00e9tation, elle tol\u00e8re m\u00eame des tailles drastiques,<br \/>\nune caract\u00e9ristique qui la rend particuli\u00e8rement adapt\u00e9e \u00e0 la gestion des haies formelles.<br \/>\nPrunus laurocerasus \u00ab\u00a0Novita\u00a0\u00bb s&rsquo;adapte \u00e0 une grande vari\u00e9t\u00e9 de sols, m\u00eame calcaires ou argileux, \u00e0 condition qu&rsquo;ils soient bien drain\u00e9s. Il pr\u00e9f\u00e8re une exposition en plein soleil ou \u00e0 mi-ombre, mais pousse \u00e9galement bien \u00e0 mi-ombre, ce qui \u00e9largit consid\u00e9rablement ses possibilit\u00e9s d&rsquo;utilisation. R\u00e9sistant au vent, \u00e0 la pollution urbaine et \u00e0 la s\u00e9cheresse une fois bien enracin\u00e9, il est id\u00e9al aussi bien en milieu urbain que dans les jardins priv\u00e9s en milieu rural. Gr\u00e2ce \u00e0 sa r\u00e9sistance, son feuillage d\u00e9coratif et son effet brise-vue, le Prunus laurocerasus \u00ab\u00a0Novita\u00a0\u00bb repr\u00e9sente une solution pratique et \u00e9l\u00e9gante pour ceux qui recherchent une haie persistante, dense et facile d&rsquo;entretien, alliant fonctionnalit\u00e9 et esth\u00e9tique.<\/p>\n","protected":false},"excerpt":{"rendered":"<p>Prunus laurocerasus \u00ab\u00a0Novita\u00a0\u00bb est un cultivar moderne et particuli\u00e8rement vigoureux du laurier-cerise commun, s\u00e9lectionn\u00e9 pour sa r\u00e9sistance, sa croissance rapide et son feuillage d\u00e9coratif, dense et brillant. Cette vari\u00e9t\u00e9 persistante est largement utilis\u00e9e pour la formation de haies hautes et de paravents, gr\u00e2ce \u00e0 sa capacit\u00e9 \u00e0 se d\u00e9velopper rapidement et \u00e0 maintenir une couverture [&hellip;]<\/p>\n","protected":false},"featured_media":7867,"template":"","meta":{"_acf_changed":false},"product_brand":[],"product_cat":[134,166],"product_tag":[],"class_list":{"0":"post-14426","1":"product","2":"type-product","3":"status-publish","4":"has-post-thumbnail","6":"product_cat-plantes","7":"product_cat-arbuste","8":"pa_forma-arbuste","10":"first","11":"instock","12":"purchasable","13":"product-type-variable"},"acf":[],"_links":{"self":[{"href":"https:\/\/vivaiobaronti.com\/fr\/wp-json\/wp\/v2\/product\/14426","targetHints":{"allow":["GET"]}}],"collection":[{"href":"https:\/\/vivaiobaronti.com\/fr\/wp-json\/wp\/v2\/product"}],"about":[{"href":"https:\/\/vivaiobaronti.com\/fr\/wp-json\/wp\/v2\/types\/product"}],"wp:featuredmedia":[{"embeddable":true,"href":"https:\/\/vivaiobaronti.com\/fr\/wp-json\/wp\/v2\/media\/7867"}],"wp:attachment":[{"href":"https:\/\/vivaiobaronti.com\/fr\/wp-json\/wp\/v2\/media?parent=14426"}],"wp:term":[{"taxonomy":"product_brand","embeddable":true,"href":"https:\/\/vivaiobaronti.com\/fr\/wp-json\/wp\/v2\/product_brand?post=14426"},{"taxonomy":"product_cat","embeddable":true,"href":"https:\/\/vivaiobaronti.com\/fr\/wp-json\/wp\/v2\/product_cat?post=14426"},{"taxonomy":"product_tag","embeddable":true,"href":"https:\/\/vivaiobaronti.com\/fr\/wp-json\/wp\/v2\/product_tag?post=14426"}],"curies":[{"name":"wp","href":"https:\/\/api.w.org\/{rel}","templated":true}]}}