{"id":14408,"date":"2025-05-20T08:20:54","date_gmt":"2025-05-20T08:20:54","guid":{"rendered":"https:\/\/quizzical-davinci.89-31-73-59.plesk.page\/pianta\/pittosporum-tobira-nanum\/"},"modified":"2025-07-24T08:50:18","modified_gmt":"2025-07-24T08:50:18","slug":"pittosporum-tobira-nanum","status":"publish","type":"product","link":"https:\/\/vivaiobaronti.com\/fr\/pianta\/pittosporum-tobira-nanum\/","title":{"rendered":"PITTOSPORUM TOBIRA \u00ab\u00a0NANUM\u00a0\u00bb"},"content":{"rendered":"<p><span style=\"font-weight: 400\">Pittosporum tobira &lsquo;Nanum&rsquo; est une vari\u00e9t\u00e9 naine du Pittosporum tobira, plus connu, s\u00e9lectionn\u00e9e pour son port compact et soign\u00e9 et la beaut\u00e9 sobre de son feuillage. C&rsquo;est une plante persistante \u00e0 croissance lente, id\u00e9ale pour la formation de bordures basses, de haies formelles ou comme plante ornementale en pot. Son caract\u00e8re contenu et facile \u00e0 g\u00e9rer la rend particuli\u00e8rement adapt\u00e9e aux contextes architecturaux ou aux jardins au design r\u00e9gulier.<\/span> <span style=\"font-weight: 400\">Le feuillage est compos\u00e9 de feuilles ovales, coriaces, brillantes et d&rsquo;un vert vif, l\u00e9g\u00e8rement plus petites que celles de l&rsquo;esp\u00e8ce typique. Les feuilles sont dispos\u00e9es de mani\u00e8re dense le long des branches, contribuant \u00e0 la structure dense et compacte de la plante, qui a tendance \u00e0 se d\u00e9velopper de mani\u00e8re naturellement arrondie. M\u00eame sans taille fr\u00e9quente, &lsquo;Nanum&rsquo; conserve une forme nette et agr\u00e9ablement g\u00e9om\u00e9trique, une qualit\u00e9 tr\u00e8s appr\u00e9ci\u00e9e dans les jardins formels ou minimalistes.<\/span> <span style=\"font-weight: 400\">La floraison a lieu au printemps, avec de petites fleurs blanches parfum\u00e9es, rassembl\u00e9es en petites grappes. Les fleurs rappellent le parfum des agrumes et, bien que peu voyantes, ajoutent une note agr\u00e9able et discr\u00e8te \u00e0 la plante pendant la p\u00e9riode printani\u00e8re. Dans les mois qui suivent la floraison, de petits fruits arrondis peuvent appara\u00eetre, persistant longtemps, mais restant en arri\u00e8re-plan par rapport \u00e0 la valeur ornementale du feuillage.<\/span> <span style=\"font-weight: 400\">Pittosporum tobira &lsquo;Nanum&rsquo; atteint g\u00e9n\u00e9ralement une hauteur comprise entre 60 et 80 cm, avec un d\u00e9veloppement similaire en largeur, conservant des proportions \u00e9quilibr\u00e9es. C&rsquo;est un excellent choix pour cr\u00e9er des bordures ou des haies basses, notamment dans les endroits o\u00f9 l&rsquo;on souhaite un effet soign\u00e9 et ordonn\u00e9 sans interventions fr\u00e9quentes. <span style=\"font-weight: 400\">Cette vari\u00e9t\u00e9 est extr\u00eamement adaptable et rustique. Elle tol\u00e8re une exposition directe au soleil comme \u00e0 la mi-ombre, et s&rsquo;adapte facilement \u00e0 diff\u00e9rents types de sols, \u00e0 condition qu&rsquo;ils soient bien drain\u00e9s. Elle pr\u00e9sente une bonne r\u00e9sistance \u00e0 la s\u00e9cheresse une fois bien enracin\u00e9e, et se comporte \u00e9galement bien en milieu c\u00f4tier gr\u00e2ce \u00e0 sa tol\u00e9rance \u00e0 la salinit\u00e9. Dans les r\u00e9gions aux hivers rigoureux, il est conseill\u00e9 de lui assurer une exposition abrit\u00e9e ou de la cultiver en pot.<\/span> <span style=\"font-weight: 400\">Gr\u00e2ce \u00e0 son port compact, sa r\u00e9sistance aux conditions difficiles et sa facilit\u00e9 de gestion, le Pittosporum tobira &lsquo;Nanum&rsquo; est une plante extr\u00eamement polyvalente, adapt\u00e9e aussi bien aux projets d&rsquo;am\u00e9nagement paysager contemporains qu&rsquo;aux jardins classiques ou m\u00e9diterran\u00e9ens.<\/span><\/p>\n","protected":false},"excerpt":{"rendered":"<p>Pittosporum tobira &lsquo;Nanum&rsquo; est une vari\u00e9t\u00e9 naine du Pittosporum tobira, plus connu, s\u00e9lectionn\u00e9e pour son port compact et soign\u00e9 et la beaut\u00e9 sobre de son feuillage. C&rsquo;est une plante persistante \u00e0 croissance lente, id\u00e9ale pour la formation de bordures basses, de haies formelles ou comme plante ornementale en pot. Son caract\u00e8re contenu et facile \u00e0 [&hellip;]<\/p>\n","protected":false},"featured_media":7857,"template":"","meta":{"_acf_changed":false},"product_brand":[],"product_cat":[134,166],"product_tag":[],"class_list":{"0":"post-14408","1":"product","2":"type-product","3":"status-publish","4":"has-post-thumbnail","6":"product_cat-plantes","7":"product_cat-arbuste","8":"pa_forma-arbuste","10":"first","11":"instock","12":"purchasable","13":"product-type-variable"},"acf":[],"_links":{"self":[{"href":"https:\/\/vivaiobaronti.com\/fr\/wp-json\/wp\/v2\/product\/14408","targetHints":{"allow":["GET"]}}],"collection":[{"href":"https:\/\/vivaiobaronti.com\/fr\/wp-json\/wp\/v2\/product"}],"about":[{"href":"https:\/\/vivaiobaronti.com\/fr\/wp-json\/wp\/v2\/types\/product"}],"wp:featuredmedia":[{"embeddable":true,"href":"https:\/\/vivaiobaronti.com\/fr\/wp-json\/wp\/v2\/media\/7857"}],"wp:attachment":[{"href":"https:\/\/vivaiobaronti.com\/fr\/wp-json\/wp\/v2\/media?parent=14408"}],"wp:term":[{"taxonomy":"product_brand","embeddable":true,"href":"https:\/\/vivaiobaronti.com\/fr\/wp-json\/wp\/v2\/product_brand?post=14408"},{"taxonomy":"product_cat","embeddable":true,"href":"https:\/\/vivaiobaronti.com\/fr\/wp-json\/wp\/v2\/product_cat?post=14408"},{"taxonomy":"product_tag","embeddable":true,"href":"https:\/\/vivaiobaronti.com\/fr\/wp-json\/wp\/v2\/product_tag?post=14408"}],"curies":[{"name":"wp","href":"https:\/\/api.w.org\/{rel}","templated":true}]}}