{"id":14341,"date":"2025-05-20T08:20:54","date_gmt":"2025-05-20T08:20:54","guid":{"rendered":"https:\/\/quizzical-davinci.89-31-73-59.plesk.page\/pianta\/photinia-x-fraseri-robusta-compacta\/"},"modified":"2025-07-24T08:50:18","modified_gmt":"2025-07-24T08:50:18","slug":"photinia-x-fraseri-robusta-compacta","status":"publish","type":"product","link":"https:\/\/vivaiobaronti.com\/fr\/pianta\/photinia-x-fraseri-robusta-compacta\/","title":{"rendered":"PHOTINIA X FRASERI ROBUSTA COMPACTA"},"content":{"rendered":"<p>Photinia x fraseri &lsquo;Robusta Compacta&rsquo; est un cultivar persistant d&rsquo;origine hybride, s\u00e9lectionn\u00e9 pour sa forme soign\u00e9e, sa structure compacte et l&rsquo;intensit\u00e9 chromatique de son jeune feuillage. Cette vari\u00e9t\u00e9 est particuli\u00e8rement adapt\u00e9e \u00e0 la formation de haies denses et formelles, mais elle est tout aussi efficace comme plante ornementale isol\u00e9e ou dans des compositions paysag\u00e8res de taille moyenne. Le feuillage, \u00e9l\u00e9ment distinctif de cette vari\u00e9t\u00e9, est compos\u00e9 de feuilles lanc\u00e9ol\u00e9es, coriaces et brillantes, vert fonc\u00e9 \u00e0 l&rsquo;\u00e2ge adulte. Les nouvelles pousses \u00e9mergent dans des tons rouges vifs et tr\u00e8s vifs, qui cr\u00e9ent un contraste spectaculaire avec le vert profond de la v\u00e9g\u00e9tation mature. Cette caract\u00e9ristique chromatique se renouvelle plusieurs fois par an, surtout apr\u00e8s une taille l\u00e9g\u00e8re, ce qui rend la plante d\u00e9corative pendant de longues p\u00e9riodes. &lsquo;Robusta Compacta&rsquo; se d\u00e9veloppe de mani\u00e8re ordonn\u00e9e et sym\u00e9trique, avec une croissance lente et contr\u00f4l\u00e9e qui la distingue du Photinia &lsquo;Red Robin&rsquo;, plus vigoureux. Elle atteint une hauteur moyenne d&rsquo;environ 1,5 \u00e0 2 m\u00e8tres, avec un d\u00e9veloppement proportionnel en largeur, une qualit\u00e9 qui la rend id\u00e9ale pour ceux qui recherchent une haie compacte, n\u00e9cessitant peu d&rsquo;entretien et une apparence toujours soign\u00e9e. Son port naturellement dense r\u00e9duit le besoin de tailles fr\u00e9quentes. &lsquo;Au printemps, la plante peut produire des inflorescences panicul\u00e9es compos\u00e9es de petites fleurs blanches, qui ajoutent un \u00e9l\u00e9ment d&rsquo;int\u00e9r\u00eat discret mais agr\u00e9able. Bien que la floraison ne soit pas l&rsquo;\u00e9l\u00e9ment d\u00e9coratif principal, elle contribue \u00e0 enrichir l&rsquo;apparence de la plante pendant cette phase saisonni\u00e8re. Dans certains cas, la floraison peut \u00eatre suivie de l&rsquo;apparition de baies rouges. Photinia x fraseri &lsquo;Robusta Compacta&rsquo; est une plante rustique et polyvalente. Elle tol\u00e8re une vari\u00e9t\u00e9 de sols, \u00e0 condition qu&rsquo;ils soient bien drain\u00e9s, et pousse mieux dans des emplacements ensoleill\u00e9s ou semi-ombrag\u00e9s. Une fois \u00e9tablie, elle tol\u00e8re la s\u00e9cheresse et s&rsquo;adapte bien aux conditions venteuses ou salines, ce qui la rend id\u00e9ale pour les jardins c\u00f4tiers. Elle est \u00e9galement assez rustique au gel, bien que dans les r\u00e9gions sujettes \u00e0 de fortes gel\u00e9es, il puisse \u00eatre utile de la prot\u00e9ger les premi\u00e8res ann\u00e9es de plantation. Gr\u00e2ce \u00e0 sa compacit\u00e9, son beau feuillage et sa facilit\u00e9 de croissance, Photinia x fraseri &lsquo;Robusta Compacta&rsquo; est un excellent choix pour ceux qui recherchent une haie \u00e9l\u00e9gante et fonctionnelle, ou une plante d\u00e9corative pour les jardins \u00e0 la fran\u00e7aise et les espaces paysagers n\u00e9cessitant peu d&rsquo;entretien.<\/p>\n","protected":false},"excerpt":{"rendered":"<p>Photinia x fraseri &lsquo;Robusta Compacta&rsquo; est un cultivar persistant d&rsquo;origine hybride, s\u00e9lectionn\u00e9 pour sa forme soign\u00e9e, sa structure compacte et l&rsquo;intensit\u00e9 chromatique de son jeune feuillage. Cette vari\u00e9t\u00e9 est particuli\u00e8rement adapt\u00e9e \u00e0 la formation de haies denses et formelles, mais elle est tout aussi efficace comme plante ornementale isol\u00e9e ou dans des compositions paysag\u00e8res de [&hellip;]<\/p>\n","protected":false},"featured_media":7822,"template":"","meta":{"_acf_changed":false},"product_brand":[],"product_cat":[134,169,167],"product_tag":[],"class_list":{"0":"post-14341","1":"product","2":"type-product","3":"status-publish","4":"has-post-thumbnail","6":"product_cat-plantes","7":"product_cat-mini-tige","8":"product_cat-demi-tige","9":"pa_forma-cespuglio","10":"pa_forma-demi-tige","11":"pa_forma-mini-tige","12":"pa_forma-piramide","14":"first","15":"instock","16":"purchasable","17":"product-type-variable"},"acf":[],"_links":{"self":[{"href":"https:\/\/vivaiobaronti.com\/fr\/wp-json\/wp\/v2\/product\/14341","targetHints":{"allow":["GET"]}}],"collection":[{"href":"https:\/\/vivaiobaronti.com\/fr\/wp-json\/wp\/v2\/product"}],"about":[{"href":"https:\/\/vivaiobaronti.com\/fr\/wp-json\/wp\/v2\/types\/product"}],"wp:featuredmedia":[{"embeddable":true,"href":"https:\/\/vivaiobaronti.com\/fr\/wp-json\/wp\/v2\/media\/7822"}],"wp:attachment":[{"href":"https:\/\/vivaiobaronti.com\/fr\/wp-json\/wp\/v2\/media?parent=14341"}],"wp:term":[{"taxonomy":"product_brand","embeddable":true,"href":"https:\/\/vivaiobaronti.com\/fr\/wp-json\/wp\/v2\/product_brand?post=14341"},{"taxonomy":"product_cat","embeddable":true,"href":"https:\/\/vivaiobaronti.com\/fr\/wp-json\/wp\/v2\/product_cat?post=14341"},{"taxonomy":"product_tag","embeddable":true,"href":"https:\/\/vivaiobaronti.com\/fr\/wp-json\/wp\/v2\/product_tag?post=14341"}],"curies":[{"name":"wp","href":"https:\/\/api.w.org\/{rel}","templated":true}]}}