{"id":13988,"date":"2025-05-20T08:20:48","date_gmt":"2025-05-20T08:20:48","guid":{"rendered":"https:\/\/quizzical-davinci.89-31-73-59.plesk.page\/pianta\/photinia-x-fraseri-little-red-robin\/"},"modified":"2025-10-02T08:41:36","modified_gmt":"2025-10-02T08:41:36","slug":"photinia-x-fraseri-little-red-robin","status":"publish","type":"product","link":"https:\/\/vivaiobaronti.com\/fr\/pianta\/photinia-x-fraseri-little-red-robin\/","title":{"rendered":"PHOTINIA X FRASERI LITTLE RED ROBIN"},"content":{"rendered":"<p><span style=\"font-weight: 400;\">Photinia x fraseri &lsquo;Little Red Robin&rsquo; est une vari\u00e9t\u00e9 compacte et rustique de Photinia qui se distingue par sa beaut\u00e9 d\u00e9corative et sa capacit\u00e9 \u00e0 offrir une croissance abondante de nouvelles feuilles rouges. Ce cultivar est parfait pour ceux qui recherchent une plante facile d&rsquo;entretien qui ajoutera couleur et vitalit\u00e9 aux petits jardins, aux bordures, aux haies ou m\u00eame en pot.<\/span> <span style=\"font-weight: 400;\">Les feuilles de &lsquo;Little Red Robin&rsquo; sont lanc\u00e9ol\u00e9es et brillantes, avec une incroyable couleur rouge vif qui appara\u00eet sur les nouvelles pousses. Avec le temps, le rouge vire progressivement au vert fonc\u00e9, cr\u00e9ant un contraste attrayant et dynamique qui dure toute la saison de croissance. La plante est appr\u00e9ci\u00e9e pour sa capacit\u00e9 \u00e0 produire une floraison continue de nouvelles pousses rouges, offrant un spectacle color\u00e9 du printemps \u00e0 l&rsquo;automne.<\/span> <span style=\"font-weight: 400;\">Avec son port compact et arrondi, le Photinia &lsquo;Little Red Robin&rsquo; atteint une hauteur d&rsquo;environ 1,2 \u00e0 1,5 m\u00e8tre et une largeur de 1 \u00e0 1,5 m\u00e8tre, ce qui le rend id\u00e9al pour les petits jardins ou pour une utilisation dans des bordures mixtes et des haies basses. Sa forme dense et compacte est parfaite pour cr\u00e9er des haies informelles ou pour une plantation en groupe pour un impact visuel plus fort.<\/span> <span style=\"font-weight: 400;\">La floraison a lieu au printemps, avec de petites fleurs blanches regroup\u00e9es en panicules. Bien que les fleurs ne soient pas l&rsquo;\u00e9l\u00e9ment d\u00e9coratif principal, elles apportent une agr\u00e9able touche de fra\u00eecheur au jardin, attirant les abeilles et autres insectes pollinisateurs. La floraison, ainsi que la couleur des nouvelles pousses, rendent cette vari\u00e9t\u00e9 particuli\u00e8rement int\u00e9ressante tout au long du cycle saisonnier. Photinia x fraseri &lsquo;Little Red Robin&rsquo; est une plante facile \u00e0 cultiver et \u00e0 entretenir. Adapt\u00e9 aux sols bien drain\u00e9s et privil\u00e9giant une exposition ensoleill\u00e9e ou semi-ombrag\u00e9e, ce cultivar r\u00e9siste au vent et au sel, ce qui le rend parfait pour les jardins c\u00f4tiers et les environnements venteux. Bien qu&rsquo;il tol\u00e8re les climats plus froids, dans les r\u00e9gions o\u00f9 les gel\u00e9es sont tr\u00e8s fortes, il est conseill\u00e9 de le prot\u00e9ger pendant l&rsquo;hiver ou de le planter dans un emplacement plus abrit\u00e9. Gr\u00e2ce \u00e0 sa rusticit\u00e9, \u00e0 la couleur vive de ses nouvelles feuilles et \u00e0 sa facilit\u00e9 de croissance, Photinia x fraseri &lsquo;Little Red Robin&rsquo; est un choix id\u00e9al pour ceux qui recherchent une plante ornementale qui ajoute de la couleur et de l&rsquo;int\u00e9r\u00eat tout au long de l&rsquo;ann\u00e9e, sans n\u00e9cessiter beaucoup d&rsquo;entretien.<\/p>\n","protected":false},"excerpt":{"rendered":"<p>Photinia x fraseri &lsquo;Little Red Robin&rsquo; est une vari\u00e9t\u00e9 compacte et rustique de Photinia qui se distingue par sa beaut\u00e9 d\u00e9corative et sa capacit\u00e9 \u00e0 offrir une croissance abondante de nouvelles feuilles rouges. Ce cultivar est parfait pour ceux qui recherchent une plante facile d&rsquo;entretien qui ajoutera couleur et vitalit\u00e9 aux petits jardins, aux bordures, [&hellip;]<\/p>\n","protected":false},"featured_media":7452,"template":"","meta":{"_acf_changed":false},"product_brand":[],"product_cat":[134,166,167],"product_tag":[],"class_list":{"0":"post-13988","1":"product","2":"type-product","3":"status-publish","4":"has-post-thumbnail","6":"product_cat-plantes","7":"product_cat-arbuste","8":"product_cat-demi-tige","9":"pa_forma-arbuste","10":"pa_forma-demi-tige","12":"first","13":"instock","14":"purchasable","15":"product-type-variable"},"acf":[],"_links":{"self":[{"href":"https:\/\/vivaiobaronti.com\/fr\/wp-json\/wp\/v2\/product\/13988","targetHints":{"allow":["GET"]}}],"collection":[{"href":"https:\/\/vivaiobaronti.com\/fr\/wp-json\/wp\/v2\/product"}],"about":[{"href":"https:\/\/vivaiobaronti.com\/fr\/wp-json\/wp\/v2\/types\/product"}],"wp:featuredmedia":[{"embeddable":true,"href":"https:\/\/vivaiobaronti.com\/fr\/wp-json\/wp\/v2\/media\/7452"}],"wp:attachment":[{"href":"https:\/\/vivaiobaronti.com\/fr\/wp-json\/wp\/v2\/media?parent=13988"}],"wp:term":[{"taxonomy":"product_brand","embeddable":true,"href":"https:\/\/vivaiobaronti.com\/fr\/wp-json\/wp\/v2\/product_brand?post=13988"},{"taxonomy":"product_cat","embeddable":true,"href":"https:\/\/vivaiobaronti.com\/fr\/wp-json\/wp\/v2\/product_cat?post=13988"},{"taxonomy":"product_tag","embeddable":true,"href":"https:\/\/vivaiobaronti.com\/fr\/wp-json\/wp\/v2\/product_tag?post=13988"}],"curies":[{"name":"wp","href":"https:\/\/api.w.org\/{rel}","templated":true}]}}