{"id":13626,"date":"2025-05-20T08:20:34","date_gmt":"2025-05-20T08:20:34","guid":{"rendered":"https:\/\/quizzical-davinci.89-31-73-59.plesk.page\/pianta\/photinia-fraseri-magical-volcano-r-royalty\/"},"modified":"2025-07-24T08:49:55","modified_gmt":"2025-07-24T08:49:55","slug":"photinia-fraseri-magical-volcano-r-royalty","status":"publish","type":"product","link":"https:\/\/vivaiobaronti.com\/fr\/pianta\/photinia-fraseri-magical-volcano-r-royalty\/","title":{"rendered":"PHOTINIA FRASERI MAGICAL VOLCANO (R-ROYALTY)"},"content":{"rendered":"<p>Photinia x fraseri \u00ab\u00a0Magical Volcano\u00a0\u00bb est une vari\u00e9t\u00e9 de Photinia qui se distingue par son extraordinaire beaut\u00e9 et sa croissance compacte, id\u00e9ale pour ceux qui recherchent une plante ornementale \u00e0 fort impact visuel. Ce cultivar est appr\u00e9ci\u00e9 pour son feuillage d\u00e9coratif, qui varie du rouge vif de la jeune plante au vert fonc\u00e9 des feuilles matures, cr\u00e9ant un contraste fascinant et dynamique.<\/p>\n<p>Les feuilles de \u00ab\u00a0Magical Volcano\u00a0\u00bb sont lanc\u00e9ol\u00e9es, brillantes et coriaces, avec une coloration extraordinaire qui passe du rouge intense des nouvelles pousses au vert fonc\u00e9 des feuilles adultes. Cette transition de couleur, qui se produit au cours de la saison, rend la plante particuli\u00e8rement int\u00e9ressante d&rsquo;un point de vue esth\u00e9tique. Son port dress\u00e9 et compact, bien d\u00e9fini, en fait une plante id\u00e9ale pour cr\u00e9er des haies nettes ou comme \u00e9l\u00e9ment d\u00e9coratif dans le jardin. La vari\u00e9t\u00e9 \u00ab\u00a0Volcan Magique\u00a0\u00bb a une croissance compacte, atteignant environ 1,5 \u00e0 2 m\u00e8tres de haut et environ 1 m\u00e8tre de large, ce qui la rend parfaite pour les petits jardins, les bordures ou m\u00eame comme plante en pot sur les terrasses et les balcons.<br \/>\nLa plante pousse relativement vite, avec de nouvelles pousses rouges apparaissant fr\u00e9quemment tout au long de la saison de croissance, contribuant \u00e0 un changement et un enrichissement continus du paysage.<br \/>\nLa floraison a lieu au printemps, avec de petites fleurs blanches regroup\u00e9es en inflorescences panicul\u00e9es. Bien que peu abondantes, les fleurs<br \/>\nconstituent un \u00e9l\u00e9ment d\u00e9coratif suppl\u00e9mentaire, apportant une touche de fra\u00eecheur au jardin et attirant les insectes pollinisateurs. La floraison est suivie de baies rouges qui, bien que n&rsquo;\u00e9tant pas l&rsquo;\u00e9l\u00e9ment principal, ajoutent une dimension suppl\u00e9mentaire \u00e0 la plante.<br \/>\nPhotinia x fraseri \u00ab\u00a0Volcan Magique\u00a0\u00bb C&rsquo;est une plante rustique et adaptable qui pousse bien dans un sol bien drain\u00e9 et en exposition ensoleill\u00e9e ou semi-ombrag\u00e9e. Ce cultivar est<br \/>\nparticuli\u00e8rement r\u00e9sistant au vent et au sel, ce qui le rend id\u00e9al pour les jardins c\u00f4tiers ou les zones expos\u00e9es au vent. Il est \u00e9galement rustique dans diverses conditions climatiques et supporte bien le froid. Cependant, dans les r\u00e9gions aux hivers particuli\u00e8rement rigoureux, il peut \u00eatre utile de le prot\u00e9ger ou de le planter \u00e0 l&rsquo;abri.<br \/>\nPour sa beaut\u00e9 esth\u00e9tique, sa facilit\u00e9 d&rsquo;entretien et sa capacit\u00e9 \u00e0 transformer n&rsquo;importe quel jardin en une \u0153uvre d&rsquo;art vivante, Photinia x fraseri \u00ab\u00a0Volcan Magique\u00a0\u00bb est un choix id\u00e9al pour ceux qui recherchent une plante d\u00e9corative, rustique et facile d&rsquo;entretien.<\/p>\n","protected":false},"excerpt":{"rendered":"<p>Photinia x fraseri \u00ab\u00a0Magical Volcano\u00a0\u00bb est une vari\u00e9t\u00e9 de Photinia qui se distingue par son extraordinaire beaut\u00e9 et sa croissance compacte, id\u00e9ale pour ceux qui recherchent une plante ornementale \u00e0 fort impact visuel. Ce cultivar est appr\u00e9ci\u00e9 pour son feuillage d\u00e9coratif, qui varie du rouge vif de la jeune plante au vert fonc\u00e9 des feuilles [&hellip;]<\/p>\n","protected":false},"featured_media":7349,"template":"","meta":{"_acf_changed":false},"product_brand":[],"product_cat":[169,134,166,167],"product_tag":[],"class_list":{"0":"post-13626","1":"product","2":"type-product","3":"status-publish","4":"has-post-thumbnail","6":"product_cat-mini-tige","7":"product_cat-plantes","8":"product_cat-arbuste","9":"product_cat-demi-tige","10":"pa_forma-arbuste","11":"pa_forma-demi-tige","12":"pa_forma-mini-tige","14":"first","15":"instock","16":"purchasable","17":"product-type-variable"},"acf":[],"_links":{"self":[{"href":"https:\/\/vivaiobaronti.com\/fr\/wp-json\/wp\/v2\/product\/13626","targetHints":{"allow":["GET"]}}],"collection":[{"href":"https:\/\/vivaiobaronti.com\/fr\/wp-json\/wp\/v2\/product"}],"about":[{"href":"https:\/\/vivaiobaronti.com\/fr\/wp-json\/wp\/v2\/types\/product"}],"wp:featuredmedia":[{"embeddable":true,"href":"https:\/\/vivaiobaronti.com\/fr\/wp-json\/wp\/v2\/media\/7349"}],"wp:attachment":[{"href":"https:\/\/vivaiobaronti.com\/fr\/wp-json\/wp\/v2\/media?parent=13626"}],"wp:term":[{"taxonomy":"product_brand","embeddable":true,"href":"https:\/\/vivaiobaronti.com\/fr\/wp-json\/wp\/v2\/product_brand?post=13626"},{"taxonomy":"product_cat","embeddable":true,"href":"https:\/\/vivaiobaronti.com\/fr\/wp-json\/wp\/v2\/product_cat?post=13626"},{"taxonomy":"product_tag","embeddable":true,"href":"https:\/\/vivaiobaronti.com\/fr\/wp-json\/wp\/v2\/product_tag?post=13626"}],"curies":[{"name":"wp","href":"https:\/\/api.w.org\/{rel}","templated":true}]}}