{"id":13560,"date":"2025-05-20T08:20:34","date_gmt":"2025-05-20T08:20:34","guid":{"rendered":"https:\/\/quizzical-davinci.89-31-73-59.plesk.page\/pianta\/photinia-fraseri-little-red-robin\/"},"modified":"2025-07-24T08:49:51","modified_gmt":"2025-07-24T08:49:51","slug":"photinia-fraseri-little-red-robin","status":"publish","type":"product","link":"https:\/\/vivaiobaronti.com\/fr\/pianta\/photinia-fraseri-little-red-robin\/","title":{"rendered":"PHOTINIA FRASERI LITTLE RED ROBIN"},"content":{"rendered":"<p>Photinia x fraseri \u00ab\u00a0Little Red Robin\u00a0\u00bb est une vari\u00e9t\u00e9 compacte et r\u00e9sistante de Photinia, qui se distingue par sa beaut\u00e9 d\u00e9corative et sa capacit\u00e9 \u00e0 offrir une abondante croissance de nouvelles feuilles rouges. Ce cultivar est id\u00e9al pour ceux qui recherchent une plante facile d&rsquo;entretien qui apporte couleur et vitalit\u00e9 aux petits jardins, aux bordures, aux haies ou m\u00eame en pot.<br \/>\nLes feuilles de \u00ab\u00a0Little Red Robin\u00a0\u00bb sont lanc\u00e9ol\u00e9es et brillantes, avec une incroyable couleur rouge vif qui appara\u00eet sur les nouvelles pousses. Au fil du temps, ce rouge vire progressivement au vert fonc\u00e9, cr\u00e9ant un contraste fascinant et dynamique qui perdure tout au long de la saison de croissance. Cette plante est appr\u00e9ci\u00e9e pour sa capacit\u00e9 \u00e0 offrir une floraison continue de nouvelles pousses rouges, offrant un spectacle color\u00e9 du printemps \u00e0 l&rsquo;automne.<br \/>\nAvec son port compact et arrondi, Photinia \u00ab\u00a0Little Red Robin\u00a0\u00bb Atteint une hauteur d&rsquo;environ 1,20 \u00e0 1,50 m\u00e8tre et une largeur de 1 \u00e0 1,50 m\u00e8tre, ce qui le rend id\u00e9al pour les petits jardins ou pour les bordures mixtes et les haies basses. Son port dense et compact est parfait pour cr\u00e9er des haies informelles ou pour les plantations en groupe, pour un impact visuel plus marqu\u00e9.<br \/>\nLa floraison a lieu au printemps, avec de petites fleurs blanches regroup\u00e9es en inflorescences panicul\u00e9es. Bien que les fleurs ne constituent pas l&rsquo;\u00e9l\u00e9ment d\u00e9coratif principal, elles apportent une agr\u00e9able touche de fra\u00eecheur au jardin, attirant les abeilles et autres insectes pollinisateurs. La floraison, ainsi que la couleur des nouvelles pousses, rendent cette vari\u00e9t\u00e9 particuli\u00e8rement int\u00e9ressante tout au long du cycle saisonnier.<br \/>\nPhotinia x fraseri \u00ab\u00a0Little Red Robin\u00a0\u00bb est une plante facile \u00e0 cultiver et \u00e0 entretenir. Adapt\u00e9 aux sols bien drain\u00e9s et aux expositions ensoleill\u00e9es ou semi-ombrag\u00e9es, ce cultivar r\u00e9siste au vent et au sel, ce qui le rend parfait pour les jardins c\u00f4tiers et les environnements venteux. Bien qu&rsquo;elle tol\u00e8re les climats plus froids, dans les r\u00e9gions tr\u00e8s r\u00e9sistantes au gel, il est conseill\u00e9 de la prot\u00e9ger pendant l&rsquo;hiver ou de la planter dans des endroits plus abrit\u00e9s.<br \/>\nGr\u00e2ce \u00e0 sa r\u00e9sistance, \u00e0 la couleur vive de ses nouvelles feuilles et \u00e0 sa facilit\u00e9 de culture, Photinia x fraseri \u00ab\u00a0Little Red Robin\u00a0\u00bb est un choix id\u00e9al pour ceux qui recherchent une plante ornementale qui apportera couleur et attrait tout au long de l&rsquo;ann\u00e9e, sans n\u00e9cessiter beaucoup d&rsquo;entretien.<\/p>\n","protected":false},"excerpt":{"rendered":"<p>Photinia x fraseri \u00ab\u00a0Little Red Robin\u00a0\u00bb est une vari\u00e9t\u00e9 compacte et r\u00e9sistante de Photinia, qui se distingue par sa beaut\u00e9 d\u00e9corative et sa capacit\u00e9 \u00e0 offrir une abondante croissance de nouvelles feuilles rouges. Ce cultivar est id\u00e9al pour ceux qui recherchent une plante facile d&rsquo;entretien qui apporte couleur et vitalit\u00e9 aux petits jardins, aux bordures, [&hellip;]<\/p>\n","protected":false},"featured_media":7315,"template":"","meta":{"_acf_changed":false},"product_brand":[],"product_cat":[134,166],"product_tag":[],"class_list":{"0":"post-13560","1":"product","2":"type-product","3":"status-publish","4":"has-post-thumbnail","6":"product_cat-plantes","7":"product_cat-arbuste","8":"pa_forma-arbuste","10":"first","11":"instock","12":"purchasable","13":"product-type-variable"},"acf":[],"_links":{"self":[{"href":"https:\/\/vivaiobaronti.com\/fr\/wp-json\/wp\/v2\/product\/13560","targetHints":{"allow":["GET"]}}],"collection":[{"href":"https:\/\/vivaiobaronti.com\/fr\/wp-json\/wp\/v2\/product"}],"about":[{"href":"https:\/\/vivaiobaronti.com\/fr\/wp-json\/wp\/v2\/types\/product"}],"wp:featuredmedia":[{"embeddable":true,"href":"https:\/\/vivaiobaronti.com\/fr\/wp-json\/wp\/v2\/media\/7315"}],"wp:attachment":[{"href":"https:\/\/vivaiobaronti.com\/fr\/wp-json\/wp\/v2\/media?parent=13560"}],"wp:term":[{"taxonomy":"product_brand","embeddable":true,"href":"https:\/\/vivaiobaronti.com\/fr\/wp-json\/wp\/v2\/product_brand?post=13560"},{"taxonomy":"product_cat","embeddable":true,"href":"https:\/\/vivaiobaronti.com\/fr\/wp-json\/wp\/v2\/product_cat?post=13560"},{"taxonomy":"product_tag","embeddable":true,"href":"https:\/\/vivaiobaronti.com\/fr\/wp-json\/wp\/v2\/product_tag?post=13560"}],"curies":[{"name":"wp","href":"https:\/\/api.w.org\/{rel}","templated":true}]}}