{"id":13478,"date":"2025-05-20T08:20:34","date_gmt":"2025-05-20T08:20:34","guid":{"rendered":"https:\/\/quizzical-davinci.89-31-73-59.plesk.page\/pianta\/photinia-frasei-red-robin\/"},"modified":"2025-07-24T08:49:48","modified_gmt":"2025-07-24T08:49:48","slug":"photinia-frasei-red-robin","status":"publish","type":"product","link":"https:\/\/vivaiobaronti.com\/fr\/pianta\/photinia-frasei-red-robin\/","title":{"rendered":"PHOTINIA FRASERI RED ROBIN"},"content":{"rendered":"<p>Photinia x fraseri &lsquo;Red Robin&rsquo; est un hybride persistant r\u00e9put\u00e9 pour sa beaut\u00e9 saisonni\u00e8re et sa capacit\u00e9 \u00e0 transformer un jardin en une explosion de couleurs. Cette vari\u00e9t\u00e9 est principalement appr\u00e9ci\u00e9e pour ses nouvelles pousses, d&rsquo;un rouge vif intense, virant progressivement au vert fonc\u00e9 \u00e0 mesure que les feuilles m\u00fbrissent. Cette plante est particuli\u00e8rement adapt\u00e9e aux jardins d&rsquo;ornement, aux haies et comme \u00e9l\u00e9ment d\u00e9coratif dans les bordures. Les feuilles de &lsquo;Red Robin&rsquo; sont lanc\u00e9ol\u00e9es, coriaces et brillantes, avec une fascinante transition de couleur qui les rend uniques\u00a0: le rouge vif des nouvelles pousses est le point fort, suivi du vert fonc\u00e9 et brillant des feuilles adultes. La plante conserve cet aspect d\u00e9coratif tout au long de la saison de croissance, ajoutant dynamisme et couleur au paysage. Sa croissance est dense et compacte, avec des branches qui se d\u00e9veloppent harmonieusement pour former une haie dense ou un sp\u00e9cimen unique particuli\u00e8rement pittoresque.<\/p>\n<p>Photinia x fraseri &lsquo;Red Robin&rsquo; peut atteindre une hauteur de 3\u00a0m\u00e8tres, avec une largeur variant entre 1,5 et 2\u00a0m\u00e8tres, en pleine croissance. Cela le rend id\u00e9al aussi bien pour cr\u00e9er des haies informelles que pour \u00eatre utilis\u00e9 en solitaire au jardin. Une taille r\u00e9guli\u00e8re peut \u00eatre pratiqu\u00e9e pour maintenir une forme plus compacte ou stimuler une croissance plus vigoureuse de nouvelles pousses rouges.<br \/>\nLa floraison, qui a lieu au printemps, est un autre aspect \u00e0 ne pas sous-estimer. &lsquo;Red Robin&rsquo; produit de petites fleurs blanches, regroup\u00e9es en inflorescences panicul\u00e9es, agr\u00e9ables pour leur parfum d\u00e9licat et attirant les insectes pollinisateurs. Bien que les fleurs ne soient pas l&rsquo;attrait principal de la plante, elles contribuent \u00e0 enrichir le printemps d&rsquo;une note de fra\u00eecheur.<br \/>\nPhotinia x fraseri &lsquo;Red Robin&rsquo; est une plante tr\u00e8s r\u00e9sistante, qui s&rsquo;adapte \u00e0 une grande vari\u00e9t\u00e9 de sols, \u00e0 condition qu&rsquo;ils soient bien drain\u00e9s. Elle pr\u00e9f\u00e8re une exposition ensoleill\u00e9e ou semi-ombrag\u00e9e, ce qui met en valeur la couleur rouge des nouvelles feuilles. R\u00e9sistante au vent et au sel, elle est parfaite pour les jardins c\u00f4tiers, mais elle pousse \u00e9galement bien \u00e0 l&rsquo;int\u00e9rieur des terres. Il supporte bien les gel\u00e9es l\u00e9g\u00e8res, mais dans les r\u00e9gions aux hivers rigoureux, il peut \u00eatre n\u00e9cessaire de le prot\u00e9ger ou de le planter dans un emplacement plus abrit\u00e9.<br \/>\nPar sa beaut\u00e9, sa facilit\u00e9 d&rsquo;entretien et sa capacit\u00e9 \u00e0 apporter de la couleur toute l&rsquo;ann\u00e9e, le Photinia x fraseri &lsquo;Red Robin&rsquo; est un choix id\u00e9al pour ceux qui cherchent \u00e0 ajouter une touche vivante et d\u00e9corative \u00e0 leur jardin, que ce soit en solitaire, en haie ou en composition plus vaste.<\/p>\n","protected":false},"excerpt":{"rendered":"<p>Photinia x fraseri &lsquo;Red Robin&rsquo; est un hybride persistant r\u00e9put\u00e9 pour sa beaut\u00e9 saisonni\u00e8re et sa capacit\u00e9 \u00e0 transformer un jardin en une explosion de couleurs. Cette vari\u00e9t\u00e9 est principalement appr\u00e9ci\u00e9e pour ses nouvelles pousses, d&rsquo;un rouge vif intense, virant progressivement au vert fonc\u00e9 \u00e0 mesure que les feuilles m\u00fbrissent. Cette plante est particuli\u00e8rement adapt\u00e9e [&hellip;]<\/p>\n","protected":false},"featured_media":7272,"template":"","meta":{"_acf_changed":false},"product_brand":[],"product_cat":[134,167],"product_tag":[],"class_list":{"0":"post-13478","1":"product","2":"type-product","3":"status-publish","4":"has-post-thumbnail","6":"product_cat-plantes","7":"product_cat-demi-tige","8":"pa_forma-demi-tige","10":"first","11":"instock","12":"purchasable","13":"product-type-variable"},"acf":[],"_links":{"self":[{"href":"https:\/\/vivaiobaronti.com\/fr\/wp-json\/wp\/v2\/product\/13478","targetHints":{"allow":["GET"]}}],"collection":[{"href":"https:\/\/vivaiobaronti.com\/fr\/wp-json\/wp\/v2\/product"}],"about":[{"href":"https:\/\/vivaiobaronti.com\/fr\/wp-json\/wp\/v2\/types\/product"}],"wp:featuredmedia":[{"embeddable":true,"href":"https:\/\/vivaiobaronti.com\/fr\/wp-json\/wp\/v2\/media\/7272"}],"wp:attachment":[{"href":"https:\/\/vivaiobaronti.com\/fr\/wp-json\/wp\/v2\/media?parent=13478"}],"wp:term":[{"taxonomy":"product_brand","embeddable":true,"href":"https:\/\/vivaiobaronti.com\/fr\/wp-json\/wp\/v2\/product_brand?post=13478"},{"taxonomy":"product_cat","embeddable":true,"href":"https:\/\/vivaiobaronti.com\/fr\/wp-json\/wp\/v2\/product_cat?post=13478"},{"taxonomy":"product_tag","embeddable":true,"href":"https:\/\/vivaiobaronti.com\/fr\/wp-json\/wp\/v2\/product_tag?post=13478"}],"curies":[{"name":"wp","href":"https:\/\/api.w.org\/{rel}","templated":true}]}}