{"id":13476,"date":"2025-05-20T08:20:34","date_gmt":"2025-05-20T08:20:34","guid":{"rendered":"https:\/\/quizzical-davinci.89-31-73-59.plesk.page\/pianta\/phormium-yellow-wave\/"},"modified":"2025-07-24T08:49:48","modified_gmt":"2025-07-24T08:49:48","slug":"phormium-yellow-wave","status":"publish","type":"product","link":"https:\/\/vivaiobaronti.com\/fr\/pianta\/phormium-yellow-wave\/","title":{"rendered":"PHORMIUM YELLOW WAVE"},"content":{"rendered":"<p><span style=\"font-weight: 400\">Le Phormium &lsquo;Yellow Wave&rsquo; est une vari\u00e9t\u00e9 de lin persistant originaire de Nouvelle-Z\u00e9lande qui se distingue par son feuillage unique, caract\u00e9ris\u00e9 par des rayures dor\u00e9es qui s&rsquo;entrelacent harmonieusement avec le vert intense, cr\u00e9ant un effet visuel dynamique et lumineux. Ce cultivar est id\u00e9al pour ceux qui recherchent une plante d\u00e9corative qui ajoute de la couleur et du mouvement aux jardins modernes, exotiques ou c\u00f4tiers.<\/span> <span style=\"font-weight: 400\">Les feuilles de &lsquo;Yellow Wave&rsquo; sont longues, en forme de ruban et l\u00e9g\u00e8rement arqu\u00e9es, dispos\u00e9es en \u00e9ventail en touffes luxuriantes. La panachure qui caract\u00e9rise cette vari\u00e9t\u00e9 est l&rsquo;une de ses caract\u00e9ristiques les plus fascinantes\u00a0: des bandes jaune dor\u00e9 alternent avec des stries vert plus fonc\u00e9, cr\u00e9ant un contraste d\u00e9licat mais saisissant. Le mouvement naturel des feuilles au vent accentue la beaut\u00e9 de cet effet, rendant la plante particuli\u00e8rement attrayante dans les grands jardins, le long des all\u00e9es ou comme plante en pot pour les terrasses et les balcons. Le Phormium &lsquo;Yellow Wave&rsquo; atteint g\u00e9n\u00e9ralement une hauteur de 1,2 \u00e0 1,5 m\u00e8tre, pour une largeur d&rsquo;environ 1 m\u00e8tre. Son port est dress\u00e9 et soign\u00e9, mais avec une apparence douce et fluide gr\u00e2ce \u00e0 la courbure des feuilles. La plante d\u00e9veloppe une architecture compacte et bien d\u00e9finie, id\u00e9ale pour cr\u00e9er une pr\u00e9sence pittoresque dans les jardins de petite ou moyenne taille. La floraison du &lsquo;Yellow Wave&rsquo; est rare et ne constitue pas la principale valeur ornementale de la plante. Si elle est pr\u00e9sente, elle a lieu en \u00e9t\u00e9, avec des tiges florales dress\u00e9es qui portent des inflorescences en forme d&rsquo;\u00e9pi, avec de petites fleurs tubulaires rouges ou orange. Bien que sa floraison ne soit pas abondante, le feuillage reste le point fort de ce cultivar, offrant couleur et int\u00e9r\u00eat visuel tout au long de l&rsquo;ann\u00e9e. Le Phormium &lsquo;Yellow Wave&rsquo; est rustique et facile \u00e0 cultiver. Adapt\u00e9 aux sols bien drain\u00e9s, il pr\u00e9f\u00e8re une exposition ensoleill\u00e9e ou semi-ombrag\u00e9e qui met en valeur l&rsquo;\u00e9clat de sa panachure jaune. R\u00e9sistant \u00e0 la s\u00e9cheresse, tol\u00e9rant le vent et le sel, il est parfait pour les jardins c\u00f4tiers ou les r\u00e9gions au climat chaud et sec. Bien que r\u00e9sistant au froid mod\u00e9r\u00e9, il est conseill\u00e9 de le prot\u00e9ger lors des gel\u00e9es prolong\u00e9es ou de le cultiver en pot, afin de pouvoir l&rsquo;abriter facilement pendant l&rsquo;hiver. Pour sa beaut\u00e9 exotique, sa r\u00e9sistance aux conditions environnementales difficiles et sa capacit\u00e9 \u00e0 ajouter une touche lumineuse et dynamique au paysage, le Phormium &lsquo;Yellow Wave&rsquo; est un excellent choix pour ceux qui recherchent une plante d\u00e9corative et facile d&rsquo;entretien, capable d&rsquo;apporter couleur et vitalit\u00e9 toute l&rsquo;ann\u00e9e.<\/p>\n","protected":false},"excerpt":{"rendered":"<p>Le Phormium &lsquo;Yellow Wave&rsquo; est une vari\u00e9t\u00e9 de lin persistant originaire de Nouvelle-Z\u00e9lande qui se distingue par son feuillage unique, caract\u00e9ris\u00e9 par des rayures dor\u00e9es qui s&rsquo;entrelacent harmonieusement avec le vert intense, cr\u00e9ant un effet visuel dynamique et lumineux. Ce cultivar est id\u00e9al pour ceux qui recherchent une plante d\u00e9corative qui ajoute de la couleur [&hellip;]<\/p>\n","protected":false},"featured_media":0,"template":"","meta":{"_acf_changed":false},"product_brand":[],"product_cat":[134,166],"product_tag":[],"class_list":{"0":"post-13476","1":"product","2":"type-product","3":"status-publish","5":"product_cat-plantes","6":"product_cat-arbuste","7":"pa_forma-arbuste","9":"first","10":"instock","11":"purchasable","12":"product-type-variable"},"acf":[],"_links":{"self":[{"href":"https:\/\/vivaiobaronti.com\/fr\/wp-json\/wp\/v2\/product\/13476","targetHints":{"allow":["GET"]}}],"collection":[{"href":"https:\/\/vivaiobaronti.com\/fr\/wp-json\/wp\/v2\/product"}],"about":[{"href":"https:\/\/vivaiobaronti.com\/fr\/wp-json\/wp\/v2\/types\/product"}],"wp:attachment":[{"href":"https:\/\/vivaiobaronti.com\/fr\/wp-json\/wp\/v2\/media?parent=13476"}],"wp:term":[{"taxonomy":"product_brand","embeddable":true,"href":"https:\/\/vivaiobaronti.com\/fr\/wp-json\/wp\/v2\/product_brand?post=13476"},{"taxonomy":"product_cat","embeddable":true,"href":"https:\/\/vivaiobaronti.com\/fr\/wp-json\/wp\/v2\/product_cat?post=13476"},{"taxonomy":"product_tag","embeddable":true,"href":"https:\/\/vivaiobaronti.com\/fr\/wp-json\/wp\/v2\/product_tag?post=13476"}],"curies":[{"name":"wp","href":"https:\/\/api.w.org\/{rel}","templated":true}]}}