{"id":13474,"date":"2025-05-20T08:20:34","date_gmt":"2025-05-20T08:20:34","guid":{"rendered":"https:\/\/quizzical-davinci.89-31-73-59.plesk.page\/pianta\/phormium-tenax-variegatum-duette\/"},"modified":"2025-07-24T08:49:48","modified_gmt":"2025-07-24T08:49:48","slug":"phormium-tenax-variegatum-duette","status":"publish","type":"product","link":"https:\/\/vivaiobaronti.com\/fr\/pianta\/phormium-tenax-variegatum-duette\/","title":{"rendered":"PHORMIUM TENAX VARIEGATUM DUETTE"},"content":{"rendered":"<p>Phormium tenax &lsquo;Variegatum Duette&rsquo; est une vari\u00e9t\u00e9 ornementale persistante appartenant \u00e0 la famille des H\u00e9m\u00e9rocallidac\u00e9es. Elle a \u00e9t\u00e9 s\u00e9lectionn\u00e9e pour son feuillage dress\u00e9, en ruban, \u00e0 la panachure tr\u00e8s d\u00e9corative\u00a0: le centre des feuilles est d&rsquo;un vert olive profond, bord\u00e9 de larges marges rose cr\u00e8me, avec des nuances qui tendent vers un rose plus prononc\u00e9 en bonne exposition. La plante forme des touffes denses et dress\u00e9es, \u00e0 la croissance ordonn\u00e9e, et son feuillage persistant apporte structure et couleur toute l&rsquo;ann\u00e9e. La floraison, rare en culture, peut appara\u00eetre sur les sp\u00e9cimens matures, avec de hautes tiges ramifi\u00e9es et des fleurs tubulaires brun rouge\u00e2tre. Phormium &lsquo;Duette&rsquo; est particuli\u00e8rement appr\u00e9ci\u00e9 pour les jardini\u00e8res, les bordures et les compositions architecturales, gr\u00e2ce \u00e0 sa robustesse, sa r\u00e9sistance aux conditions d\u00e9favorables et sa valeur ornementale constante.<\/p>\n","protected":false},"excerpt":{"rendered":"<p>Phormium tenax &lsquo;Variegatum Duette&rsquo; est une vari\u00e9t\u00e9 ornementale persistante appartenant \u00e0 la famille des H\u00e9m\u00e9rocallidac\u00e9es. Elle a \u00e9t\u00e9 s\u00e9lectionn\u00e9e pour son feuillage dress\u00e9, en ruban, \u00e0 la panachure tr\u00e8s d\u00e9corative\u00a0: le centre des feuilles est d&rsquo;un vert olive profond, bord\u00e9 de larges marges rose cr\u00e8me, avec des nuances qui tendent vers un rose plus prononc\u00e9 [&hellip;]<\/p>\n","protected":false},"featured_media":0,"template":"","meta":{"_acf_changed":false},"product_brand":[],"product_cat":[134,166],"product_tag":[],"class_list":{"0":"post-13474","1":"product","2":"type-product","3":"status-publish","5":"product_cat-plantes","6":"product_cat-arbuste","7":"pa_forma-arbuste","9":"first","10":"instock","11":"purchasable","12":"product-type-variable"},"acf":[],"_links":{"self":[{"href":"https:\/\/vivaiobaronti.com\/fr\/wp-json\/wp\/v2\/product\/13474","targetHints":{"allow":["GET"]}}],"collection":[{"href":"https:\/\/vivaiobaronti.com\/fr\/wp-json\/wp\/v2\/product"}],"about":[{"href":"https:\/\/vivaiobaronti.com\/fr\/wp-json\/wp\/v2\/types\/product"}],"wp:attachment":[{"href":"https:\/\/vivaiobaronti.com\/fr\/wp-json\/wp\/v2\/media?parent=13474"}],"wp:term":[{"taxonomy":"product_brand","embeddable":true,"href":"https:\/\/vivaiobaronti.com\/fr\/wp-json\/wp\/v2\/product_brand?post=13474"},{"taxonomy":"product_cat","embeddable":true,"href":"https:\/\/vivaiobaronti.com\/fr\/wp-json\/wp\/v2\/product_cat?post=13474"},{"taxonomy":"product_tag","embeddable":true,"href":"https:\/\/vivaiobaronti.com\/fr\/wp-json\/wp\/v2\/product_tag?post=13474"}],"curies":[{"name":"wp","href":"https:\/\/api.w.org\/{rel}","templated":true}]}}