{"id":13471,"date":"2025-05-20T08:20:34","date_gmt":"2025-05-20T08:20:34","guid":{"rendered":"https:\/\/quizzical-davinci.89-31-73-59.plesk.page\/pianta\/phormium-tenax-variegatum\/"},"modified":"2025-07-24T08:49:48","modified_gmt":"2025-07-24T08:49:48","slug":"phormium-tenax-variegatum","status":"publish","type":"product","link":"https:\/\/vivaiobaronti.com\/fr\/pianta\/phormium-tenax-variegatum\/","title":{"rendered":"PHORMIUM TENAX VARIEGATUM"},"content":{"rendered":"<p><span style=\"font-weight: 400\">Phormium tenax &lsquo;Variegatum&rsquo; est un cultivar de lin de Nouvelle-Z\u00e9lande qui se distingue par son attrayant feuillage panach\u00e9, caract\u00e9ris\u00e9 par une combinaison de couleurs qui conf\u00e8re \u00e0 la plante un aspect \u00e9l\u00e9gant et lumineux. Cette vari\u00e9t\u00e9 persistante est parfaite pour apporter une touche de fra\u00eecheur et de sophistication aux jardins modernes, exotiques ou c\u00f4tiers.<\/span> <span style=\"font-weight: 400\">Les feuilles de &lsquo;Variegatum&rsquo; sont longues, \u00e9troites et ruban\u00e9es, dispos\u00e9es en touffes au port dress\u00e9 et arqu\u00e9. La principale caract\u00e9ristique de ce cultivar est sa panachure\u00a0: les feuilles pr\u00e9sentent un m\u00e9lange de vert fonc\u00e9, de cr\u00e8me et de blanc, avec des bandes longitudinales qui cr\u00e9ent un effet visuel lumineux et dynamique. Les rayures blanches et cr\u00e8me alternent avec du vert plus fonc\u00e9, conf\u00e9rant \u00e0 la plante un aspect \u00e9l\u00e9gant et sophistiqu\u00e9 qui s&rsquo;int\u00e8gre parfaitement \u00e0 tout environnement. Phormium tenax &lsquo;Variegatum&rsquo; atteint en moyenne 1,5 m\u00e8tre de hauteur et peut atteindre 1 m\u00e8tre de largeur. Son port en \u00e9ventail, avec des feuilles qui s&rsquo;\u00e9tendent nettement depuis le centre, le rend id\u00e9al pour une utilisation en solitaire ou dans des bordures mixtes, o\u00f9 le contraste des couleurs enrichit l&rsquo;environnement. La plante pousse de mani\u00e8re compacte, mais son effet visuel est tr\u00e8s percutant gr\u00e2ce \u00e0 la beaut\u00e9 et \u00e0 la vivacit\u00e9 de sa panachure. La floraison de &lsquo;Variegatum&rsquo; peut avoir lieu en \u00e9t\u00e9, avec des tiges florales dress\u00e9es portant des inflorescences ramifi\u00e9es de petites fleurs tubulaires, g\u00e9n\u00e9ralement de teintes rouge-rouge\u00e2tre, qui attirent les insectes pollinisateurs comme les abeilles et les papillons. Cependant, la principale valeur ornementale de la plante r\u00e9side dans son feuillage panach\u00e9, qui reste d\u00e9coratif toute l&rsquo;ann\u00e9e, m\u00eame en hiver. Le Phormium &lsquo;Variegatum&rsquo; est une plante tr\u00e8s r\u00e9sistante et polyvalente. Il s&rsquo;adapte bien aux sols bien drain\u00e9s, pr\u00e9f\u00e9rant les expositions ensoleill\u00e9es qui rehaussent la luminosit\u00e9 de son feuillage panach\u00e9. Tol\u00e9rant au sel et au vent, il est parfait pour les jardins c\u00f4tiers, mais il pousse \u00e9galement bien en montagne ou dans les r\u00e9gions au climat plus sec. Il r\u00e9siste \u00e0 la s\u00e9cheresse une fois bien \u00e9tabli, mais pour maintenir la plante en bonne sant\u00e9, il est utile d&rsquo;assurer un arrosage r\u00e9gulier pendant les p\u00e9riodes de chaleur estivale. Dans les r\u00e9gions aux hivers rigoureux, il est conseill\u00e9 de le prot\u00e9ger ou de le cultiver en pot pour \u00e9viter les dommages caus\u00e9s par le gel.<\/span> <span style=\"font-weight: 400\">En raison de sa r\u00e9sistance, de la beaut\u00e9 de son feuillage panach\u00e9 et de sa capacit\u00e9 \u00e0 s&rsquo;adapter \u00e0 diff\u00e9rentes conditions environnementales, Phormium tenax &lsquo;Variegatum&rsquo; est une plante id\u00e9ale pour ceux qui recherchent un \u00e9l\u00e9ment d\u00e9coratif \u00e9l\u00e9gant et facile d&rsquo;entretien, capable d&rsquo;enrichir le jardin d&rsquo;une touche exotique et vivante.<\/span><\/p>\n","protected":false},"excerpt":{"rendered":"<p>Phormium tenax &lsquo;Variegatum&rsquo; est un cultivar de lin de Nouvelle-Z\u00e9lande qui se distingue par son attrayant feuillage panach\u00e9, caract\u00e9ris\u00e9 par une combinaison de couleurs qui conf\u00e8re \u00e0 la plante un aspect \u00e9l\u00e9gant et lumineux. Cette vari\u00e9t\u00e9 persistante est parfaite pour apporter une touche de fra\u00eecheur et de sophistication aux jardins modernes, exotiques ou c\u00f4tiers. Les [&hellip;]<\/p>\n","protected":false},"featured_media":25763,"template":"","meta":{"_acf_changed":false},"product_brand":[],"product_cat":[134,166],"product_tag":[],"class_list":{"0":"post-13471","1":"product","2":"type-product","3":"status-publish","4":"has-post-thumbnail","6":"product_cat-plantes","7":"product_cat-arbuste","8":"pa_forma-arbuste","10":"first","11":"instock","12":"purchasable","13":"product-type-variable"},"acf":[],"_links":{"self":[{"href":"https:\/\/vivaiobaronti.com\/fr\/wp-json\/wp\/v2\/product\/13471","targetHints":{"allow":["GET"]}}],"collection":[{"href":"https:\/\/vivaiobaronti.com\/fr\/wp-json\/wp\/v2\/product"}],"about":[{"href":"https:\/\/vivaiobaronti.com\/fr\/wp-json\/wp\/v2\/types\/product"}],"wp:featuredmedia":[{"embeddable":true,"href":"https:\/\/vivaiobaronti.com\/fr\/wp-json\/wp\/v2\/media\/25763"}],"wp:attachment":[{"href":"https:\/\/vivaiobaronti.com\/fr\/wp-json\/wp\/v2\/media?parent=13471"}],"wp:term":[{"taxonomy":"product_brand","embeddable":true,"href":"https:\/\/vivaiobaronti.com\/fr\/wp-json\/wp\/v2\/product_brand?post=13471"},{"taxonomy":"product_cat","embeddable":true,"href":"https:\/\/vivaiobaronti.com\/fr\/wp-json\/wp\/v2\/product_cat?post=13471"},{"taxonomy":"product_tag","embeddable":true,"href":"https:\/\/vivaiobaronti.com\/fr\/wp-json\/wp\/v2\/product_tag?post=13471"}],"curies":[{"name":"wp","href":"https:\/\/api.w.org\/{rel}","templated":true}]}}