{"id":13469,"date":"2025-05-20T08:20:34","date_gmt":"2025-05-20T08:20:34","guid":{"rendered":"https:\/\/quizzical-davinci.89-31-73-59.plesk.page\/pianta\/phormium-tenax-sundowner\/"},"modified":"2025-07-24T08:49:48","modified_gmt":"2025-07-24T08:49:48","slug":"phormium-tenax-sundowner","status":"publish","type":"product","link":"https:\/\/vivaiobaronti.com\/fr\/pianta\/phormium-tenax-sundowner\/","title":{"rendered":"PHORMIUM TENAX SUNDOWNER"},"content":{"rendered":"<p>Phormium tenax &lsquo;Sundowner&rsquo; est un cultivar de lin n\u00e9o-z\u00e9landais qui se distingue par son extraordinaire beaut\u00e9 et son feuillage chaud et vibrant. Cette vari\u00e9t\u00e9 est tr\u00e8s appr\u00e9ci\u00e9e pour son aspect sculptural et ses nuances de couleur allant du rouge profond au bronze, cr\u00e9ant un effet visuel dynamique et suggestif. Elle est id\u00e9ale pour les jardins modernes, les paysages c\u00f4tiers ou exotiques, o\u00f9 elle peut servir de point focal d\u00e9coratif. Les feuilles de &lsquo;Sundowner&rsquo; sont longues, ruban\u00e9es et robustes, dispos\u00e9es en touffe et l\u00e9g\u00e8rement arqu\u00e9es vers l&rsquo;extr\u00e9mit\u00e9. La couleur des feuilles varie d&rsquo;un rouge chaud et vibrant dans les zones les plus expos\u00e9es au soleil, avec des nuances de bronze et d&rsquo;or qui s&rsquo;intensifient avec l&rsquo;arriv\u00e9e de la saison estivale. Ce jeu de couleurs cr\u00e9e un contraste fascinant, conf\u00e9rant \u00e0 la plante une pr\u00e9sence pittoresque. Son port est \u00e9rig\u00e9, compact et bien d\u00e9fini, ce qui permet \u00e0 &lsquo;Sundowner&rsquo; de se pr\u00eater \u00e9galement \u00e0 la culture en pot ou \u00e0 une utilisation isol\u00e9e en bordure. Phormium tenax &lsquo;Sundowner&rsquo; atteint 1,5 \u00e0 2 m\u00e8tres de hauteur, pour une largeur similaire, atteignant une taille qui lui permet de dominer l&rsquo;espace sans \u00eatre encombrant. La plante se d\u00e9veloppe en \u00e9ventail, avec des feuilles harmonieusement r\u00e9parties \u00e0 partir du centre, conservant une structure ordonn\u00e9e qui ne n\u00e9cessite pas de taille fr\u00e9quente. La floraison, bien que peu abondante, peut avoir lieu en \u00e9t\u00e9, avec des tiges florales dress\u00e9es produisant de petites fleurs tubulaires aux tons rouge-cuivr\u00e9, appr\u00e9ci\u00e9es des insectes pollinisateurs. Cependant, la principale valeur ornementale de cette vari\u00e9t\u00e9 r\u00e9side dans son feuillage extraordinaire, qui reste d\u00e9coratif toute l&rsquo;ann\u00e9e. Phormium Le &lsquo;Sundowner&rsquo; est une plante r\u00e9sistante et polyvalente, qui s&rsquo;adapte facilement \u00e0 diff\u00e9rents types de sols, \u00e0 condition qu&rsquo;ils soient bien drain\u00e9s. Il pr\u00e9f\u00e8re les expositions ensoleill\u00e9es, qui mettent en valeur la richesse de ses couleurs, mais tol\u00e8re \u00e9galement la mi-ombre. R\u00e9sistant \u00e0 la s\u00e9cheresse, au vent et \u00e0 la salinit\u00e9, il est id\u00e9al pour les jardins c\u00f4tiers ou les r\u00e9gions au climat aride. Dans les r\u00e9gions aux hivers froids, il est conseill\u00e9 de le prot\u00e9ger ou de le cultiver en pot afin de pouvoir le d\u00e9placer vers un endroit plus abrit\u00e9. Gr\u00e2ce \u00e0 son \u00e9l\u00e9gance, ses couleurs vives et sa capacit\u00e9 d&rsquo;adaptation \u00e0 diff\u00e9rentes conditions environnementales, le Phormium tenax &lsquo;Sundowner&rsquo; est une plante id\u00e9ale pour ceux qui recherchent une vari\u00e9t\u00e9 de lin d\u00e9corative et r\u00e9sistante, capable d&rsquo;enrichir leur jardin d&rsquo;une touche exotique et sophistiqu\u00e9e.<\/p>\n","protected":false},"excerpt":{"rendered":"<p>Phormium tenax &lsquo;Sundowner&rsquo; est un cultivar de lin n\u00e9o-z\u00e9landais qui se distingue par son extraordinaire beaut\u00e9 et son feuillage chaud et vibrant. Cette vari\u00e9t\u00e9 est tr\u00e8s appr\u00e9ci\u00e9e pour son aspect sculptural et ses nuances de couleur allant du rouge profond au bronze, cr\u00e9ant un effet visuel dynamique et suggestif. Elle est id\u00e9ale pour les jardins [&hellip;]<\/p>\n","protected":false},"featured_media":0,"template":"","meta":{"_acf_changed":false},"product_brand":[],"product_cat":[134,166],"product_tag":[],"class_list":{"0":"post-13469","1":"product","2":"type-product","3":"status-publish","5":"product_cat-plantes","6":"product_cat-arbuste","7":"pa_forma-arbuste","9":"first","10":"instock","11":"purchasable","12":"product-type-variable"},"acf":[],"_links":{"self":[{"href":"https:\/\/vivaiobaronti.com\/fr\/wp-json\/wp\/v2\/product\/13469","targetHints":{"allow":["GET"]}}],"collection":[{"href":"https:\/\/vivaiobaronti.com\/fr\/wp-json\/wp\/v2\/product"}],"about":[{"href":"https:\/\/vivaiobaronti.com\/fr\/wp-json\/wp\/v2\/types\/product"}],"wp:attachment":[{"href":"https:\/\/vivaiobaronti.com\/fr\/wp-json\/wp\/v2\/media?parent=13469"}],"wp:term":[{"taxonomy":"product_brand","embeddable":true,"href":"https:\/\/vivaiobaronti.com\/fr\/wp-json\/wp\/v2\/product_brand?post=13469"},{"taxonomy":"product_cat","embeddable":true,"href":"https:\/\/vivaiobaronti.com\/fr\/wp-json\/wp\/v2\/product_cat?post=13469"},{"taxonomy":"product_tag","embeddable":true,"href":"https:\/\/vivaiobaronti.com\/fr\/wp-json\/wp\/v2\/product_tag?post=13469"}],"curies":[{"name":"wp","href":"https:\/\/api.w.org\/{rel}","templated":true}]}}