{"id":13465,"date":"2025-05-20T08:20:34","date_gmt":"2025-05-20T08:20:34","guid":{"rendered":"https:\/\/quizzical-davinci.89-31-73-59.plesk.page\/pianta\/phormium-tenax-red\/"},"modified":"2025-07-24T08:49:48","modified_gmt":"2025-07-24T08:49:48","slug":"phormium-tenax-red","status":"publish","type":"product","link":"https:\/\/vivaiobaronti.com\/fr\/pianta\/phormium-tenax-red\/","title":{"rendered":"PHORMIUM TENAX RED"},"content":{"rendered":"<p><span style=\"font-weight: 400\">Phormium tenax &lsquo;Red&rsquo; est un cultivar de lin n\u00e9o-z\u00e9landais qui se distingue par son feuillage saisissant aux tons chauds rouge-rouge, cr\u00e9ant un impact visuel audacieux et \u00e9l\u00e9gant. Cette vari\u00e9t\u00e9 de Phormium est appr\u00e9ci\u00e9e pour sa beaut\u00e9 sculpturale et sa capacit\u00e9 \u00e0 ajouter de la couleur et de la structure aux jardins modernes, aux paysages c\u00f4tiers et aux espaces exotiques.<\/span> <span style=\"font-weight: 400\">Les feuilles de &lsquo;Red&rsquo; sont longues, en forme de ruban et bien \u00e9tal\u00e9es, avec une texture rigide et coriace. La couleur, qui va du rouge profond au bronze, devient encore plus vive lorsque la plante est expos\u00e9e au soleil direct. Les nuances de rouge se m\u00e9langent \u00e0 des tons plus fonc\u00e9s, cr\u00e9ant un effet lumineux et dynamique qui varie selon les conditions de luminosit\u00e9 et le climat. La plante a un port dress\u00e9 et compact, avec des feuilles qui s&rsquo;\u00e9talent en \u00e9ventail \u00e0 partir du centre, formant une structure ordonn\u00e9e et vigoureuse.<\/span> <span style=\"font-weight: 400\">Phormium tenax &lsquo;Red&rsquo; atteint une hauteur moyenne de 1,2 \u00e0 1,5 m\u00e8tre et une largeur similaire, mais dans des conditions optimales, il peut m\u00eame atteindre 2 m\u00e8tres. Sa croissance verticale et sa forme bien d\u00e9finie le rendent parfait pour une utilisation en solitaire, dans des bordures ou m\u00eame dans de grands conteneurs, o\u00f9 il peut servir de point focal du jardin.<\/span> <span style=\"font-weight: 400\">La floraison est rare, mais peut avoir lieu en \u00e9t\u00e9, avec des inflorescences port\u00e9es par des tiges dress\u00e9es et ramifi\u00e9es, qui produisent des fleurs tubulaires rouges ou orange, appr\u00e9ci\u00e9es pour leur aspect exotique et pour attirer les insectes pollinisateurs.<\/span> <span style=\"font-weight: 400\">Phormium &lsquo;Red&rsquo; est une plante tr\u00e8s r\u00e9sistante. Il s&rsquo;adapte facilement \u00e0 une grande vari\u00e9t\u00e9 de sols bien drain\u00e9s, pr\u00e9f\u00e9rant les expositions ensoleill\u00e9es qui mettent en valeur la beaut\u00e9 de son feuillage. R\u00e9sistant au vent, au sel et \u00e0 la s\u00e9cheresse, il est donc id\u00e9al pour les jardins c\u00f4tiers ou les environnements difficiles. Bien qu&rsquo;il tol\u00e8re des temp\u00e9ratures relativement basses, il est conseill\u00e9 de le prot\u00e9ger dans les zones sujettes aux gel\u00e9es prolong\u00e9es ou de le cultiver en pot pour faciliter son abri pendant les mois les plus froids. <\/span> <span style=\"font-weight: 400\">Gr\u00e2ce \u00e0 sa r\u00e9sistance aux conditions environnementales et \u00e0 son extraordinaire effet visuel, le Phormium tenax &lsquo;Red&rsquo; est une plante parfaite pour ceux qui recherchent un \u00e9l\u00e9ment distinctif et de caract\u00e8re pour leur jardin, capable de mettre en valeur aussi bien les jardins modernes que les plus naturels.<\/span><\/p>\n","protected":false},"excerpt":{"rendered":"<p>Phormium tenax &lsquo;Red&rsquo; est un cultivar de lin n\u00e9o-z\u00e9landais qui se distingue par son feuillage saisissant aux tons chauds rouge-rouge, cr\u00e9ant un impact visuel audacieux et \u00e9l\u00e9gant. Cette vari\u00e9t\u00e9 de Phormium est appr\u00e9ci\u00e9e pour sa beaut\u00e9 sculpturale et sa capacit\u00e9 \u00e0 ajouter de la couleur et de la structure aux jardins modernes, aux paysages c\u00f4tiers [&hellip;]<\/p>\n","protected":false},"featured_media":0,"template":"","meta":{"_acf_changed":false},"product_brand":[],"product_cat":[134,166],"product_tag":[],"class_list":{"0":"post-13465","1":"product","2":"type-product","3":"status-publish","5":"product_cat-plantes","6":"product_cat-arbuste","7":"pa_forma-arbuste","9":"first","10":"instock","11":"purchasable","12":"product-type-variable"},"acf":[],"_links":{"self":[{"href":"https:\/\/vivaiobaronti.com\/fr\/wp-json\/wp\/v2\/product\/13465","targetHints":{"allow":["GET"]}}],"collection":[{"href":"https:\/\/vivaiobaronti.com\/fr\/wp-json\/wp\/v2\/product"}],"about":[{"href":"https:\/\/vivaiobaronti.com\/fr\/wp-json\/wp\/v2\/types\/product"}],"wp:attachment":[{"href":"https:\/\/vivaiobaronti.com\/fr\/wp-json\/wp\/v2\/media?parent=13465"}],"wp:term":[{"taxonomy":"product_brand","embeddable":true,"href":"https:\/\/vivaiobaronti.com\/fr\/wp-json\/wp\/v2\/product_brand?post=13465"},{"taxonomy":"product_cat","embeddable":true,"href":"https:\/\/vivaiobaronti.com\/fr\/wp-json\/wp\/v2\/product_cat?post=13465"},{"taxonomy":"product_tag","embeddable":true,"href":"https:\/\/vivaiobaronti.com\/fr\/wp-json\/wp\/v2\/product_tag?post=13465"}],"curies":[{"name":"wp","href":"https:\/\/api.w.org\/{rel}","templated":true}]}}