{"id":13463,"date":"2025-05-20T08:20:34","date_gmt":"2025-05-20T08:20:34","guid":{"rendered":"https:\/\/quizzical-davinci.89-31-73-59.plesk.page\/pianta\/phormium-tenax-purpureum\/"},"modified":"2025-07-24T08:49:48","modified_gmt":"2025-07-24T08:49:48","slug":"phormium-tenax-purpureum","status":"publish","type":"product","link":"https:\/\/vivaiobaronti.com\/fr\/pianta\/phormium-tenax-purpureum\/","title":{"rendered":"PHORMIUM TENAX PURPUREUM"},"content":{"rendered":"<p><span style=\"font-weight: 400\">Phormium tenax &lsquo;Purpureum&rsquo; est une vari\u00e9t\u00e9 vigoureuse et persistante de lin de Nouvelle-Z\u00e9lande, caract\u00e9ris\u00e9e par un feuillage robuste et sculptural d&rsquo;un violet intense. C&rsquo;est l&rsquo;un des cultivars les plus classiques et les plus appr\u00e9ci\u00e9s du genre, id\u00e9al pour cr\u00e9er des effets architecturaux nets et des contrastes de couleurs marqu\u00e9s, aussi bien dans les jardins contemporains que dans des contextes plus naturels.<\/span> <span style=\"font-weight: 400\">Les feuilles sont rigides, lin\u00e9aires et en forme de ruban, dress\u00e9es et l\u00e9g\u00e8rement arqu\u00e9es vers l&rsquo;apex, avec des bords parall\u00e8les et une surface l\u00e9g\u00e8rement cireuse. La couleur, uniforme et profonde, varie du violet fonc\u00e9 au bronze avec des reflets violets, qui s&rsquo;intensifient avec l&rsquo;exposition au soleil. Ce feuillage aust\u00e8re et structur\u00e9 conf\u00e8re \u00e0 la plante un aspect d\u00e9cid\u00e9 et formel, \u00e9galement tr\u00e8s appr\u00e9ci\u00e9 pour les compositions en pot ou pour rehausser les bordures et les parterres de fleurs avec un design essentiel. Phormium tenax &lsquo;Purpureum&rsquo; peut atteindre des dimensions importantes par rapport aux vari\u00e9t\u00e9s de Phormium cookianum\u00a0: jusqu&rsquo;\u00e0 1,5 \u00e0 2\u00a0m\u00e8tres de hauteur dans des conditions favorables, avec une largeur proportionn\u00e9e. Son port est vertical et imposant, tout en conservant une forme ordonn\u00e9e sans n\u00e9cessiter de taille. La plante peut produire des fleurs estivales sur de longues tiges dress\u00e9es, avec des inflorescences ramifi\u00e9es aux tons rouge fonc\u00e9 ou cuivr\u00e9, d&rsquo;aspect tubulaire et tr\u00e8s appr\u00e9ci\u00e9es des insectes pollinisateurs. Cependant, la floraison n&rsquo;est ni constante ni garantie, surtout en culture ornementale. Phormium &lsquo;Purpureum&rsquo; est une plante extr\u00eamement r\u00e9sistante et adaptable. Il tol\u00e8re bien la s\u00e9cheresse, le vent, la salinit\u00e9 et les variations de temp\u00e9rature, et est donc particuli\u00e8rement adapt\u00e9 aux jardins c\u00f4tiers, m\u00e9diterran\u00e9ens ou n\u00e9cessitant peu d&rsquo;entretien. Il pr\u00e9f\u00e8re les expositions ensoleill\u00e9es, qui rehaussent la couleur de son feuillage, mais s&rsquo;adapte \u00e9galement \u00e0 la mi-ombre. Il tol\u00e8re des temp\u00e9ratures hivernales mod\u00e9r\u00e9es, mais dans les r\u00e9gions sujettes aux gel\u00e9es prolong\u00e9es, il est conseill\u00e9 de le prot\u00e9ger ou de le cultiver en pot. <\/span> <span style=\"font-weight: 400\">Gr\u00e2ce \u00e0 sa pr\u00e9sence imposante, sa couleur sombre et son extraordinaire r\u00e9sistance, le Phormium tenax &lsquo;Purpureum&rsquo; est un choix id\u00e9al pour ceux qui recherchent une plante d\u00e9corative toute l&rsquo;ann\u00e9e, capable d&rsquo;apporter structure, profondeur et caract\u00e8re visuel au paysage.<\/span><\/p>\n","protected":false},"excerpt":{"rendered":"<p>Phormium tenax &lsquo;Purpureum&rsquo; est une vari\u00e9t\u00e9 vigoureuse et persistante de lin de Nouvelle-Z\u00e9lande, caract\u00e9ris\u00e9e par un feuillage robuste et sculptural d&rsquo;un violet intense. C&rsquo;est l&rsquo;un des cultivars les plus classiques et les plus appr\u00e9ci\u00e9s du genre, id\u00e9al pour cr\u00e9er des effets architecturaux nets et des contrastes de couleurs marqu\u00e9s, aussi bien dans les jardins contemporains [&hellip;]<\/p>\n","protected":false},"featured_media":25723,"template":"","meta":{"_acf_changed":false},"product_brand":[],"product_cat":[134,166],"product_tag":[],"class_list":{"0":"post-13463","1":"product","2":"type-product","3":"status-publish","4":"has-post-thumbnail","6":"product_cat-plantes","7":"product_cat-arbuste","8":"pa_forma-arbuste","10":"first","11":"instock","12":"purchasable","13":"product-type-variable"},"acf":[],"_links":{"self":[{"href":"https:\/\/vivaiobaronti.com\/fr\/wp-json\/wp\/v2\/product\/13463","targetHints":{"allow":["GET"]}}],"collection":[{"href":"https:\/\/vivaiobaronti.com\/fr\/wp-json\/wp\/v2\/product"}],"about":[{"href":"https:\/\/vivaiobaronti.com\/fr\/wp-json\/wp\/v2\/types\/product"}],"wp:featuredmedia":[{"embeddable":true,"href":"https:\/\/vivaiobaronti.com\/fr\/wp-json\/wp\/v2\/media\/25723"}],"wp:attachment":[{"href":"https:\/\/vivaiobaronti.com\/fr\/wp-json\/wp\/v2\/media?parent=13463"}],"wp:term":[{"taxonomy":"product_brand","embeddable":true,"href":"https:\/\/vivaiobaronti.com\/fr\/wp-json\/wp\/v2\/product_brand?post=13463"},{"taxonomy":"product_cat","embeddable":true,"href":"https:\/\/vivaiobaronti.com\/fr\/wp-json\/wp\/v2\/product_cat?post=13463"},{"taxonomy":"product_tag","embeddable":true,"href":"https:\/\/vivaiobaronti.com\/fr\/wp-json\/wp\/v2\/product_tag?post=13463"}],"curies":[{"name":"wp","href":"https:\/\/api.w.org\/{rel}","templated":true}]}}