{"id":13460,"date":"2025-05-20T08:20:27","date_gmt":"2025-05-20T08:20:27","guid":{"rendered":"https:\/\/quizzical-davinci.89-31-73-59.plesk.page\/pianta\/phormium-rainbow-queen\/"},"modified":"2025-07-24T08:49:48","modified_gmt":"2025-07-24T08:49:48","slug":"phormium-rainbow-queen","status":"publish","type":"product","link":"https:\/\/vivaiobaronti.com\/fr\/pianta\/phormium-rainbow-queen\/","title":{"rendered":"PHORMIUM RAINBOW QUEEN"},"content":{"rendered":"<p>Phormium cookianum \u00ab\u00a0Rainbow Queen\u00a0\u00bb est un cultivar de lin persistant originaire de Nouvelle-Z\u00e9lande, au fort impact ornemental. Il est connu pour son feuillage aux tons chauds et stri\u00e9s qui rappellent les couleurs du coucher de soleil. C&rsquo;est une plante \u00e0 l&rsquo;allure architecturale et vigoureuse, id\u00e9ale pour cr\u00e9er des contrastes de couleurs audacieux dans les jardins modernes, m\u00e9diterran\u00e9ens ou exotiques.<br \/>\nLes feuilles sont longues, ruban\u00e9es et l\u00e9g\u00e8rement courb\u00e9es, dispos\u00e9es en \u00e9ventail en touffes denses et soign\u00e9es. La couleur est la caract\u00e9ristique distinctive de cette vari\u00e9t\u00e9\u00a0: sur un fond bronze ou vert olive, des stries longitudinales se d\u00e9veloppent dans diff\u00e9rentes nuances de rose, cuivre, cr\u00e8me et orange, cr\u00e9ant un effet visuel iris\u00e9, particuli\u00e8rement intense en plein soleil. Le r\u00e9sultat est une plante au style affirm\u00e9, capable d&rsquo;attirer le regard et de sublimer m\u00eame les compositions minimalistes.<br \/>\n\u00ab\u00a0Rainbow Queen\u00a0\u00bb Sa croissance est moyenne, atteignant g\u00e9n\u00e9ralement une hauteur de 1 \u00e0 1,2 m\u00e8tre et une largeur similaire. Son port est l\u00e9g\u00e8rement \u00e9tal\u00e9, avec des feuilles \u00e9l\u00e9gamment recourb\u00e9es vers l&rsquo;ext\u00e9rieur, tout en conservant une forme ordonn\u00e9e et bien structur\u00e9e, m\u00eame sans taille.<br \/>\nLa floraison est occasionnelle en culture et se produit, si elle est pr\u00e9sente, en \u00e9t\u00e9, avec l&rsquo;apparition de tiges florales dress\u00e9es portant de petites fleurs tubulaires rouge\u00e2tres ou cuivr\u00e9es.<br \/>\nCependant, sa principale valeur ornementale r\u00e9side dans son feuillage vivace, d\u00e9coratif tout au long de l&rsquo;ann\u00e9e.<br \/>\nLe Phormium \u00ab\u00a0Rainbow Queen\u00a0\u00bb est une plante rustique et polyvalente. Il s&rsquo;adapte \u00e0 diff\u00e9rents types de sols, \u00e0 condition qu&rsquo;ils soient bien drain\u00e9s, et pr\u00e9f\u00e8re les expositions ensoleill\u00e9es ou semi-ombrag\u00e9es. Tol\u00e9rant \u00e0 la salinit\u00e9 et aux vents, il est particuli\u00e8rement adapt\u00e9 aux jardins c\u00f4tiers. Une fois bien enracin\u00e9, il supporte bien la s\u00e9cheresse et les temp\u00e9ratures \u00e9lev\u00e9es. Dans les r\u00e9gions aux hivers rigoureux, il est conseill\u00e9 de le prot\u00e9ger ou de le cultiver en pot.<\/p>\n<p>Pour sa couleur vive, sa r\u00e9sistance aux intemp\u00e9ries et sa structure sculpturale, le Phormium<br \/>\ncookianum \u00ab\u00a0Rainbow Queen\u00a0\u00bb est un excellent choix pour ceux qui recherchent une plante sc\u00e9nographique, facile \u00e0 entretenir et d&rsquo;une grande valeur d\u00e9corative en toutes saisons.<\/p>\n","protected":false},"excerpt":{"rendered":"<p>Phormium cookianum \u00ab\u00a0Rainbow Queen\u00a0\u00bb est un cultivar de lin persistant originaire de Nouvelle-Z\u00e9lande, au fort impact ornemental. Il est connu pour son feuillage aux tons chauds et stri\u00e9s qui rappellent les couleurs du coucher de soleil. C&rsquo;est une plante \u00e0 l&rsquo;allure architecturale et vigoureuse, id\u00e9ale pour cr\u00e9er des contrastes de couleurs audacieux dans les jardins [&hellip;]<\/p>\n","protected":false},"featured_media":25743,"template":"","meta":{"_acf_changed":false},"product_brand":[],"product_cat":[134,166],"product_tag":[],"class_list":{"0":"post-13460","1":"product","2":"type-product","3":"status-publish","4":"has-post-thumbnail","6":"product_cat-plantes","7":"product_cat-arbuste","8":"pa_forma-arbuste","10":"first","11":"instock","12":"purchasable","13":"product-type-variable"},"acf":[],"_links":{"self":[{"href":"https:\/\/vivaiobaronti.com\/fr\/wp-json\/wp\/v2\/product\/13460","targetHints":{"allow":["GET"]}}],"collection":[{"href":"https:\/\/vivaiobaronti.com\/fr\/wp-json\/wp\/v2\/product"}],"about":[{"href":"https:\/\/vivaiobaronti.com\/fr\/wp-json\/wp\/v2\/types\/product"}],"wp:featuredmedia":[{"embeddable":true,"href":"https:\/\/vivaiobaronti.com\/fr\/wp-json\/wp\/v2\/media\/25743"}],"wp:attachment":[{"href":"https:\/\/vivaiobaronti.com\/fr\/wp-json\/wp\/v2\/media?parent=13460"}],"wp:term":[{"taxonomy":"product_brand","embeddable":true,"href":"https:\/\/vivaiobaronti.com\/fr\/wp-json\/wp\/v2\/product_brand?post=13460"},{"taxonomy":"product_cat","embeddable":true,"href":"https:\/\/vivaiobaronti.com\/fr\/wp-json\/wp\/v2\/product_cat?post=13460"},{"taxonomy":"product_tag","embeddable":true,"href":"https:\/\/vivaiobaronti.com\/fr\/wp-json\/wp\/v2\/product_tag?post=13460"}],"curies":[{"name":"wp","href":"https:\/\/api.w.org\/{rel}","templated":true}]}}