{"id":13458,"date":"2025-05-20T08:20:27","date_gmt":"2025-05-20T08:20:27","guid":{"rendered":"https:\/\/quizzical-davinci.89-31-73-59.plesk.page\/pianta\/phormium-pink-stripe\/"},"modified":"2025-07-24T08:49:40","modified_gmt":"2025-07-24T08:49:40","slug":"phormium-pink-stripe","status":"publish","type":"product","link":"https:\/\/vivaiobaronti.com\/fr\/pianta\/phormium-pink-stripe\/","title":{"rendered":"PHORMIUM PINK STRIPE"},"content":{"rendered":"<p>Phormium cookianum \u00ab\u00a0Pink Stripe\u00a0\u00bb est un cultivar de lin persistant de Nouvelle-Z\u00e9lande, au fort impact ornemental, s\u00e9lectionn\u00e9 pour son feuillage vif et son port \u00e9l\u00e9gant. Caract\u00e9ris\u00e9e par des stries rose vif, cette vari\u00e9t\u00e9 est id\u00e9ale pour apporter couleur et mouvement aux jardins contemporains, m\u00e9diterran\u00e9ens ou exotiques, ainsi qu&rsquo;aux compositions en pot.<br \/>\nLes feuilles, longues, ruban\u00e9es et l\u00e9g\u00e8rement courb\u00e9es, forment des touffes soign\u00e9es et pr\u00e9sentent une consistance souple mais robuste. Sa couleur est vive\u00a0: sur le fond vert-bronze, se d\u00e9tachent des stries rose fonc\u00e9, tirant sur le fuchsia ou le rouge clair selon l&rsquo;exposition et la saison. Le contraste des couleurs est net mais harmonieux,<br \/>\nconf\u00e9rant \u00e0 la plante une pr\u00e9sence dynamique sans \u00eatre excessive.<br \/>\nLe port est \u00e9tal\u00e9 mais compos\u00e9, avec une croissance r\u00e9guli\u00e8re qui permet \u00e0 la plante d&rsquo;atteindre en moyenne une hauteur d&rsquo;environ 1 \u00e0 1,2 m\u00e8tre, pour une largeur similaire. Le port en \u00e9ventail, typique du Phormium, est bien d\u00e9fini et ne n\u00e9cessite pas de taille pour son entretien.<\/p>\n<p>La floraison est rare en culture, mais sous des climats favorables, elle peut appara\u00eetre en \u00e9t\u00e9 avec des tiges florales dress\u00e9es et ramifi\u00e9es, portant des fleurs tubulaires brun rouge\u00e2tre. Cependant, c&rsquo;est son feuillage d\u00e9coratif et persistant qui constitue le principal int\u00e9r\u00eat de la plante.<br \/>\nLe Phormium \u00ab\u00a0Pink Stripe\u00a0\u00bb pr\u00e9f\u00e8re les expositions ensoleill\u00e9es ou semi-ombrag\u00e9es et pousse bien dans un sol bien drain\u00e9, m\u00eame pauvre ou sableux. R\u00e9sistant au vent et au sel, il convient donc \u00e9galement aux jardins c\u00f4tiers. Une fois bien enracin\u00e9, il tol\u00e8re de longues p\u00e9riodes de s\u00e9cheresse. Sous les climats froids, il est conseill\u00e9 de le prot\u00e9ger des fortes gel\u00e9es ou de le cultiver en pot pour le d\u00e9placer pendant les mois d&rsquo;hiver.<br \/>\nPour la couleur intense de ses feuilles et sa r\u00e9sistance aux conditions environnementales difficiles, le Phormium cookianum \u00ab\u00a0Pink Stripe\u00a0\u00bb C&rsquo;est un excellent choix pour ceux qui recherchent une plante ornementale audacieuse, durable et facile d&rsquo;entretien, adapt\u00e9e aux compositions aussi bien formelles que naturelles.<\/p>\n","protected":false},"excerpt":{"rendered":"<p>Phormium cookianum \u00ab\u00a0Pink Stripe\u00a0\u00bb est un cultivar de lin persistant de Nouvelle-Z\u00e9lande, au fort impact ornemental, s\u00e9lectionn\u00e9 pour son feuillage vif et son port \u00e9l\u00e9gant. Caract\u00e9ris\u00e9e par des stries rose vif, cette vari\u00e9t\u00e9 est id\u00e9ale pour apporter couleur et mouvement aux jardins contemporains, m\u00e9diterran\u00e9ens ou exotiques, ainsi qu&rsquo;aux compositions en pot. Les feuilles, longues, ruban\u00e9es [&hellip;]<\/p>\n","protected":false},"featured_media":25703,"template":"","meta":{"_acf_changed":false},"product_brand":[],"product_cat":[134,166],"product_tag":[],"class_list":{"0":"post-13458","1":"product","2":"type-product","3":"status-publish","4":"has-post-thumbnail","6":"product_cat-plantes","7":"product_cat-arbuste","8":"pa_forma-arbuste","10":"first","11":"instock","12":"purchasable","13":"product-type-variable"},"acf":[],"_links":{"self":[{"href":"https:\/\/vivaiobaronti.com\/fr\/wp-json\/wp\/v2\/product\/13458","targetHints":{"allow":["GET"]}}],"collection":[{"href":"https:\/\/vivaiobaronti.com\/fr\/wp-json\/wp\/v2\/product"}],"about":[{"href":"https:\/\/vivaiobaronti.com\/fr\/wp-json\/wp\/v2\/types\/product"}],"wp:featuredmedia":[{"embeddable":true,"href":"https:\/\/vivaiobaronti.com\/fr\/wp-json\/wp\/v2\/media\/25703"}],"wp:attachment":[{"href":"https:\/\/vivaiobaronti.com\/fr\/wp-json\/wp\/v2\/media?parent=13458"}],"wp:term":[{"taxonomy":"product_brand","embeddable":true,"href":"https:\/\/vivaiobaronti.com\/fr\/wp-json\/wp\/v2\/product_brand?post=13458"},{"taxonomy":"product_cat","embeddable":true,"href":"https:\/\/vivaiobaronti.com\/fr\/wp-json\/wp\/v2\/product_cat?post=13458"},{"taxonomy":"product_tag","embeddable":true,"href":"https:\/\/vivaiobaronti.com\/fr\/wp-json\/wp\/v2\/product_tag?post=13458"}],"curies":[{"name":"wp","href":"https:\/\/api.w.org\/{rel}","templated":true}]}}