{"id":13456,"date":"2025-05-20T08:20:27","date_gmt":"2025-05-20T08:20:27","guid":{"rendered":"https:\/\/quizzical-davinci.89-31-73-59.plesk.page\/pianta\/phormium-pink-flamingo\/"},"modified":"2025-07-24T08:49:40","modified_gmt":"2025-07-24T08:49:40","slug":"phormium-pink-flamingo","status":"publish","type":"product","link":"https:\/\/vivaiobaronti.com\/fr\/pianta\/phormium-pink-flamingo\/","title":{"rendered":"PHORMIUM PINK FLAMINGO"},"content":{"rendered":"<p>Phormium cookianum \u00ab\u00a0Pink Flamingo\u00a0\u00bb est une vari\u00e9t\u00e9 de lin de Nouvelle-Z\u00e9lande \u00e0 l&rsquo;aspect \u00e9l\u00e9gant et au feuillage panach\u00e9, particuli\u00e8rement appr\u00e9ci\u00e9e pour ses nuances d\u00e9licates mais lumineuses. C&rsquo;est un cultivar persistant, au profil ornemental prononc\u00e9 mais sans exc\u00e8s, id\u00e9al pour sublimer les bordures, les massifs et les compositions en pot, aussi bien dans les jardins modernes que dans les contextes plus naturels.<br \/>\nLes feuilles sont longues, flexibles et ruban\u00e9es, dispos\u00e9es en touffes soign\u00e9es. La couleur est la caract\u00e9ristique distinctive de cette vari\u00e9t\u00e9\u00a0: des stries rose p\u00e2le, cr\u00e8me et rouge ros\u00e9 parcourent le fond vert olive ou gris\u00e2tre, conf\u00e9rant \u00e0 la plante un aspect frais, panach\u00e9 et raffin\u00e9. Les nuances de rose ont tendance \u00e0 s&rsquo;intensifier avec une bonne exposition \u00e0 la lumi\u00e8re, cr\u00e9ant des contrastes agr\u00e9ables mais jamais excessifs.<\/p>\n<p>Le port est l\u00e9g\u00e8rement arqu\u00e9, doux et net. La croissance est mod\u00e9r\u00e9e, avec une hauteur moyenne de 70 \u00e0 100\u00a0cm et une largeur similaire. Sa petite taille rend \u00e9galement le \u00ab\u00a0Pink Flamingo\u00a0\u00bb parfait pour la culture en pot ou dans les petits espaces, o\u00f9 il peut apporter lumi\u00e8re et couleur.<br \/>\nLa floraison, rare en culture, peut appara\u00eetre en \u00e9t\u00e9 sur des tiges dress\u00e9es et ramifi\u00e9es, avec des fleurs tubulaires aux tons cuivr\u00e9s. Cependant, c&rsquo;est le feuillage qui maintient son int\u00e9r\u00eat d\u00e9coratif tout au long de l&rsquo;ann\u00e9e.<br \/>\nLe Phormium cookianum \u00ab\u00a0Pink Flamingo\u00a0\u00bb se d\u00e9veloppe mieux dans des expositions ensoleill\u00e9es ou \u00e0 mi-ombre, sur un sol bien drain\u00e9. Il tol\u00e8re la salinit\u00e9 et le vent, ce qui le rend \u00e9galement adapt\u00e9 aux jardins c\u00f4tiers. Une fois bien \u00e9tabli, il r\u00e9siste \u00e0 la s\u00e9cheresse et aux conditions environnementales difficiles. Dans les climats sujets \u00e0 de fortes gel\u00e9es, il est conseill\u00e9 de le prot\u00e9ger pendant les mois d&rsquo;hiver ou de le cultiver en pot.<br \/>\nPour sa couleur d\u00e9licatement vive, sa structure ordonn\u00e9e et sa facilit\u00e9 de culture, le Phormium \u00ab\u00a0Pink Flamingo\u00a0\u00bb repr\u00e9sente un choix int\u00e9ressant pour ceux qui recherchent une plante persistante capable d&rsquo;apporter une touche d&rsquo;originalit\u00e9 et de l\u00e9g\u00e8ret\u00e9 \u00e0 leur jardin ou \u00e0 leur terrasse.<\/p>\n","protected":false},"excerpt":{"rendered":"<p>Phormium cookianum \u00ab\u00a0Pink Flamingo\u00a0\u00bb est une vari\u00e9t\u00e9 de lin de Nouvelle-Z\u00e9lande \u00e0 l&rsquo;aspect \u00e9l\u00e9gant et au feuillage panach\u00e9, particuli\u00e8rement appr\u00e9ci\u00e9e pour ses nuances d\u00e9licates mais lumineuses. C&rsquo;est un cultivar persistant, au profil ornemental prononc\u00e9 mais sans exc\u00e8s, id\u00e9al pour sublimer les bordures, les massifs et les compositions en pot, aussi bien dans les jardins modernes [&hellip;]<\/p>\n","protected":false},"featured_media":0,"template":"","meta":{"_acf_changed":false},"product_brand":[],"product_cat":[134,166],"product_tag":[],"class_list":{"0":"post-13456","1":"product","2":"type-product","3":"status-publish","5":"product_cat-plantes","6":"product_cat-arbuste","7":"pa_forma-arbuste","9":"first","10":"instock","11":"purchasable","12":"product-type-variable"},"acf":[],"_links":{"self":[{"href":"https:\/\/vivaiobaronti.com\/fr\/wp-json\/wp\/v2\/product\/13456","targetHints":{"allow":["GET"]}}],"collection":[{"href":"https:\/\/vivaiobaronti.com\/fr\/wp-json\/wp\/v2\/product"}],"about":[{"href":"https:\/\/vivaiobaronti.com\/fr\/wp-json\/wp\/v2\/types\/product"}],"wp:attachment":[{"href":"https:\/\/vivaiobaronti.com\/fr\/wp-json\/wp\/v2\/media?parent=13456"}],"wp:term":[{"taxonomy":"product_brand","embeddable":true,"href":"https:\/\/vivaiobaronti.com\/fr\/wp-json\/wp\/v2\/product_brand?post=13456"},{"taxonomy":"product_cat","embeddable":true,"href":"https:\/\/vivaiobaronti.com\/fr\/wp-json\/wp\/v2\/product_cat?post=13456"},{"taxonomy":"product_tag","embeddable":true,"href":"https:\/\/vivaiobaronti.com\/fr\/wp-json\/wp\/v2\/product_tag?post=13456"}],"curies":[{"name":"wp","href":"https:\/\/api.w.org\/{rel}","templated":true}]}}