{"id":13452,"date":"2025-05-20T08:20:27","date_gmt":"2025-05-20T08:20:27","guid":{"rendered":"https:\/\/quizzical-davinci.89-31-73-59.plesk.page\/pianta\/phormium-duette\/"},"modified":"2025-07-24T08:49:40","modified_gmt":"2025-07-24T08:49:40","slug":"phormium-duette","status":"publish","type":"product","link":"https:\/\/vivaiobaronti.com\/fr\/pianta\/phormium-duette\/","title":{"rendered":"PHORMIUM DUETTE"},"content":{"rendered":"<p>Phormium cookianum \u00ab\u00a0Duette\u00a0\u00bb est un cultivar de lin compact et ornemental originaire de Nouvelle-Z\u00e9lande, appr\u00e9ci\u00e9 pour son feuillage panach\u00e9 aux tons clairs et pour son port \u00e9l\u00e9gant et sinueux. C&rsquo;est une plante persistante \u00e0 forte valeur d\u00e9corative, id\u00e9ale pour cr\u00e9er des points lumineux dans les massifs, les bordures mixtes ou les compositions en pot.<br \/>\nLes feuilles, en forme de ruban et l\u00e9g\u00e8rement arqu\u00e9es, sont longues, souples et dispos\u00e9es en \u00e9ventail.<br \/>\nLa couleur est l&rsquo;un des aspects les plus distinctifs de cette vari\u00e9t\u00e9\u00a0: le centre des feuilles est vert p\u00e2le avec des tons cr\u00e8me ou jaune clair, bord\u00e9 de marges vert olive plus fonc\u00e9.<br \/>\nCe contraste d\u00e9licat mais visible conf\u00e8re \u00e0 la plante une luminosit\u00e9 naturelle, capable d&rsquo;\u00e9gayer m\u00eame les compositions les plus sobres.<br \/>\n\u00ab\u00a0Duette\u00a0\u00bb Sa croissance est ordonn\u00e9e et mod\u00e9r\u00e9e, avec une hauteur maximale d&rsquo;environ 80 \u00e0 100 cm, ce qui le rend adapt\u00e9 aux petits espaces ou \u00e0 la culture en pot. Son port est l\u00e9g\u00e8rement \u00e9tal\u00e9, ses feuilles se recourbant gracieusement vers l&rsquo;ext\u00e9rieur, conf\u00e9rant \u00e0 la plante un aspect doux et harmonieux.<br \/>\nLa floraison est rare en culture, mais lorsqu&rsquo;elle a lieu, elle a lieu en \u00e9t\u00e9, avec des tiges hautes et rigides portant des fleurs tubulaires rouge\u00e2tres ou cuivr\u00e9es. Cependant, sa principale valeur ornementale reste li\u00e9e \u00e0 la beaut\u00e9 et \u00e0 la stabilit\u00e9 de son feuillage panach\u00e9 tout au long de l&rsquo;ann\u00e9e.<br \/>\nPhormium cookianum \u00ab\u00a0Duette\u00a0\u00bb pr\u00e9f\u00e8re les expositions en plein soleil ou \u00e0 mi-ombre et pousse bien dans un sol bien drain\u00e9. C&rsquo;est une plante rustique, qui tol\u00e8re l&rsquo;exposition au vent et \u00e0 la salinit\u00e9, ce qui la rend id\u00e9ale pour les jardins c\u00f4tiers. Une fois bien enracin\u00e9e, elle r\u00e9siste aux courtes p\u00e9riodes de s\u00e9cheresse et peut tol\u00e9rer des temp\u00e9ratures froides mod\u00e9r\u00e9es, mais dans les r\u00e9gions sujettes aux gel\u00e9es prolong\u00e9es, une protection hivernale est recommand\u00e9e.<br \/>\nPour son \u00e9l\u00e9gance discr\u00e8te, sa couleur claire et sa facilit\u00e9 de culture, le Phormium<br \/>\n&amp;#39;Duette&amp;#39; est parfait pour des compositions lumineuses, des associations avec des plantes vivaces et des gramin\u00e9es, ou comme \u00e9l\u00e9ment de contraste dans les jardins contemporains et m\u00e9diterran\u00e9ens.<\/p>\n","protected":false},"excerpt":{"rendered":"<p>Phormium cookianum \u00ab\u00a0Duette\u00a0\u00bb est un cultivar de lin compact et ornemental originaire de Nouvelle-Z\u00e9lande, appr\u00e9ci\u00e9 pour son feuillage panach\u00e9 aux tons clairs et pour son port \u00e9l\u00e9gant et sinueux. C&rsquo;est une plante persistante \u00e0 forte valeur d\u00e9corative, id\u00e9ale pour cr\u00e9er des points lumineux dans les massifs, les bordures mixtes ou les compositions en pot. Les [&hellip;]<\/p>\n","protected":false},"featured_media":0,"template":"","meta":{"_acf_changed":false},"product_brand":[],"product_cat":[134,166],"product_tag":[],"class_list":{"0":"post-13452","1":"product","2":"type-product","3":"status-publish","5":"product_cat-plantes","6":"product_cat-arbuste","7":"pa_forma-arbuste","9":"first","10":"instock","11":"purchasable","12":"product-type-variable"},"acf":[],"_links":{"self":[{"href":"https:\/\/vivaiobaronti.com\/fr\/wp-json\/wp\/v2\/product\/13452","targetHints":{"allow":["GET"]}}],"collection":[{"href":"https:\/\/vivaiobaronti.com\/fr\/wp-json\/wp\/v2\/product"}],"about":[{"href":"https:\/\/vivaiobaronti.com\/fr\/wp-json\/wp\/v2\/types\/product"}],"wp:attachment":[{"href":"https:\/\/vivaiobaronti.com\/fr\/wp-json\/wp\/v2\/media?parent=13452"}],"wp:term":[{"taxonomy":"product_brand","embeddable":true,"href":"https:\/\/vivaiobaronti.com\/fr\/wp-json\/wp\/v2\/product_brand?post=13452"},{"taxonomy":"product_cat","embeddable":true,"href":"https:\/\/vivaiobaronti.com\/fr\/wp-json\/wp\/v2\/product_cat?post=13452"},{"taxonomy":"product_tag","embeddable":true,"href":"https:\/\/vivaiobaronti.com\/fr\/wp-json\/wp\/v2\/product_tag?post=13452"}],"curies":[{"name":"wp","href":"https:\/\/api.w.org\/{rel}","templated":true}]}}