{"id":13446,"date":"2025-05-20T08:20:27","date_gmt":"2025-05-20T08:20:27","guid":{"rendered":"https:\/\/quizzical-davinci.89-31-73-59.plesk.page\/pianta\/phillyrea-angustifolia\/"},"modified":"2025-07-24T08:49:40","modified_gmt":"2025-07-24T08:49:40","slug":"phillyrea-angustifolia","status":"publish","type":"product","link":"https:\/\/vivaiobaronti.com\/fr\/pianta\/phillyrea-angustifolia\/","title":{"rendered":"PHILLYREA ANGUSTIFOLIA"},"content":{"rendered":"<p><span style=\"font-weight: 400\">Phillyrea angustifolia est un arbuste persistant de la famille des Ol\u00e9ac\u00e9es, typique du maquis m\u00e9diterran\u00e9en et tr\u00e8s appr\u00e9ci\u00e9 pour sa rusticit\u00e9, son feuillage fin et coriace et sa r\u00e9sistance \u00e0 la s\u00e9cheresse. C&rsquo;est une plante indig\u00e8ne de la r\u00e9gion m\u00e9diterran\u00e9enne, souvent utilis\u00e9e aussi bien dans des contextes naturalistes que dans des projets de jardinage ornemental gr\u00e2ce \u00e0 son adaptabilit\u00e9 et \u00e0 son \u00e9l\u00e9gance discr\u00e8te.<\/span> <span style=\"font-weight: 400\">Le port est compact, dense et naturellement ordonn\u00e9, avec une ramification dense qui le rend \u00e9galement id\u00e9al pour les haies informelles ou comme sp\u00e9cimen isol\u00e9. Les feuilles sont \u00e9troites, lin\u00e9aires-lanc\u00e9ol\u00e9es, vert fonc\u00e9 brillant sur la face sup\u00e9rieure et plus claires en dessous. La texture fine du feuillage conf\u00e8re \u00e0 la plante un aspect sobre mais raffin\u00e9, parfaitement en harmonie avec les jardins m\u00e9diterran\u00e9ens ou contemporains.<\/span> <span style=\"font-weight: 400\">La floraison a lieu au printemps\u00a0: de petites fleurs blanc verd\u00e2tre, rassembl\u00e9es en minuscules grappes, apparaissent \u00e0 l&rsquo;aisselle des feuilles. Bien que peu spectaculaires d&rsquo;un point de vue ornemental, elles sont mellif\u00e8res et attirent les abeilles et les insectes pollinisateurs. Elles peuvent \u00eatre suivies de petites drupes fonc\u00e9es, semblables \u00e0 des olives, non comestibles mais d&rsquo;une valeur ornementale discr\u00e8te. Phillyrea angustifolia pousse lentement, atteignant g\u00e9n\u00e9ralement une hauteur de 2 \u00e0 3 m\u00e8tres, bien que dans des environnements favorables, elle puisse d\u00e9passer 4 m\u00e8tres. C&rsquo;est une plante extr\u00eamement r\u00e9sistante\u00a0: elle tol\u00e8re les s\u00e9cheresses prolong\u00e9es, les sols pauvres et calcaires, les vents salins et les expositions ensoleill\u00e9es. Elle s&rsquo;adapte \u00e9galement aux sols caillouteux ou peu profonds, \u00e0 condition qu&rsquo;ils soient bien drain\u00e9s. Il r\u00e9siste bien au froid, \u00e0 la taille et \u00e0 la pollution urbaine, ce qui le rend adapt\u00e9 aux jardins urbains ou c\u00f4tiers.<\/span> <span style=\"font-weight: 400\">En raison de sa r\u00e9sistance, de ses faibles besoins en eau et de sa valeur paysag\u00e8re, Phillyrea angustifolia est un excellent choix pour ceux qui recherchent un arbuste persistant durable et discret, adapt\u00e9 aux conditions environnementales difficiles, sans sacrifier une certaine \u00e9l\u00e9gance naturelle.<\/span><\/p>\n","protected":false},"excerpt":{"rendered":"<p>Phillyrea angustifolia est un arbuste persistant de la famille des Ol\u00e9ac\u00e9es, typique du maquis m\u00e9diterran\u00e9en et tr\u00e8s appr\u00e9ci\u00e9 pour sa rusticit\u00e9, son feuillage fin et coriace et sa r\u00e9sistance \u00e0 la s\u00e9cheresse. C&rsquo;est une plante indig\u00e8ne de la r\u00e9gion m\u00e9diterran\u00e9enne, souvent utilis\u00e9e aussi bien dans des contextes naturalistes que dans des projets de jardinage ornemental [&hellip;]<\/p>\n","protected":false},"featured_media":0,"template":"","meta":{"_acf_changed":false},"product_brand":[],"product_cat":[134,166],"product_tag":[],"class_list":{"0":"post-13446","1":"product","2":"type-product","3":"status-publish","5":"product_cat-plantes","6":"product_cat-arbuste","7":"pa_forma-arbuste","9":"first","10":"instock","11":"purchasable","12":"product-type-variable"},"acf":[],"_links":{"self":[{"href":"https:\/\/vivaiobaronti.com\/fr\/wp-json\/wp\/v2\/product\/13446","targetHints":{"allow":["GET"]}}],"collection":[{"href":"https:\/\/vivaiobaronti.com\/fr\/wp-json\/wp\/v2\/product"}],"about":[{"href":"https:\/\/vivaiobaronti.com\/fr\/wp-json\/wp\/v2\/types\/product"}],"wp:attachment":[{"href":"https:\/\/vivaiobaronti.com\/fr\/wp-json\/wp\/v2\/media?parent=13446"}],"wp:term":[{"taxonomy":"product_brand","embeddable":true,"href":"https:\/\/vivaiobaronti.com\/fr\/wp-json\/wp\/v2\/product_brand?post=13446"},{"taxonomy":"product_cat","embeddable":true,"href":"https:\/\/vivaiobaronti.com\/fr\/wp-json\/wp\/v2\/product_cat?post=13446"},{"taxonomy":"product_tag","embeddable":true,"href":"https:\/\/vivaiobaronti.com\/fr\/wp-json\/wp\/v2\/product_tag?post=13446"}],"curies":[{"name":"wp","href":"https:\/\/api.w.org\/{rel}","templated":true}]}}