{"id":13297,"date":"2025-05-20T08:20:27","date_gmt":"2025-05-20T08:20:27","guid":{"rendered":"https:\/\/quizzical-davinci.89-31-73-59.plesk.page\/pianta\/osmanthus-aquifolium\/"},"modified":"2025-09-22T11:55:12","modified_gmt":"2025-09-22T11:55:12","slug":"osmanthus-aquifolium","status":"publish","type":"product","link":"https:\/\/vivaiobaronti.com\/fr\/pianta\/osmanthus-aquifolium\/","title":{"rendered":"OSMANTHUS AQUIFOLIUM"},"content":{"rendered":"<p><span style=\"font-weight: 400\">L&rsquo;Osmanthus heterophyllus, commun\u00e9ment appel\u00e9 osmanthus \u00e0 feuilles de houx ou \u00ab\u00a0osmanthus aquifolium\u00a0\u00bb, est un arbuste ornemental \u00e0 feuilles persistantes, appr\u00e9ci\u00e9 pour sa rusticit\u00e9, son feuillage d\u00e9coratif et sa floraison automnale parfum\u00e9e. Originaire du Japon et de Ta\u00efwan, il se distingue par son port dense et compact et sa capacit\u00e9 \u00e0 conserver une apparence soign\u00e9e avec une taille minimale.<\/span> <span style=\"font-weight: 400\">Ses feuilles coriaces et brillantes sont vert fonc\u00e9 et profond\u00e9ment dentel\u00e9es, avec des bords \u00e9pineux, surtout chez les jeunes sp\u00e9cimens. La similitude avec le houx (Ilex aquifolium) a contribu\u00e9 \u00e0 la diffusion du nom commun, mais contrairement \u00e0 ce dernier, l&rsquo;osmanthus pr\u00e9sente une texture plus fine et une disposition plus r\u00e9guli\u00e8re du feuillage. Avec l&rsquo;\u00e2ge, les feuilles ont tendance \u00e0 devenir moins \u00e9pineuses et plus ovales. En automne, l&rsquo;Osmanthus heterophyllus offre une floraison discr\u00e8te mais d\u00e9licieusement parfum\u00e9e\u00a0: de petites fleurs blanches, regroup\u00e9es \u00e0 l&rsquo;aisselle des feuilles, lib\u00e8rent un parfum intense et sucr\u00e9, semblable \u00e0 celui du jasmin. Bien que de petite taille et visuellement discr\u00e8tes, les fleurs sont tr\u00e8s appr\u00e9ci\u00e9es pour leur parfum, qui se r\u00e9pand largement autour de la plante. L&rsquo;osmanthus \u00e0 feuilles \u00e9pineuses peut atteindre 3 \u00e0 4\u00a0m\u00e8tres de hauteur, conservant une croissance lente et ordonn\u00e9e. Il convient aussi bien comme sp\u00e9cimen isol\u00e9 que pour les haies formelles ou naturelles, gr\u00e2ce \u00e0 sa tol\u00e9rance \u00e0 la taille et \u00e0 sa structure compacte. Il pr\u00e9f\u00e8re une exposition en plein soleil ou \u00e0 mi-ombre, sur des sols bien drain\u00e9s, frais et l\u00e9g\u00e8rement acides, mais s&rsquo;adapte aussi facilement \u00e0 des conditions moins id\u00e9ales. L&rsquo;Osmanthus heterophyllus est une plante tr\u00e8s rustique, r\u00e9sistante au froid et au vent, \u00e9galement adapt\u00e9e aux jardins urbains gr\u00e2ce \u00e0 sa tol\u00e9rance \u00e0 la pollution atmosph\u00e9rique. Il n\u00e9cessite peu d&rsquo;entretien et est id\u00e9al pour ceux qui recherchent une plante persistante \u00e0 la valeur d\u00e9corative constante et \u00e0 la floraison parfum\u00e9e int\u00e9ressante lorsque le jardin offre moins de couleurs.<\/p>\n","protected":false},"excerpt":{"rendered":"<p>L&rsquo;Osmanthus heterophyllus, commun\u00e9ment appel\u00e9 osmanthus \u00e0 feuilles de houx ou \u00ab\u00a0osmanthus aquifolium\u00a0\u00bb, est un arbuste ornemental \u00e0 feuilles persistantes, appr\u00e9ci\u00e9 pour sa rusticit\u00e9, son feuillage d\u00e9coratif et sa floraison automnale parfum\u00e9e. Originaire du Japon et de Ta\u00efwan, il se distingue par son port dense et compact et sa capacit\u00e9 \u00e0 conserver une apparence soign\u00e9e avec [&hellip;]<\/p>\n","protected":false},"featured_media":7162,"template":"","meta":{"_acf_changed":false},"product_brand":[],"product_cat":[134,166],"product_tag":[],"class_list":{"0":"post-13297","1":"product","2":"type-product","3":"status-publish","4":"has-post-thumbnail","6":"product_cat-plantes","7":"product_cat-arbuste","8":"pa_forma-arbuste","10":"first","11":"instock","12":"purchasable","13":"product-type-variable"},"acf":[],"_links":{"self":[{"href":"https:\/\/vivaiobaronti.com\/fr\/wp-json\/wp\/v2\/product\/13297","targetHints":{"allow":["GET"]}}],"collection":[{"href":"https:\/\/vivaiobaronti.com\/fr\/wp-json\/wp\/v2\/product"}],"about":[{"href":"https:\/\/vivaiobaronti.com\/fr\/wp-json\/wp\/v2\/types\/product"}],"wp:featuredmedia":[{"embeddable":true,"href":"https:\/\/vivaiobaronti.com\/fr\/wp-json\/wp\/v2\/media\/7162"}],"wp:attachment":[{"href":"https:\/\/vivaiobaronti.com\/fr\/wp-json\/wp\/v2\/media?parent=13297"}],"wp:term":[{"taxonomy":"product_brand","embeddable":true,"href":"https:\/\/vivaiobaronti.com\/fr\/wp-json\/wp\/v2\/product_brand?post=13297"},{"taxonomy":"product_cat","embeddable":true,"href":"https:\/\/vivaiobaronti.com\/fr\/wp-json\/wp\/v2\/product_cat?post=13297"},{"taxonomy":"product_tag","embeddable":true,"href":"https:\/\/vivaiobaronti.com\/fr\/wp-json\/wp\/v2\/product_tag?post=13297"}],"curies":[{"name":"wp","href":"https:\/\/api.w.org\/{rel}","templated":true}]}}