{"id":13229,"date":"2025-05-20T08:20:27","date_gmt":"2025-05-20T08:20:27","guid":{"rendered":"https:\/\/quizzical-davinci.89-31-73-59.plesk.page\/pianta\/nandina-domestica\/"},"modified":"2025-07-24T08:49:33","modified_gmt":"2025-07-24T08:49:33","slug":"nandina-domestica","status":"publish","type":"product","link":"https:\/\/vivaiobaronti.com\/fr\/pianta\/nandina-domestica\/","title":{"rendered":"NANDINA DOMESTICA"},"content":{"rendered":"<p><span style=\"font-weight: 400;\">Nandina domestica, commun\u00e9ment appel\u00e9 bambou sacr\u00e9, est un arbuste \u00e0 feuilles persistantes d&rsquo;origine asiatique, appr\u00e9ci\u00e9 depuis des si\u00e8cles pour l&rsquo;\u00e9l\u00e9gance de sa forme et l&rsquo;\u00e9volution chromatique de son feuillage, ce qui en fait une pr\u00e9sence ornementale constante en toute saison. Malgr\u00e9 son nom commun, il n&rsquo;a aucun lien botanique avec le bambou, m\u00eame s&rsquo;il lui ressemble vaguement en raison de la l\u00e9g\u00e8ret\u00e9 et de la disposition de son feuillage.<\/span> <span style=\"font-weight: 400;\">La plante a des tiges fines et dress\u00e9es, peu ramifi\u00e9es \u00e0 la base, qui s&rsquo;\u00e9l\u00e8vent de mani\u00e8re ordonn\u00e9e et verticale. Les feuilles, compos\u00e9es et l\u00e9g\u00e8res, apparaissent bronze ou rouge\u00e2tres au printemps, deviennent vert brillant en \u00e9t\u00e9 et redeviennent rouges, orange ou violettes \u00e0 l&rsquo;arriv\u00e9e de l&rsquo;automne, conservant leur couleur m\u00eame pendant les mois d&rsquo;hiver. Cette extraordinaire variabilit\u00e9 chromatique fait de la Nandina domestica l&rsquo;une des esp\u00e8ces d&rsquo;arbustes \u00e0 feuillage les plus d\u00e9coratives. En \u00e9t\u00e9, la plante produit des panicules de petites fleurs blanches, parfois l\u00e9g\u00e8rement parfum\u00e9es, suivies &#8211; si elle n&rsquo;est pas taill\u00e9e &#8211; de la formation de baies sph\u00e9riques d&rsquo;un rouge vif qui persistent sur la plante jusqu&rsquo;\u00e0 la fin de l&rsquo;hiver. Ces fruits, bien qu&rsquo;ornementaux, ne sont pas comestibles et peuvent \u00eatre toxiques pour certains animaux domestiques. La Nandina domestica peut atteindre une hauteur comprise entre 1,5 et 2 m\u00e8tres, avec une largeur proportionnelle, et d\u00e9veloppe un port colonnaire et l\u00e9ger, qui s&rsquo;int\u00e8gre aussi bien dans les contextes modernes que dans les jardins plus traditionnels. C&rsquo;est une plante r\u00e9sistante, adapt\u00e9e au plein soleil comme \u00e0 la mi-ombre, et qui s&rsquo;adapte bien \u00e0 diff\u00e9rents types de sols, \u00e0 condition qu&rsquo;ils soient bien drain\u00e9s. Une fois bien \u00e9tablie, elle tol\u00e8re la s\u00e9cheresse et le froid mod\u00e9r\u00e9, ce qui en fait un choix polyvalent m\u00eame pour ceux qui recherchent une plante n\u00e9cessitant peu d&rsquo;entretien.<\/span> <span style=\"font-weight: 400;\">Gr\u00e2ce \u00e0 son cycle d\u00e9coratif complet &#8211; feuillage, fleurs et fruits &#8211; la Nandina domestica est id\u00e9ale en sp\u00e9cimen unique, en groupe, pour des haies mixtes ou m\u00eame en pot, o\u00f9 elle peut offrir une touche exotique et raffin\u00e9e tout au long de l&rsquo;ann\u00e9e.<\/span><\/p>\n","protected":false},"excerpt":{"rendered":"<p>Nandina domestica, commun\u00e9ment appel\u00e9 bambou sacr\u00e9, est un arbuste \u00e0 feuilles persistantes d&rsquo;origine asiatique, appr\u00e9ci\u00e9 depuis des si\u00e8cles pour l&rsquo;\u00e9l\u00e9gance de sa forme et l&rsquo;\u00e9volution chromatique de son feuillage, ce qui en fait une pr\u00e9sence ornementale constante en toute saison. Malgr\u00e9 son nom commun, il n&rsquo;a aucun lien botanique avec le bambou, m\u00eame s&rsquo;il lui [&hellip;]<\/p>\n","protected":false},"featured_media":7126,"template":"","meta":{"_acf_changed":false},"product_brand":[],"product_cat":[134,166],"product_tag":[],"class_list":{"0":"post-13229","1":"product","2":"type-product","3":"status-publish","4":"has-post-thumbnail","6":"product_cat-plantes","7":"product_cat-arbuste","8":"pa_forma-arbuste","10":"first","11":"instock","12":"purchasable","13":"product-type-variable"},"acf":[],"_links":{"self":[{"href":"https:\/\/vivaiobaronti.com\/fr\/wp-json\/wp\/v2\/product\/13229","targetHints":{"allow":["GET"]}}],"collection":[{"href":"https:\/\/vivaiobaronti.com\/fr\/wp-json\/wp\/v2\/product"}],"about":[{"href":"https:\/\/vivaiobaronti.com\/fr\/wp-json\/wp\/v2\/types\/product"}],"wp:featuredmedia":[{"embeddable":true,"href":"https:\/\/vivaiobaronti.com\/fr\/wp-json\/wp\/v2\/media\/7126"}],"wp:attachment":[{"href":"https:\/\/vivaiobaronti.com\/fr\/wp-json\/wp\/v2\/media?parent=13229"}],"wp:term":[{"taxonomy":"product_brand","embeddable":true,"href":"https:\/\/vivaiobaronti.com\/fr\/wp-json\/wp\/v2\/product_brand?post=13229"},{"taxonomy":"product_cat","embeddable":true,"href":"https:\/\/vivaiobaronti.com\/fr\/wp-json\/wp\/v2\/product_cat?post=13229"},{"taxonomy":"product_tag","embeddable":true,"href":"https:\/\/vivaiobaronti.com\/fr\/wp-json\/wp\/v2\/product_tag?post=13229"}],"curies":[{"name":"wp","href":"https:\/\/api.w.org\/{rel}","templated":true}]}}