{"id":13145,"date":"2025-05-20T08:20:27","date_gmt":"2025-05-20T08:20:27","guid":{"rendered":"https:\/\/quizzical-davinci.89-31-73-59.plesk.page\/pianta\/nandina-domestica-obsessedr-royalty\/"},"modified":"2025-07-24T08:49:33","modified_gmt":"2025-07-24T08:49:33","slug":"nandina-domestica-obsessedr-royalty","status":"publish","type":"product","link":"https:\/\/vivaiobaronti.com\/fr\/pianta\/nandina-domestica-obsessedr-royalty\/","title":{"rendered":"NANDINA DOMESTICA OBSESSED(R-ROYALTY)"},"content":{"rendered":"<p>Nandina domestica \u00ab\u00a0Obsessed\u00a0\u00bb (\u00e9galement connue sous le nom de \u00ab\u00a0Seika\u00a0\u00bb) est une vari\u00e9t\u00e9 compacte et persistante, d&rsquo;une grande valeur ornementale, s\u00e9lectionn\u00e9e pour son feuillage aux couleurs vives et son port soign\u00e9. Ce cultivar se distingue par sa couleur rouge exceptionnelle, d\u00e9j\u00e0 pr\u00e9sente sur les jeunes feuilles et persistante pendant les mois froids, ce qui en fait l&rsquo;une des vari\u00e9t\u00e9s les plus spectaculaires de la famille Nandina. Son feuillage, finement compos\u00e9 et l\u00e9ger, ressemble \u00e0 celui du bambou, mais avec une couleur beaucoup plus intense et dynamique. Les nouvelles pousses apparaissent dans des tons rouge vif, puis virent au vert intense en \u00e9t\u00e9. En automne et en hiver, la plante redevient rouge vif, cr\u00e9ant des taches de couleur \u00e9clatantes m\u00eame dans les jardins les plus arides. Contrairement \u00e0 l&rsquo;esp\u00e8ce type, \u00ab\u00a0Obsessed\u00a0\u00bb a \u00e9t\u00e9 s\u00e9lectionn\u00e9<br \/>\npour sa couleur plus stable et marqu\u00e9e, ainsi que pour son port plus compact.<br \/>\nLe port est buissonnant, net et naturellement arrondi, avec une croissance lente et contenue. Elle atteint g\u00e9n\u00e9ralement une hauteur d&rsquo;environ 60 \u00e0 80 cm, conservant une structure dense et r\u00e9guli\u00e8re sans n\u00e9cessiter de taille. Elle est parfaite pour les bordures basses, les jardins formels, les compositions en pot et comme \u00e9l\u00e9ment color\u00e9 dans les jardins modernes.<br \/>\nLa Nandina \u00ab\u00a0Obsessed\u00a0\u00bb est tr\u00e8s r\u00e9sistante et facile \u00e0 cultiver. Elle s&rsquo;adapte \u00e0 une grande vari\u00e9t\u00e9 de sols, \u00e0 condition qu&rsquo;ils soient bien drain\u00e9s, et tol\u00e8re aussi bien le plein soleil que la mi-ombre. Elle est rustique et r\u00e9sistante au froid, et une fois bien enracin\u00e9e, elle tol\u00e8re m\u00eame de courtes p\u00e9riodes de s\u00e9cheresse.<br \/>\nElle ne n\u00e9cessite pas d&rsquo;entretien particulier, ce qui la rend \u00e9galement id\u00e9ale pour ceux qui recherchent une plante d\u00e9corative facile d&rsquo;entretien.<br \/>\nPour sa couleur saisonni\u00e8re \u00e9clatante et son port compact, la Nandina domestica \u00ab\u00a0Obsessed\u00a0\u00bb est un choix id\u00e9al pour cr\u00e9er des points de mire, des effets de couleur et des textures durables dans les jardins de tous styles.<\/p>\n","protected":false},"excerpt":{"rendered":"<p>Nandina domestica \u00ab\u00a0Obsessed\u00a0\u00bb (\u00e9galement connue sous le nom de \u00ab\u00a0Seika\u00a0\u00bb) est une vari\u00e9t\u00e9 compacte et persistante, d&rsquo;une grande valeur ornementale, s\u00e9lectionn\u00e9e pour son feuillage aux couleurs vives et son port soign\u00e9. Ce cultivar se distingue par sa couleur rouge exceptionnelle, d\u00e9j\u00e0 pr\u00e9sente sur les jeunes feuilles et persistante pendant les mois froids, ce qui en [&hellip;]<\/p>\n","protected":false},"featured_media":7082,"template":"","meta":{"_acf_changed":false},"product_brand":[],"product_cat":[134,166],"product_tag":[],"class_list":{"0":"post-13145","1":"product","2":"type-product","3":"status-publish","4":"has-post-thumbnail","6":"product_cat-plantes","7":"product_cat-arbuste","8":"pa_forma-arbuste","10":"first","11":"instock","12":"purchasable","13":"product-type-variable"},"acf":[],"_links":{"self":[{"href":"https:\/\/vivaiobaronti.com\/fr\/wp-json\/wp\/v2\/product\/13145","targetHints":{"allow":["GET"]}}],"collection":[{"href":"https:\/\/vivaiobaronti.com\/fr\/wp-json\/wp\/v2\/product"}],"about":[{"href":"https:\/\/vivaiobaronti.com\/fr\/wp-json\/wp\/v2\/types\/product"}],"wp:featuredmedia":[{"embeddable":true,"href":"https:\/\/vivaiobaronti.com\/fr\/wp-json\/wp\/v2\/media\/7082"}],"wp:attachment":[{"href":"https:\/\/vivaiobaronti.com\/fr\/wp-json\/wp\/v2\/media?parent=13145"}],"wp:term":[{"taxonomy":"product_brand","embeddable":true,"href":"https:\/\/vivaiobaronti.com\/fr\/wp-json\/wp\/v2\/product_brand?post=13145"},{"taxonomy":"product_cat","embeddable":true,"href":"https:\/\/vivaiobaronti.com\/fr\/wp-json\/wp\/v2\/product_cat?post=13145"},{"taxonomy":"product_tag","embeddable":true,"href":"https:\/\/vivaiobaronti.com\/fr\/wp-json\/wp\/v2\/product_tag?post=13145"}],"curies":[{"name":"wp","href":"https:\/\/api.w.org\/{rel}","templated":true}]}}