{"id":13078,"date":"2025-05-20T08:20:20","date_gmt":"2025-05-20T08:20:20","guid":{"rendered":"https:\/\/quizzical-davinci.89-31-73-59.plesk.page\/pianta\/nandina-domestica-gulf-stream\/"},"modified":"2025-07-24T08:49:33","modified_gmt":"2025-07-24T08:49:33","slug":"nandina-domestica-gulf-stream","status":"publish","type":"product","link":"https:\/\/vivaiobaronti.com\/fr\/pianta\/nandina-domestica-gulf-stream\/","title":{"rendered":"NANDINA DOMESTICA GULF STREAM"},"content":{"rendered":"<p><span style=\"font-weight: 400;\">Nandina domestica &lsquo;Gulf Stream&rsquo; est une vari\u00e9t\u00e9 compacte et persistante du \u00ab\u00a0bambou sacr\u00e9\u00a0\u00bb, appr\u00e9ci\u00e9e pour son feuillage d\u00e9coratif et son extraordinaire capacit\u00e9 \u00e0 changer de couleur au fil des saisons. Contrairement \u00e0 l&rsquo;esp\u00e8ce type, ce cultivar se d\u00e9veloppe avec un port plus dense et plus ordonn\u00e9, formant des buissons arrondis et bien ramifi\u00e9s, parfaits pour les bordures, les haies basses, les rocailles ou pour la culture en pot.<\/span> <span style=\"font-weight: 400;\">Le feuillage de &lsquo;Gulf Stream&rsquo; est finement compos\u00e9 et de texture l\u00e9g\u00e8re, semblable \u00e0 celui du bambou, mais avec une \u00e9volution chromatique particuli\u00e8rement int\u00e9ressante\u00a0: les jeunes feuilles \u00e9mergent avec des nuances de bronze et de cuivre, deviennent vert vif en \u00e9t\u00e9, et enfin rouge fonc\u00e9 et orange en automne et en hiver. Ce changement de couleur saisonnier repr\u00e9sente la principale valeur ornementale de la plante, qui reste d\u00e9corative \u00e0 tout moment de l&rsquo;ann\u00e9e.<\/span> <span style=\"font-weight: 400;\">Contrairement \u00e0 la traditionnelle Nandina domestica, &lsquo;Gulf Stream&rsquo; produit rarement des fleurs ou des baies, mais se distingue par un port naturellement compact, qui ne n\u00e9cessite pas de taille fr\u00e9quente. Sa croissance est lente et contenue\u00a0: \u00e0 l&rsquo;\u00e2ge adulte, elle atteint une hauteur d&rsquo;environ 80 \u00e0 100\u00a0cm, avec une largeur similaire, conservant une structure \u00e9quilibr\u00e9e et ordonn\u00e9e.<\/span> <span style=\"font-weight: 400;\">Elle pr\u00e9f\u00e8re les emplacements ensoleill\u00e9s ou l\u00e9g\u00e8rement ombrag\u00e9s et s&rsquo;adapte facilement \u00e0 diff\u00e9rents types de sols, \u00e0 condition qu&rsquo;ils soient bien drain\u00e9s. Elle tol\u00e8re le froid, les gel\u00e9es courtes et m\u00eame les p\u00e9riodes de s\u00e9cheresse, une fois bien enracin\u00e9e. L&rsquo;entretien est minimal, ce qui en fait une plante id\u00e9ale pour ceux qui souhaitent un \u00e9l\u00e9ment ornemental constant et facile \u00e0 g\u00e9rer.<\/span> <span style=\"font-weight: 400;\">Nandina domestica &lsquo;Gulf Stream&rsquo; est un choix polyvalent, parfait pour les jardins contemporains ou classiques, pour cr\u00e9er des masses de couleurs, des jeux de texture ou des points focaux saisonniers m\u00eame dans les petits espaces.<\/span><\/p>\n","protected":false},"excerpt":{"rendered":"<p>Nandina domestica &lsquo;Gulf Stream&rsquo; est une vari\u00e9t\u00e9 compacte et persistante du \u00ab\u00a0bambou sacr\u00e9\u00a0\u00bb, appr\u00e9ci\u00e9e pour son feuillage d\u00e9coratif et son extraordinaire capacit\u00e9 \u00e0 changer de couleur au fil des saisons. Contrairement \u00e0 l&rsquo;esp\u00e8ce type, ce cultivar se d\u00e9veloppe avec un port plus dense et plus ordonn\u00e9, formant des buissons arrondis et bien ramifi\u00e9s, parfaits pour [&hellip;]<\/p>\n","protected":false},"featured_media":7047,"template":"","meta":{"_acf_changed":false},"product_brand":[],"product_cat":[134,166],"product_tag":[],"class_list":{"0":"post-13078","1":"product","2":"type-product","3":"status-publish","4":"has-post-thumbnail","6":"product_cat-plantes","7":"product_cat-arbuste","8":"pa_forma-arbuste","10":"first","11":"instock","12":"purchasable","13":"product-type-variable"},"acf":[],"_links":{"self":[{"href":"https:\/\/vivaiobaronti.com\/fr\/wp-json\/wp\/v2\/product\/13078","targetHints":{"allow":["GET"]}}],"collection":[{"href":"https:\/\/vivaiobaronti.com\/fr\/wp-json\/wp\/v2\/product"}],"about":[{"href":"https:\/\/vivaiobaronti.com\/fr\/wp-json\/wp\/v2\/types\/product"}],"wp:featuredmedia":[{"embeddable":true,"href":"https:\/\/vivaiobaronti.com\/fr\/wp-json\/wp\/v2\/media\/7047"}],"wp:attachment":[{"href":"https:\/\/vivaiobaronti.com\/fr\/wp-json\/wp\/v2\/media?parent=13078"}],"wp:term":[{"taxonomy":"product_brand","embeddable":true,"href":"https:\/\/vivaiobaronti.com\/fr\/wp-json\/wp\/v2\/product_brand?post=13078"},{"taxonomy":"product_cat","embeddable":true,"href":"https:\/\/vivaiobaronti.com\/fr\/wp-json\/wp\/v2\/product_cat?post=13078"},{"taxonomy":"product_tag","embeddable":true,"href":"https:\/\/vivaiobaronti.com\/fr\/wp-json\/wp\/v2\/product_tag?post=13078"}],"curies":[{"name":"wp","href":"https:\/\/api.w.org\/{rel}","templated":true}]}}