{"id":13076,"date":"2025-05-20T08:20:20","date_gmt":"2025-05-20T08:20:20","guid":{"rendered":"https:\/\/quizzical-davinci.89-31-73-59.plesk.page\/pianta\/nandina-domestica-blush-pink-r-royalty\/"},"modified":"2025-07-24T08:49:33","modified_gmt":"2025-07-24T08:49:33","slug":"nandina-domestica-blush-pink-r-royalty","status":"publish","type":"product","link":"https:\/\/vivaiobaronti.com\/fr\/pianta\/nandina-domestica-blush-pink-r-royalty\/","title":{"rendered":"NANDINA DOMESTICA BLUSH PINK (R-ROYALTY)"},"content":{"rendered":"<p>Nandina domestica \u00ab\u00a0Blush Pink\u00a0\u00bb est une vari\u00e9t\u00e9 compacte et persistante de Nandina,<br \/>\nparticuli\u00e8rement appr\u00e9ci\u00e9e pour la vivacit\u00e9 de son feuillage, qui change de couleur au fil des saisons,<br \/>\noffrant un int\u00e9r\u00eat ornemental constant tout au long de l&rsquo;ann\u00e9e. Arbuste de petite taille et \u00e0 croissance lente, il est id\u00e9al pour les bordures, les rocailles, les massifs mixtes ou<br \/>\npour la culture en pot.<br \/>\nCette vari\u00e9t\u00e9 se distingue par la couleur unique de son jeune feuillage\u00a0: les nouvelles feuilles<br \/>\napparaissent avec des tons rose p\u00e2le et poudr\u00e9s, d&rsquo;o\u00f9 son nom \u00ab\u00a0Blush Pink\u00a0\u00bb, puis<br \/>\ntournent progressivement vers un vert clair et lumineux pendant l&rsquo;\u00e9t\u00e9. \u00c0 l&rsquo;arriv\u00e9e de l&rsquo;automne,<br \/>\nle feuillage reprend des teintes chaudes \u2013 rose, orange et cuivre \u2013<br \/>\nrestant d\u00e9coratif m\u00eame en hiver.<br \/>\nNandina \u00ab\u00a0Blush Pink\u00a0\u00bb Sa production de fleurs et de baies est moins importante que celle de l&rsquo;esp\u00e8ce type, mais elle compense par la beaut\u00e9 et le dynamisme de son feuillage, qui reste son principal atout. Son port est net, compact et arrondi, avec une structure l\u00e9g\u00e8re mais bien ramifi\u00e9e, qui ne n\u00e9cessite pas de taille r\u00e9guli\u00e8re pour maintenir sa forme.<br \/>\nCette vari\u00e9t\u00e9 atteint g\u00e9n\u00e9ralement une hauteur et une largeur maximales d&rsquo;environ 60 \u00e0 70 cm, s&rsquo;adaptant parfaitement aux petits espaces ou aux compositions en pot.<br \/>\nElle pr\u00e9f\u00e8re les expositions en plein soleil ou \u00e0 mi-ombre et pousse bien dans les sols bien drain\u00e9s, l\u00e9g\u00e8rement acides ou neutres. Une fois bien enracin\u00e9e, elle r\u00e9siste \u00e0 la s\u00e9cheresse et aux basses temp\u00e9ratures, ce qui en fait un choix fiable m\u00eame sous les climats temp\u00e9r\u00e9s.<br \/>\nGr\u00e2ce \u00e0 sa couleur raffin\u00e9e et \u00e0 son port compact, Nandina domestica \u00ab\u00a0Blush Pink\u00a0\u00bb<br \/>\nest particuli\u00e8rement adapt\u00e9e \u00e0 ceux qui recherchent une plante d\u00e9corative facile d&rsquo;entretien, capable d&rsquo;apporter couleur et structure au jardin en toute saison.<\/p>\n","protected":false},"excerpt":{"rendered":"<p>Nandina domestica \u00ab\u00a0Blush Pink\u00a0\u00bb est une vari\u00e9t\u00e9 compacte et persistante de Nandina, particuli\u00e8rement appr\u00e9ci\u00e9e pour la vivacit\u00e9 de son feuillage, qui change de couleur au fil des saisons, offrant un int\u00e9r\u00eat ornemental constant tout au long de l&rsquo;ann\u00e9e. Arbuste de petite taille et \u00e0 croissance lente, il est id\u00e9al pour les bordures, les rocailles, les [&hellip;]<\/p>\n","protected":false},"featured_media":0,"template":"","meta":{"_acf_changed":false},"product_brand":[],"product_cat":[134,166],"product_tag":[],"class_list":{"0":"post-13076","1":"product","2":"type-product","3":"status-publish","5":"product_cat-plantes","6":"product_cat-arbuste","7":"pa_forma-arbuste","9":"first","10":"instock","11":"purchasable","12":"product-type-variable"},"acf":[],"_links":{"self":[{"href":"https:\/\/vivaiobaronti.com\/fr\/wp-json\/wp\/v2\/product\/13076","targetHints":{"allow":["GET"]}}],"collection":[{"href":"https:\/\/vivaiobaronti.com\/fr\/wp-json\/wp\/v2\/product"}],"about":[{"href":"https:\/\/vivaiobaronti.com\/fr\/wp-json\/wp\/v2\/types\/product"}],"wp:attachment":[{"href":"https:\/\/vivaiobaronti.com\/fr\/wp-json\/wp\/v2\/media?parent=13076"}],"wp:term":[{"taxonomy":"product_brand","embeddable":true,"href":"https:\/\/vivaiobaronti.com\/fr\/wp-json\/wp\/v2\/product_brand?post=13076"},{"taxonomy":"product_cat","embeddable":true,"href":"https:\/\/vivaiobaronti.com\/fr\/wp-json\/wp\/v2\/product_cat?post=13076"},{"taxonomy":"product_tag","embeddable":true,"href":"https:\/\/vivaiobaronti.com\/fr\/wp-json\/wp\/v2\/product_tag?post=13076"}],"curies":[{"name":"wp","href":"https:\/\/api.w.org\/{rel}","templated":true}]}}