{"id":13040,"date":"2025-05-20T08:20:20","date_gmt":"2025-05-20T08:20:20","guid":{"rendered":"https:\/\/quizzical-davinci.89-31-73-59.plesk.page\/pianta\/magnolia-susan\/"},"modified":"2025-07-24T08:49:32","modified_gmt":"2025-07-24T08:49:32","slug":"magnolia-susan","status":"publish","type":"product","link":"https:\/\/vivaiobaronti.com\/fr\/pianta\/magnolia-susan\/","title":{"rendered":"MAGNOLIA SUSAN"},"content":{"rendered":"<p><span style=\"font-weight: 400;\">Le Magnolia &lsquo;Susan&rsquo; est un magnolia caduc de taille moyenne \u00e0 petite, appartenant \u00e0 la c\u00e9l\u00e8bre s\u00e9rie &lsquo;Little Girl&rsquo;, d\u00e9velopp\u00e9e pour obtenir des plantes compactes, \u00e0 la floraison abondante et plus tardive que les autres vari\u00e9t\u00e9s. Gr\u00e2ce \u00e0 son port compact et \u00e0 sa riche floraison printani\u00e8re, cette vari\u00e9t\u00e9 est particuli\u00e8rement adapt\u00e9e aux petits jardins, aux espaces urbains ou \u00e0 la culture en pot.<\/span> <span style=\"font-weight: 400;\">La floraison du Magnolia &lsquo;Susan&rsquo; est l&rsquo;une de ses caract\u00e9ristiques les plus distinctives. Les fleurs, qui s&rsquo;\u00e9panouissent fin avril &#8211; souvent \u00e0 l&rsquo;abri des gel\u00e9es tardives &#8211; sont allong\u00e9es, en forme de tulipe, et s&rsquo;ouvrent progressivement en \u00e9l\u00e9gantes coupes. La couleur est intense\u00a0: un rouge pourpre \u00e0 l&rsquo;ext\u00e9rieur qui se fond dans un rose plus clair \u00e0 l&rsquo;int\u00e9rieur des p\u00e9tales, cr\u00e9ant un effet chromatique raffin\u00e9 et tr\u00e8s d\u00e9coratif. Les fleurs d\u00e9gagent \u00e9galement un parfum d\u00e9licat, qui enrichit encore la valeur ornementale de la plante. Le feuillage est vert moyen, l\u00e9g\u00e8rement brillant, de forme ovale et \u00e0 bord lisse. Les feuilles se d\u00e9veloppent imm\u00e9diatement apr\u00e8s la floraison, donnant \u00e0 la plante un aspect frais et compact tout au long de la saison de croissance. En automne, elles prennent des tons jaunes avant de tomber, offrant une touche de couleur suppl\u00e9mentaire. Le Magnolia &lsquo;Susan&rsquo; a une croissance lente et ordonn\u00e9e, avec une hauteur maximale d&rsquo;environ 2,5 \u00e0 3,5 m\u00e8tres, conservant un profil buissonnant et bien ramifi\u00e9. C&rsquo;est une plante rustique, r\u00e9sistante au froid et adapt\u00e9e aux climats temp\u00e9r\u00e9s. Elle pr\u00e9f\u00e8re les sols frais, bien drain\u00e9s et acides, et se d\u00e9veloppe mieux dans les emplacements ensoleill\u00e9s ou l\u00e9g\u00e8rement ombrag\u00e9s. Une fois \u00e9tablie, elle tol\u00e8re de courtes p\u00e9riodes de s\u00e9cheresse, mais b\u00e9n\u00e9ficie d&rsquo;un arrosage r\u00e9gulier pendant les p\u00e9riodes plus chaudes.<\/span> <span style=\"font-weight: 400;\">En raison de sa beaut\u00e9, de sa petite taille et de sa floraison spectaculaire, Magnolia &lsquo;Susan&rsquo; est un choix id\u00e9al pour ceux qui veulent une explosion de couleurs au printemps, m\u00eame dans des espaces limit\u00e9s.<\/span><\/p>\n","protected":false},"excerpt":{"rendered":"<p>Le Magnolia &lsquo;Susan&rsquo; est un magnolia caduc de taille moyenne \u00e0 petite, appartenant \u00e0 la c\u00e9l\u00e8bre s\u00e9rie &lsquo;Little Girl&rsquo;, d\u00e9velopp\u00e9e pour obtenir des plantes compactes, \u00e0 la floraison abondante et plus tardive que les autres vari\u00e9t\u00e9s. Gr\u00e2ce \u00e0 son port compact et \u00e0 sa riche floraison printani\u00e8re, cette vari\u00e9t\u00e9 est particuli\u00e8rement adapt\u00e9e aux petits jardins, [&hellip;]<\/p>\n","protected":false},"featured_media":16774,"template":"","meta":{"_acf_changed":false},"product_brand":[],"product_cat":[134,166,167],"product_tag":[],"class_list":{"0":"post-13040","1":"product","2":"type-product","3":"status-publish","4":"has-post-thumbnail","6":"product_cat-plantes","7":"product_cat-arbuste","8":"product_cat-demi-tige","9":"pa_forma-arbuste","10":"pa_forma-demi-tige","11":"pa_forma-mini-tige","13":"first","14":"instock","15":"purchasable","16":"product-type-variable"},"acf":[],"_links":{"self":[{"href":"https:\/\/vivaiobaronti.com\/fr\/wp-json\/wp\/v2\/product\/13040","targetHints":{"allow":["GET"]}}],"collection":[{"href":"https:\/\/vivaiobaronti.com\/fr\/wp-json\/wp\/v2\/product"}],"about":[{"href":"https:\/\/vivaiobaronti.com\/fr\/wp-json\/wp\/v2\/types\/product"}],"wp:featuredmedia":[{"embeddable":true,"href":"https:\/\/vivaiobaronti.com\/fr\/wp-json\/wp\/v2\/media\/16774"}],"wp:attachment":[{"href":"https:\/\/vivaiobaronti.com\/fr\/wp-json\/wp\/v2\/media?parent=13040"}],"wp:term":[{"taxonomy":"product_brand","embeddable":true,"href":"https:\/\/vivaiobaronti.com\/fr\/wp-json\/wp\/v2\/product_brand?post=13040"},{"taxonomy":"product_cat","embeddable":true,"href":"https:\/\/vivaiobaronti.com\/fr\/wp-json\/wp\/v2\/product_cat?post=13040"},{"taxonomy":"product_tag","embeddable":true,"href":"https:\/\/vivaiobaronti.com\/fr\/wp-json\/wp\/v2\/product_tag?post=13040"}],"curies":[{"name":"wp","href":"https:\/\/api.w.org\/{rel}","templated":true}]}}