{"id":13019,"date":"2025-05-20T08:20:20","date_gmt":"2025-05-20T08:20:20","guid":{"rendered":"https:\/\/quizzical-davinci.89-31-73-59.plesk.page\/pianta\/magnolia-stellata-rosea\/"},"modified":"2025-07-24T08:49:26","modified_gmt":"2025-07-24T08:49:26","slug":"magnolia-stellata-rosea","status":"publish","type":"product","link":"https:\/\/vivaiobaronti.com\/fr\/pianta\/magnolia-stellata-rosea\/","title":{"rendered":"MAGNOLIA STELLATA ROSEA"},"content":{"rendered":"<p>Le Magnolia stellata &lsquo;Rosea&rsquo; est une vari\u00e9t\u00e9 compacte \u00e0 croissance lente, appartenant au groupe des magnolias caducs \u00e0 floraison pr\u00e9coce. Ses fleurs \u00e9toil\u00e9es rose p\u00e2le virent progressivement au blanc ros\u00e9 \u00e0 l&rsquo;ouverture, avec de nombreux t\u00e9pales \u00e9troits et l\u00e9g\u00e8rement parfum\u00e9s. La floraison a lieu au d\u00e9but du printemps, avant l&rsquo;apparition des feuilles, et est abondante m\u00eame chez les jeunes sp\u00e9cimens. Les feuilles caduques sont ovales et vert moyen, apparaissant imm\u00e9diatement apr\u00e8s la floraison. Son port soign\u00e9 et bien ramifi\u00e9 en fait une plante particuli\u00e8rement adapt\u00e9e aux petits jardins ou comme plante ornementale isol\u00e9e, gr\u00e2ce \u00e0 son aspect d\u00e9licat et \u00e0 sa floraison longue dur\u00e9e.<\/p>\n","protected":false},"excerpt":{"rendered":"<p>Le Magnolia stellata &lsquo;Rosea&rsquo; est une vari\u00e9t\u00e9 compacte \u00e0 croissance lente, appartenant au groupe des magnolias caducs \u00e0 floraison pr\u00e9coce. Ses fleurs \u00e9toil\u00e9es rose p\u00e2le virent progressivement au blanc ros\u00e9 \u00e0 l&rsquo;ouverture, avec de nombreux t\u00e9pales \u00e9troits et l\u00e9g\u00e8rement parfum\u00e9s. La floraison a lieu au d\u00e9but du printemps, avant l&rsquo;apparition des feuilles, et est abondante [&hellip;]<\/p>\n","protected":false},"featured_media":0,"template":"","meta":{"_acf_changed":false},"product_brand":[],"product_cat":[134,166],"product_tag":[],"class_list":{"0":"post-13019","1":"product","2":"type-product","3":"status-publish","5":"product_cat-plantes","6":"product_cat-arbuste","7":"pa_forma-arbuste","9":"first","10":"instock","11":"purchasable","12":"product-type-variable"},"acf":[],"_links":{"self":[{"href":"https:\/\/vivaiobaronti.com\/fr\/wp-json\/wp\/v2\/product\/13019","targetHints":{"allow":["GET"]}}],"collection":[{"href":"https:\/\/vivaiobaronti.com\/fr\/wp-json\/wp\/v2\/product"}],"about":[{"href":"https:\/\/vivaiobaronti.com\/fr\/wp-json\/wp\/v2\/types\/product"}],"wp:attachment":[{"href":"https:\/\/vivaiobaronti.com\/fr\/wp-json\/wp\/v2\/media?parent=13019"}],"wp:term":[{"taxonomy":"product_brand","embeddable":true,"href":"https:\/\/vivaiobaronti.com\/fr\/wp-json\/wp\/v2\/product_brand?post=13019"},{"taxonomy":"product_cat","embeddable":true,"href":"https:\/\/vivaiobaronti.com\/fr\/wp-json\/wp\/v2\/product_cat?post=13019"},{"taxonomy":"product_tag","embeddable":true,"href":"https:\/\/vivaiobaronti.com\/fr\/wp-json\/wp\/v2\/product_tag?post=13019"}],"curies":[{"name":"wp","href":"https:\/\/api.w.org\/{rel}","templated":true}]}}