{"id":12983,"date":"2025-05-20T08:20:20","date_gmt":"2025-05-20T08:20:20","guid":{"rendered":"https:\/\/quizzical-davinci.89-31-73-59.plesk.page\/pianta\/magnolia-soulangeana\/"},"modified":"2025-07-24T08:49:26","modified_gmt":"2025-07-24T08:49:26","slug":"magnolia-soulangeana","status":"publish","type":"product","link":"https:\/\/vivaiobaronti.com\/fr\/pianta\/magnolia-soulangeana\/","title":{"rendered":"MAGNOLIA SOULANGEANA"},"content":{"rendered":"<p><span style=\"font-weight: 400;\">Le Magnolia soulangeana est l&rsquo;une des vari\u00e9t\u00e9s de magnolia les plus populaires et appr\u00e9ci\u00e9es pour son impressionnante floraison printani\u00e8re et son allure majestueuse. Cet arbre caduc, qui atteint une hauteur de 4 \u00e0 6 m\u00e8tres, est particuli\u00e8rement adapt\u00e9 aux grands jardins ou en solitaire, o\u00f9 il peut exprimer toute sa beaut\u00e9. Son allure \u00e9l\u00e9gante et sa forme \u00e9quilibr\u00e9e en font un \u00e9l\u00e9ment visuel saisissant.<\/span> <span style=\"font-weight: 400;\">La floraison du Magnolia soulangeana est spectaculaire, avec de grandes fleurs en forme de coupe qui s&rsquo;\u00e9panouissent avant l&rsquo;apparition des feuilles, cr\u00e9ant un contraste extraordinaire. Les fleurs, qui s&rsquo;ouvrent au printemps, sont d&rsquo;un blanc ros\u00e9 ou rose clair \u00e0 l&rsquo;ext\u00e9rieur, avec un c\u00bdur plus fonc\u00e9, souvent teint\u00e9 de violet. Leur taille et leur forme exub\u00e9rante en font l&rsquo;un des principaux attraits des jardins et des parcs pendant la floraison. <\/span> <span style=\"font-weight: 400;\">Le feuillage, d&rsquo;un vert intense pendant la p\u00e9riode de croissance, contribue \u00e0 donner \u00e0 la plante un aspect dense et riche. En automne, les feuilles deviennent jaune dor\u00e9, prolongeant l&rsquo;int\u00e9r\u00eat visuel au-del\u00e0 de la floraison. Le Magnolia soulangeana est appr\u00e9ci\u00e9 pour sa capacit\u00e9 \u00e0 maintenir une couronne nette et bien form\u00e9e, qui se d\u00e9veloppe de mani\u00e8re expansive mais compacte.<\/span> <span style=\"font-weight: 400;\">Ce magnolia pr\u00e9f\u00e8re les sols frais, bien drain\u00e9s et l\u00e9g\u00e8rement acides, et s&rsquo;adapte mieux aux expositions en plein soleil ou \u00e0 mi-ombre. Bien qu&rsquo;il tol\u00e8re une certaine exposition au froid, il est plus adapt\u00e9 aux climats temp\u00e9r\u00e9s. Il est recommand\u00e9 de maintenir un arrosage r\u00e9gulier pendant les p\u00e9riodes les plus chaudes pour assurer une croissance optimale. Sa r\u00e9sistance et la beaut\u00e9 de sa floraison en font un choix id\u00e9al pour les jardins d&rsquo;agr\u00e9ment, les all\u00e9es arbor\u00e9es et les espaces paysagers de valeur.<\/span><\/p>\n","protected":false},"excerpt":{"rendered":"<p>Le Magnolia soulangeana est l&rsquo;une des vari\u00e9t\u00e9s de magnolia les plus populaires et appr\u00e9ci\u00e9es pour son impressionnante floraison printani\u00e8re et son allure majestueuse. Cet arbre caduc, qui atteint une hauteur de 4 \u00e0 6 m\u00e8tres, est particuli\u00e8rement adapt\u00e9 aux grands jardins ou en solitaire, o\u00f9 il peut exprimer toute sa beaut\u00e9. Son allure \u00e9l\u00e9gante et [&hellip;]<\/p>\n","protected":false},"featured_media":16700,"template":"","meta":{"_acf_changed":false},"product_brand":[],"product_cat":[134,166,167],"product_tag":[],"class_list":{"0":"post-12983","1":"product","2":"type-product","3":"status-publish","4":"has-post-thumbnail","6":"product_cat-plantes","7":"product_cat-arbuste","8":"product_cat-demi-tige","9":"pa_forma-arbuste","10":"pa_forma-demi-tige","11":"pa_forma-mini-tige","13":"first","14":"instock","15":"purchasable","16":"product-type-variable"},"acf":[],"_links":{"self":[{"href":"https:\/\/vivaiobaronti.com\/fr\/wp-json\/wp\/v2\/product\/12983","targetHints":{"allow":["GET"]}}],"collection":[{"href":"https:\/\/vivaiobaronti.com\/fr\/wp-json\/wp\/v2\/product"}],"about":[{"href":"https:\/\/vivaiobaronti.com\/fr\/wp-json\/wp\/v2\/types\/product"}],"wp:featuredmedia":[{"embeddable":true,"href":"https:\/\/vivaiobaronti.com\/fr\/wp-json\/wp\/v2\/media\/16700"}],"wp:attachment":[{"href":"https:\/\/vivaiobaronti.com\/fr\/wp-json\/wp\/v2\/media?parent=12983"}],"wp:term":[{"taxonomy":"product_brand","embeddable":true,"href":"https:\/\/vivaiobaronti.com\/fr\/wp-json\/wp\/v2\/product_brand?post=12983"},{"taxonomy":"product_cat","embeddable":true,"href":"https:\/\/vivaiobaronti.com\/fr\/wp-json\/wp\/v2\/product_cat?post=12983"},{"taxonomy":"product_tag","embeddable":true,"href":"https:\/\/vivaiobaronti.com\/fr\/wp-json\/wp\/v2\/product_tag?post=12983"}],"curies":[{"name":"wp","href":"https:\/\/api.w.org\/{rel}","templated":true}]}}