{"id":12979,"date":"2025-05-20T08:20:20","date_gmt":"2025-05-20T08:20:20","guid":{"rendered":"https:\/\/quizzical-davinci.89-31-73-59.plesk.page\/pianta\/magnolia-liliflora-nigra\/"},"modified":"2025-07-24T08:49:26","modified_gmt":"2025-07-24T08:49:26","slug":"magnolia-liliflora-nigra","status":"publish","type":"product","link":"https:\/\/vivaiobaronti.com\/fr\/pianta\/magnolia-liliflora-nigra\/","title":{"rendered":"MAGNOLIA LILIFLORA NIGRA"},"content":{"rendered":"<p><span style=\"font-weight: 400\">Magnolia liliflora &lsquo;Nigra&rsquo; est une vari\u00e9t\u00e9 de magnolia caduc qui se distingue par sa forme \u00e9l\u00e9gante et sa floraison unique, ce qui rend cette plante particuli\u00e8rement populaire dans les espaces ornementaux. Ce cultivar, connu pour sa croissance compacte et son port arbustif, atteint g\u00e9n\u00e9ralement 3 \u00e0 4 m\u00e8tres de hauteur, ce qui le rend id\u00e9al pour les jardins de taille moyenne \u00e0 petite ou pour la culture en pot.<\/span> <span style=\"font-weight: 400\">La principale caract\u00e9ristique de Magnolia liliflora &lsquo;Nigra&rsquo; est sa floraison extraordinaire. Les fleurs, qui s&rsquo;\u00e9panouissent au printemps, sont d&rsquo;un violet-violet intense et profond, presque noir, ce qui conf\u00e8re \u00e0 la plante un aspect raffin\u00e9 et myst\u00e9rieux. Leur forme en coupe, semblable \u00e0 celle d&rsquo;un lys, se distingue par son \u00e9l\u00e9gance et sa d\u00e9licatesse. Le contraste entre la couleur sombre des p\u00e9tales et le vert brillant du feuillage cr\u00e9e un effet visuel saisissant, qui dure plusieurs semaines. Le feuillage de \u00ab\u00a0Nigra\u00a0\u00bb est vert fonc\u00e9 pendant la saison de croissance, avec un l\u00e9ger reflet qui accentue son aspect ornemental. En automne, les feuilles prennent des teintes dor\u00e9es et jaunes, prolongeant l&rsquo;attrait visuel de la plante m\u00eame apr\u00e8s la floraison. Cette vari\u00e9t\u00e9 de magnolia pr\u00e9f\u00e8re un sol acide et bien drain\u00e9, en plein soleil ou \u00e0 mi-ombre. R\u00e9sistant au froid et au gel, le Magnolia liliflora \u00ab\u00a0Nigra\u00a0\u00bb est particuli\u00e8rement adapt\u00e9 aux climats temp\u00e9r\u00e9s, o\u00f9 il peut s&rsquo;\u00e9panouir sans difficult\u00e9. Une fois bien enracin\u00e9, il peut tol\u00e9rer les p\u00e9riodes de s\u00e9cheresse, mais pour une floraison optimale, un sol frais et un arrosage r\u00e9gulier pendant la saison chaude sont recommand\u00e9s.<\/p>\n","protected":false},"excerpt":{"rendered":"<p>Magnolia liliflora &lsquo;Nigra&rsquo; est une vari\u00e9t\u00e9 de magnolia caduc qui se distingue par sa forme \u00e9l\u00e9gante et sa floraison unique, ce qui rend cette plante particuli\u00e8rement populaire dans les espaces ornementaux. Ce cultivar, connu pour sa croissance compacte et son port arbustif, atteint g\u00e9n\u00e9ralement 3 \u00e0 4 m\u00e8tres de hauteur, ce qui le rend id\u00e9al [&hellip;]<\/p>\n","protected":false},"featured_media":0,"template":"","meta":{"_acf_changed":false},"product_brand":[],"product_cat":[134,169],"product_tag":[],"class_list":{"0":"post-12979","1":"product","2":"type-product","3":"status-publish","5":"product_cat-plantes","6":"product_cat-mini-tige","7":"pa_forma-cespuglio","8":"pa_forma-mini-tige","10":"first","11":"instock","12":"purchasable","13":"product-type-variable"},"acf":[],"_links":{"self":[{"href":"https:\/\/vivaiobaronti.com\/fr\/wp-json\/wp\/v2\/product\/12979","targetHints":{"allow":["GET"]}}],"collection":[{"href":"https:\/\/vivaiobaronti.com\/fr\/wp-json\/wp\/v2\/product"}],"about":[{"href":"https:\/\/vivaiobaronti.com\/fr\/wp-json\/wp\/v2\/types\/product"}],"wp:attachment":[{"href":"https:\/\/vivaiobaronti.com\/fr\/wp-json\/wp\/v2\/media?parent=12979"}],"wp:term":[{"taxonomy":"product_brand","embeddable":true,"href":"https:\/\/vivaiobaronti.com\/fr\/wp-json\/wp\/v2\/product_brand?post=12979"},{"taxonomy":"product_cat","embeddable":true,"href":"https:\/\/vivaiobaronti.com\/fr\/wp-json\/wp\/v2\/product_cat?post=12979"},{"taxonomy":"product_tag","embeddable":true,"href":"https:\/\/vivaiobaronti.com\/fr\/wp-json\/wp\/v2\/product_tag?post=12979"}],"curies":[{"name":"wp","href":"https:\/\/api.w.org\/{rel}","templated":true}]}}