{"id":12975,"date":"2025-05-20T08:20:20","date_gmt":"2025-05-20T08:20:20","guid":{"rendered":"https:\/\/quizzical-davinci.89-31-73-59.plesk.page\/pianta\/magnolia-henry-kern\/"},"modified":"2025-07-24T08:49:26","modified_gmt":"2025-07-24T08:49:26","slug":"magnolia-henry-kern","status":"publish","type":"product","link":"https:\/\/vivaiobaronti.com\/fr\/pianta\/magnolia-henry-kern\/","title":{"rendered":"MAGNOLIA HENRY KERN"},"content":{"rendered":"<p><span style=\"font-weight: 400\">Le Magnolia &lsquo;Henry Kern&rsquo; est un magnolia hybride particuli\u00e8rement pr\u00e9cieux qui allie la magnificence de ses fleurs \u00e0 un port \u00e9l\u00e9gant et \u00e0 une floraison abondante. Cet arbre caduc est un choix id\u00e9al pour ceux qui recherchent un magnolia de taille moyenne capable de cr\u00e9er un impact visuel saisissant aussi bien dans les jardins r\u00e9sidentiels que dans les grands espaces.<\/span> <span style=\"font-weight: 400\">La floraison du Magnolia &lsquo;Henry Kern&rsquo; est l&rsquo;un des aspects les plus fascinants de la plante\u00a0: ses fleurs g\u00e9n\u00e9reuses s&rsquo;\u00e9panouissent au d\u00e9but du printemps, avant l&rsquo;apparition des feuilles. Les p\u00e9tales d&rsquo;un blanc pur aux reflets rose clair sont d\u00e9licats et cireux, cr\u00e9ant un \u00e9l\u00e9gant contraste avec le vert fonc\u00e9 des feuilles. Le parfum doux et enveloppant de ses fleurs attire de nombreux pollinisateurs, faisant de cette plante un atout pr\u00e9cieux pour ceux qui souhaitent attirer les papillons et les abeilles dans leur jardin. Les feuilles du Magnolia &lsquo;Henry Kern&rsquo; sont grandes, coriaces et d&rsquo;un vert profond, contribuant \u00e0 l&rsquo;\u00e9l\u00e9gance de la plante m\u00eame apr\u00e8s la floraison. En automne, les feuilles prennent des teintes jaunes et dor\u00e9es, prolongeant l&rsquo;int\u00e9r\u00eat ornemental de la plante m\u00eame au-del\u00e0 de la floraison. D&rsquo;une hauteur variant entre 4 et 6 m\u00e8tres, le Magnolia &lsquo;Henry Kern&rsquo; pr\u00e9sente un port \u00e9rig\u00e9 et une couronne \u00e9tal\u00e9e mais bien \u00e9quilibr\u00e9e. La plante est particuli\u00e8rement r\u00e9sistante aux sols bien drain\u00e9s et pr\u00e9f\u00e8re les expositions en plein soleil ou \u00e0 l&rsquo;ombre l\u00e9g\u00e8re. Bien qu&rsquo;elle soit assez tol\u00e9rante \u00e0 la chaleur, elle n\u00e9cessite une bonne irrigation pendant les p\u00e9riodes s\u00e8ches pour maintenir une croissance saine. R\u00e9sistant au froid, il convient aux climats temp\u00e9r\u00e9s et peut \u00e9galement prosp\u00e9rer dans des sols l\u00e9g\u00e8rement acides.<\/p>\n","protected":false},"excerpt":{"rendered":"<p>Le Magnolia &lsquo;Henry Kern&rsquo; est un magnolia hybride particuli\u00e8rement pr\u00e9cieux qui allie la magnificence de ses fleurs \u00e0 un port \u00e9l\u00e9gant et \u00e0 une floraison abondante. Cet arbre caduc est un choix id\u00e9al pour ceux qui recherchent un magnolia de taille moyenne capable de cr\u00e9er un impact visuel saisissant aussi bien dans les jardins r\u00e9sidentiels [&hellip;]<\/p>\n","protected":false},"featured_media":0,"template":"","meta":{"_acf_changed":false},"product_brand":[],"product_cat":[134,167],"product_tag":[],"class_list":{"0":"post-12975","1":"product","2":"type-product","3":"status-publish","5":"product_cat-plantes","6":"product_cat-demi-tige","7":"pa_forma-cespuglio","8":"pa_forma-demi-tige","10":"first","11":"instock","12":"purchasable","13":"product-type-variable"},"acf":[],"_links":{"self":[{"href":"https:\/\/vivaiobaronti.com\/fr\/wp-json\/wp\/v2\/product\/12975","targetHints":{"allow":["GET"]}}],"collection":[{"href":"https:\/\/vivaiobaronti.com\/fr\/wp-json\/wp\/v2\/product"}],"about":[{"href":"https:\/\/vivaiobaronti.com\/fr\/wp-json\/wp\/v2\/types\/product"}],"wp:attachment":[{"href":"https:\/\/vivaiobaronti.com\/fr\/wp-json\/wp\/v2\/media?parent=12975"}],"wp:term":[{"taxonomy":"product_brand","embeddable":true,"href":"https:\/\/vivaiobaronti.com\/fr\/wp-json\/wp\/v2\/product_brand?post=12975"},{"taxonomy":"product_cat","embeddable":true,"href":"https:\/\/vivaiobaronti.com\/fr\/wp-json\/wp\/v2\/product_cat?post=12975"},{"taxonomy":"product_tag","embeddable":true,"href":"https:\/\/vivaiobaronti.com\/fr\/wp-json\/wp\/v2\/product_tag?post=12975"}],"curies":[{"name":"wp","href":"https:\/\/api.w.org\/{rel}","templated":true}]}}