{"id":12956,"date":"2025-05-20T08:20:20","date_gmt":"2025-05-20T08:20:20","guid":{"rendered":"https:\/\/quizzical-davinci.89-31-73-59.plesk.page\/pianta\/magnolia-grandiflora-little-gem\/"},"modified":"2025-07-24T08:49:26","modified_gmt":"2025-07-24T08:49:26","slug":"magnolia-grandiflora-little-gem","status":"publish","type":"product","link":"https:\/\/vivaiobaronti.com\/fr\/pianta\/magnolia-grandiflora-little-gem\/","title":{"rendered":"MAGNOLIA GRANDIFLORA LITTLE GEM"},"content":{"rendered":"<p><span style=\"font-weight: 400;\">Magnolia grandiflora &lsquo;Little Gem&rsquo; est un cultivar compact de magnolia persistant, particuli\u00e8rement appr\u00e9ci\u00e9 pour sa beaut\u00e9 et sa capacit\u00e9 \u00e0 s&rsquo;adapter \u00e0 des espaces plus restreints que la vari\u00e9t\u00e9 traditionnelle. Cet arbre, qui conserve la magnificence de l&rsquo;esp\u00e8ce d&rsquo;origine, est id\u00e9al pour ceux qui recherchent un magnolia de dimensions plus r\u00e9duites, sans pour autant renoncer \u00e0 une floraison extraordinaire et \u00e0 un feuillage d\u00e9coratif.<\/span> <span style=\"font-weight: 400;\">La floraison de &lsquo;Little Gem&rsquo; est l&rsquo;une de ses caract\u00e9ristiques distinctives\u00a0: de grandes fleurs blanches, semblables \u00e0 celles du magnolia grandiflora, s&rsquo;\u00e9panouissent abondamment pendant l&rsquo;\u00e9t\u00e9, cr\u00e9ant un effet visuel spectaculaire. Les fleurs, d&rsquo;environ 15 \u00e0 20\u00a0cm de diam\u00e8tre, sont \u00e9l\u00e9gantes et parfum\u00e9es, avec des p\u00e9tales cireux d&rsquo;un blanc pur, qui contrastent magnifiquement avec le vert fonc\u00e9 et brillant des feuilles. Cette floraison, suivie de fruits coniques, fait de la plante un \u00e9l\u00e9ment central du jardin, id\u00e9al pour ceux qui recherchent un impact visuel durable. Les feuilles du Magnolia grandiflora &lsquo;Little Gem&rsquo; sont grandes, coriaces et d&rsquo;un vert fonc\u00e9 brillant sur le dessus, avec un l\u00e9ger duvet bronze en dessous, ce qui leur conf\u00e8re un aspect \u00e9l\u00e9gant et une texture int\u00e9ressante, surtout lorsqu&rsquo;elles sont agit\u00e9es par le vent. Malgr\u00e9 sa forme compacte, la plante conserve un port dress\u00e9 et bien ramifi\u00e9, ce qui permet une croissance ordonn\u00e9e et contr\u00f4l\u00e9e. Cette vari\u00e9t\u00e9 de magnolia est parfaite pour les petits jardins, les terrasses ou pour la culture en conteneurs. Elle atteint une hauteur de 3 \u00e0 5 m\u00e8tres, avec une couronne moyennement large. Elle pr\u00e9f\u00e8re un sol acide et bien drain\u00e9 et une exposition au plein soleil ou \u00e0 une ombre l\u00e9g\u00e8re. Bien qu&rsquo;elle r\u00e9siste \u00e0 la chaleur, elle n\u00e9cessite un arrosage r\u00e9gulier pendant les p\u00e9riodes s\u00e8ches pour assurer une croissance saine. Sa capacit\u00e9 \u00e0 tol\u00e9rer le froid et les basses temp\u00e9ratures le rend adapt\u00e9 aux climats temp\u00e9r\u00e9s, ajoutant beaut\u00e9 et prestige \u00e0 tout jardin ou espace ext\u00e9rieur.<\/p>\n","protected":false},"excerpt":{"rendered":"<p>Magnolia grandiflora &lsquo;Little Gem&rsquo; est un cultivar compact de magnolia persistant, particuli\u00e8rement appr\u00e9ci\u00e9 pour sa beaut\u00e9 et sa capacit\u00e9 \u00e0 s&rsquo;adapter \u00e0 des espaces plus restreints que la vari\u00e9t\u00e9 traditionnelle. Cet arbre, qui conserve la magnificence de l&rsquo;esp\u00e8ce d&rsquo;origine, est id\u00e9al pour ceux qui recherchent un magnolia de dimensions plus r\u00e9duites, sans pour autant renoncer [&hellip;]<\/p>\n","protected":false},"featured_media":16674,"template":"","meta":{"_acf_changed":false},"product_brand":[],"product_cat":[134,166],"product_tag":[],"class_list":{"0":"post-12956","1":"product","2":"type-product","3":"status-publish","4":"has-post-thumbnail","6":"product_cat-plantes","7":"product_cat-arbuste","8":"pa_forma-arbuste","10":"first","11":"instock","12":"purchasable","13":"product-type-variable"},"acf":[],"_links":{"self":[{"href":"https:\/\/vivaiobaronti.com\/fr\/wp-json\/wp\/v2\/product\/12956","targetHints":{"allow":["GET"]}}],"collection":[{"href":"https:\/\/vivaiobaronti.com\/fr\/wp-json\/wp\/v2\/product"}],"about":[{"href":"https:\/\/vivaiobaronti.com\/fr\/wp-json\/wp\/v2\/types\/product"}],"wp:featuredmedia":[{"embeddable":true,"href":"https:\/\/vivaiobaronti.com\/fr\/wp-json\/wp\/v2\/media\/16674"}],"wp:attachment":[{"href":"https:\/\/vivaiobaronti.com\/fr\/wp-json\/wp\/v2\/media?parent=12956"}],"wp:term":[{"taxonomy":"product_brand","embeddable":true,"href":"https:\/\/vivaiobaronti.com\/fr\/wp-json\/wp\/v2\/product_brand?post=12956"},{"taxonomy":"product_cat","embeddable":true,"href":"https:\/\/vivaiobaronti.com\/fr\/wp-json\/wp\/v2\/product_cat?post=12956"},{"taxonomy":"product_tag","embeddable":true,"href":"https:\/\/vivaiobaronti.com\/fr\/wp-json\/wp\/v2\/product_tag?post=12956"}],"curies":[{"name":"wp","href":"https:\/\/api.w.org\/{rel}","templated":true}]}}