{"id":12953,"date":"2025-05-20T08:20:20","date_gmt":"2025-05-20T08:20:20","guid":{"rendered":"https:\/\/quizzical-davinci.89-31-73-59.plesk.page\/pianta\/magnolia-gallisoniensis\/"},"modified":"2025-07-24T08:49:26","modified_gmt":"2025-07-24T08:49:26","slug":"magnolia-gallisoniensis","status":"publish","type":"product","link":"https:\/\/vivaiobaronti.com\/fr\/pianta\/magnolia-gallisoniensis\/","title":{"rendered":"MAGNOLIA GALLISONIENSIS"},"content":{"rendered":"<p>Magnolia gallisonensis est un magnifique magnolia caduc originaire de Chine, qui se distingue par son \u00e9l\u00e9gance et sa floraison spectaculaire. Cet arbre de taille moyenne est particuli\u00e8rement appr\u00e9ci\u00e9 pour sa silhouette \u00e9lanc\u00e9e et sa croissance relativement rapide, ce qui le rend id\u00e9al pour les grands jardins ou les grands espaces paysagers.<br \/>\nLa floraison, qui d\u00e9bute \u00e0 la fin du printemps, est le v\u00e9ritable atout de cette vari\u00e9t\u00e9. Les grandes fleurs en forme de coupe sont d&rsquo;un blanc cr\u00e8me pur, l\u00e9g\u00e8rement ros\u00e9 \u00e0 la base des p\u00e9tales. Elles s&rsquo;ouvrent avant l&rsquo;apparition des feuilles, cr\u00e9ant un contraste spectaculaire avec la branche nue et soulignant la beaut\u00e9 d\u00e9licate et raffin\u00e9e de la plante. Le parfum des fleurs, subtil mais enveloppant, ajoute une dimension olfactive \u00e0 ces fleurs d\u00e9j\u00e0 exquises.<br \/>\nLes grandes feuilles brillantes, d&rsquo;un vert fonc\u00e9 vif, contribuent \u00e0 l&rsquo;aspect majestueux de la plante pendant la saison de croissance. En automne, les feuilles prennent des teintes dor\u00e9es et jaunes, conservant leur int\u00e9r\u00eat esth\u00e9tique m\u00eame en dehors de la p\u00e9riode de floraison.<br \/>\nLe Magnolia gallisonensis a un port dress\u00e9 et une canop\u00e9e large et bien \u00e9quilibr\u00e9e, atteignant une hauteur de 6 \u00e0 10 m\u00e8tres. La plante pr\u00e9f\u00e8re un sol acide, frais et bien drain\u00e9, ensoleill\u00e9 ou l\u00e9g\u00e8rement ombrag\u00e9. Bien qu&rsquo;assez r\u00e9sistante aux basses temp\u00e9ratures, elle appr\u00e9cie les climats temp\u00e9r\u00e9s et humides, et une bonne irrigation est importante en p\u00e9riode de forte chaleur. Une fois \u00e9tablie, elle est relativement r\u00e9sistante \u00e0 la s\u00e9cheresse, mais pour une croissance optimale, un sol riche et bien a\u00e9r\u00e9 est recommand\u00e9.<\/p>\n","protected":false},"excerpt":{"rendered":"<p>Magnolia gallisonensis est un magnifique magnolia caduc originaire de Chine, qui se distingue par son \u00e9l\u00e9gance et sa floraison spectaculaire. Cet arbre de taille moyenne est particuli\u00e8rement appr\u00e9ci\u00e9 pour sa silhouette \u00e9lanc\u00e9e et sa croissance relativement rapide, ce qui le rend id\u00e9al pour les grands jardins ou les grands espaces paysagers. La floraison, qui d\u00e9bute [&hellip;]<\/p>\n","protected":false},"featured_media":0,"template":"","meta":{"_acf_changed":false},"product_brand":[],"product_cat":[134,166],"product_tag":[],"class_list":{"0":"post-12953","1":"product","2":"type-product","3":"status-publish","5":"product_cat-plantes","6":"product_cat-arbuste","7":"pa_forma-arbuste","9":"first","10":"instock","11":"purchasable","12":"product-type-variable"},"acf":[],"_links":{"self":[{"href":"https:\/\/vivaiobaronti.com\/fr\/wp-json\/wp\/v2\/product\/12953","targetHints":{"allow":["GET"]}}],"collection":[{"href":"https:\/\/vivaiobaronti.com\/fr\/wp-json\/wp\/v2\/product"}],"about":[{"href":"https:\/\/vivaiobaronti.com\/fr\/wp-json\/wp\/v2\/types\/product"}],"wp:attachment":[{"href":"https:\/\/vivaiobaronti.com\/fr\/wp-json\/wp\/v2\/media?parent=12953"}],"wp:term":[{"taxonomy":"product_brand","embeddable":true,"href":"https:\/\/vivaiobaronti.com\/fr\/wp-json\/wp\/v2\/product_brand?post=12953"},{"taxonomy":"product_cat","embeddable":true,"href":"https:\/\/vivaiobaronti.com\/fr\/wp-json\/wp\/v2\/product_cat?post=12953"},{"taxonomy":"product_tag","embeddable":true,"href":"https:\/\/vivaiobaronti.com\/fr\/wp-json\/wp\/v2\/product_tag?post=12953"}],"curies":[{"name":"wp","href":"https:\/\/api.w.org\/{rel}","templated":true}]}}