{"id":12949,"date":"2025-05-20T08:20:14","date_gmt":"2025-05-20T08:20:14","guid":{"rendered":"https:\/\/quizzical-davinci.89-31-73-59.plesk.page\/pianta\/magnolia-alba-superba\/"},"modified":"2025-07-24T08:49:19","modified_gmt":"2025-07-24T08:49:19","slug":"magnolia-alba-superba","status":"publish","type":"product","link":"https:\/\/vivaiobaronti.com\/fr\/pianta\/magnolia-alba-superba\/","title":{"rendered":"MAGNOLIA ALBA SUPERBA"},"content":{"rendered":"<p><span style=\"font-weight: 400\">Magnolia alba &lsquo;Superba&rsquo; est un cultivar pris\u00e9 du magnolia \u00e0 fleurs blanches, appr\u00e9ci\u00e9 pour sa floraison impressionnante et la beaut\u00e9 intemporelle qu&rsquo;il apporte aux jardins et aux parcs. Cet arbre caduc est connu pour sa forme \u00e9l\u00e9gante et sa croissance vigoureuse, ce qui en fait un choix id\u00e9al en solitaire ou pour cr\u00e9er de grandes haies ou des groupes ornementaux.<\/span> <span style=\"font-weight: 400\">La caract\u00e9ristique la plus distinctive du Magnolia alba &lsquo;Superba&rsquo; est l&rsquo;extraordinaire abondance de ses fleurs, qui s&rsquo;\u00e9panouissent au printemps. Les grandes fleurs blanches et parfum\u00e9es ont des p\u00e9tales doux et soyeux qui d\u00e9gagent un parfum d\u00e9licat, attrayant pour les insectes pollinisateurs comme les abeilles et les papillons. Cette vari\u00e9t\u00e9 se distingue par la taille g\u00e9n\u00e9reuse de ses fleurs, qui peuvent atteindre 25 cm de diam\u00e8tre, offrant un spectacle extraordinaire pendant la floraison.<\/span> <span style=\"font-weight: 400\">Le feuillage vert fonc\u00e9 et brillant contraste \u00e9l\u00e9gamment avec les fleurs blanches, cr\u00e9ant un effet visuel raffin\u00e9. En automne, les feuilles prennent des tons jaunes et dor\u00e9s, conf\u00e9rant \u00e0 la plante une valeur esth\u00e9tique suppl\u00e9mentaire. Le Magnolia alba &lsquo;Superba&rsquo; pousse de mani\u00e8re \u00e9quilibr\u00e9e, atteignant une hauteur variant de 4 \u00e0 7 m\u00e8tres, avec une couronne \u00e9tal\u00e9e et bien \u00e9quilibr\u00e9e. Cette vari\u00e9t\u00e9 pr\u00e9f\u00e8re les sols acides et bien drain\u00e9s, ainsi que les emplacements ensoleill\u00e9s ou mi-ombrag\u00e9s. Une fois \u00e9tablie, elle est assez r\u00e9sistante \u00e0 la s\u00e9cheresse, bien qu&rsquo;un arrosage r\u00e9gulier soit n\u00e9cessaire pendant la phase de croissance. Le Magnolia alba &lsquo;Superba&rsquo; est particuli\u00e8rement appr\u00e9ci\u00e9 pour sa r\u00e9sistance aux climats temp\u00e9r\u00e9s et pour son impact ornemental pendant la floraison, ce qui en fait un choix id\u00e9al pour ceux qui recherchent un arbre \u00e0 l&rsquo;esth\u00e9tique remarquable.<\/p>\n","protected":false},"excerpt":{"rendered":"<p>Magnolia alba &lsquo;Superba&rsquo; est un cultivar pris\u00e9 du magnolia \u00e0 fleurs blanches, appr\u00e9ci\u00e9 pour sa floraison impressionnante et la beaut\u00e9 intemporelle qu&rsquo;il apporte aux jardins et aux parcs. Cet arbre caduc est connu pour sa forme \u00e9l\u00e9gante et sa croissance vigoureuse, ce qui en fait un choix id\u00e9al en solitaire ou pour cr\u00e9er de grandes [&hellip;]<\/p>\n","protected":false},"featured_media":0,"template":"","meta":{"_acf_changed":false},"product_brand":[],"product_cat":[134,166],"product_tag":[],"class_list":{"0":"post-12949","1":"product","2":"type-product","3":"status-publish","5":"product_cat-plantes","6":"product_cat-arbuste","7":"pa_forma-arbuste","9":"first","10":"instock","11":"purchasable","12":"product-type-variable"},"acf":[],"_links":{"self":[{"href":"https:\/\/vivaiobaronti.com\/fr\/wp-json\/wp\/v2\/product\/12949","targetHints":{"allow":["GET"]}}],"collection":[{"href":"https:\/\/vivaiobaronti.com\/fr\/wp-json\/wp\/v2\/product"}],"about":[{"href":"https:\/\/vivaiobaronti.com\/fr\/wp-json\/wp\/v2\/types\/product"}],"wp:attachment":[{"href":"https:\/\/vivaiobaronti.com\/fr\/wp-json\/wp\/v2\/media?parent=12949"}],"wp:term":[{"taxonomy":"product_brand","embeddable":true,"href":"https:\/\/vivaiobaronti.com\/fr\/wp-json\/wp\/v2\/product_brand?post=12949"},{"taxonomy":"product_cat","embeddable":true,"href":"https:\/\/vivaiobaronti.com\/fr\/wp-json\/wp\/v2\/product_cat?post=12949"},{"taxonomy":"product_tag","embeddable":true,"href":"https:\/\/vivaiobaronti.com\/fr\/wp-json\/wp\/v2\/product_tag?post=12949"}],"curies":[{"name":"wp","href":"https:\/\/api.w.org\/{rel}","templated":true}]}}