{"id":12840,"date":"2025-05-20T08:20:14","date_gmt":"2025-05-20T08:20:14","guid":{"rendered":"https:\/\/quizzical-davinci.89-31-73-59.plesk.page\/pianta\/loropetalum-chinense-fede\/"},"modified":"2025-07-24T08:50:36","modified_gmt":"2025-07-24T08:50:36","slug":"loropetalum-chinense-fede","status":"publish","type":"product","link":"https:\/\/vivaiobaronti.com\/fr\/pianta\/loropetalum-chinense-fede\/","title":{"rendered":"LOROPETALUM CHINENSE FEDE"},"content":{"rendered":"<p><span style=\"font-weight: 400;\">Le Loropetalum chinense &lsquo;Fede&rsquo; est un cultivar de Loropetalum qui se distingue par son \u00e9l\u00e9gance et la vivacit\u00e9 de son feuillage. Cet arbuste persistant, originaire d&rsquo;Asie, pr\u00e9sente un port compact et \u00e9rig\u00e9, id\u00e9al pour cr\u00e9er des bordures, des haies ou pour une utilisation en pot. La vari\u00e9t\u00e9 &lsquo;Fede&rsquo; est particuli\u00e8rement appr\u00e9ci\u00e9e pour ses feuilles vert fonc\u00e9 brillant, qui prennent des nuances rouge-violet pendant les p\u00e9riodes plus froides, conf\u00e9rant \u00e0 la plante un aspect riche et ornemental tout au long de l&rsquo;ann\u00e9e.<\/span> <span style=\"font-weight: 400;\">La floraison, qui a lieu au printemps, est caract\u00e9ris\u00e9e par de petites fleurs roses en forme de franges, qui se d\u00e9veloppent en abondance, cr\u00e9ant un contraste vif avec le feuillage. Ces fleurs d\u00e9licatement parfum\u00e9es attirent les pollinisateurs et ajoutent un \u00e9l\u00e9ment d\u00e9coratif suppl\u00e9mentaire \u00e0 cette plante, qui se distingue par sa capacit\u00e9 \u00e0 colorer les espaces ext\u00e9rieurs de tons chauds et vibrants. Le Loropetalum chinense &lsquo;Fede&rsquo; est une plante r\u00e9sistante, qui s&rsquo;adapte aussi bien aux expositions ensoleill\u00e9es que mi-ombrag\u00e9es, pr\u00e9f\u00e9rant un sol bien drain\u00e9. Une fois bien enracin\u00e9e, elle est particuli\u00e8rement tol\u00e9rante \u00e0 la s\u00e9cheresse, mais pour une croissance optimale, un sol riche et bien arros\u00e9 est recommand\u00e9. La taille permet de la tailler facilement, ce qui lui permet de rester compacte et de l&rsquo;adapter \u00e0 diff\u00e9rents besoins esth\u00e9tiques ou spatiaux.<\/p>\n","protected":false},"excerpt":{"rendered":"<p>Le Loropetalum chinense &lsquo;Fede&rsquo; est un cultivar de Loropetalum qui se distingue par son \u00e9l\u00e9gance et la vivacit\u00e9 de son feuillage. Cet arbuste persistant, originaire d&rsquo;Asie, pr\u00e9sente un port compact et \u00e9rig\u00e9, id\u00e9al pour cr\u00e9er des bordures, des haies ou pour une utilisation en pot. La vari\u00e9t\u00e9 &lsquo;Fede&rsquo; est particuli\u00e8rement appr\u00e9ci\u00e9e pour ses feuilles vert [&hellip;]<\/p>\n","protected":false},"featured_media":6926,"template":"","meta":{"_acf_changed":false},"product_brand":[],"product_cat":[134,169,166],"product_tag":[],"class_list":{"0":"post-12840","1":"product","2":"type-product","3":"status-publish","4":"has-post-thumbnail","6":"product_cat-plantes","7":"product_cat-mini-tige","8":"product_cat-arbuste","9":"pa_forma-arbuste","10":"pa_forma-demi-tige","11":"pa_forma-forme-pyramide","12":"pa_forma-mini-tige","13":"pa_forma-tige-haute","15":"first","16":"instock","17":"purchasable","18":"product-type-variable"},"acf":[],"_links":{"self":[{"href":"https:\/\/vivaiobaronti.com\/fr\/wp-json\/wp\/v2\/product\/12840","targetHints":{"allow":["GET"]}}],"collection":[{"href":"https:\/\/vivaiobaronti.com\/fr\/wp-json\/wp\/v2\/product"}],"about":[{"href":"https:\/\/vivaiobaronti.com\/fr\/wp-json\/wp\/v2\/types\/product"}],"wp:featuredmedia":[{"embeddable":true,"href":"https:\/\/vivaiobaronti.com\/fr\/wp-json\/wp\/v2\/media\/6926"}],"wp:attachment":[{"href":"https:\/\/vivaiobaronti.com\/fr\/wp-json\/wp\/v2\/media?parent=12840"}],"wp:term":[{"taxonomy":"product_brand","embeddable":true,"href":"https:\/\/vivaiobaronti.com\/fr\/wp-json\/wp\/v2\/product_brand?post=12840"},{"taxonomy":"product_cat","embeddable":true,"href":"https:\/\/vivaiobaronti.com\/fr\/wp-json\/wp\/v2\/product_cat?post=12840"},{"taxonomy":"product_tag","embeddable":true,"href":"https:\/\/vivaiobaronti.com\/fr\/wp-json\/wp\/v2\/product_tag?post=12840"}],"curies":[{"name":"wp","href":"https:\/\/api.w.org\/{rel}","templated":true}]}}