{"id":12756,"date":"2025-05-20T08:20:14","date_gmt":"2025-05-20T08:20:14","guid":{"rendered":"https:\/\/quizzical-davinci.89-31-73-59.plesk.page\/pianta\/loropetalum-chinense-ever-red-r-royalty\/"},"modified":"2025-07-24T08:50:34","modified_gmt":"2025-07-24T08:50:34","slug":"loropetalum-chinense-ever-red-r-royalty","status":"publish","type":"product","link":"https:\/\/vivaiobaronti.com\/fr\/pianta\/loropetalum-chinense-ever-red-r-royalty\/","title":{"rendered":"LOROPETALUM CHINENSE EVER RED (R-ROYALTY)"},"content":{"rendered":"<p>Loropetalum chinense \u00ab\u00a0Ever Red\u00a0\u00bb est un cultivar de Loropetalum qui se distingue par son port compact et la couleur vibrante de ses feuilles et de ses fleurs. Cet arbuste \u00e0 feuillage persistant, originaire de Chine, est particuli\u00e8rement appr\u00e9ci\u00e9 pour sa croissance dense et son aspect ornemental qui embellit les jardins et les espaces verts tout au long de l&rsquo;ann\u00e9e. La vari\u00e9t\u00e9 \u00ab\u00a0Ever Red\u00a0\u00bb est connue pour son feuillage qui, tout en conservant une base vert fonc\u00e9, prend des nuances rouges et violettes, particuli\u00e8rement visibles pendant les p\u00e9riodes plus froides.<\/p>\n<p>Les fleurs, d&rsquo;un rose intense, s&rsquo;\u00e9panouissent au printemps, regroup\u00e9es en inflorescences d\u00e9licates qui apportent \u00e0 la plante une touche d\u00e9corative suppl\u00e9mentaire. Leur forme en frange, rappelant de petites franges, rend la floraison particuli\u00e8rement int\u00e9ressante, cr\u00e9ant un contraste vif avec les feuilles. Loropetalum chinense \u00ab\u00a0Ever Red\u00a0\u00bb Id\u00e9al pour ceux qui recherchent une plante offrant une explosion de couleurs et de mouvement, sans sacrifier la compacit\u00e9.<\/p>\n<p>Cette vari\u00e9t\u00e9 est parfaite pour les sols bien drain\u00e9s et pr\u00e9f\u00e8re les emplacements ensoleill\u00e9s ou mi-ombrag\u00e9s. C&rsquo;est une plante qui s&rsquo;adapte bien \u00e0 la taille, ce qui lui permet de conserver un port net et compact. De plus, elle r\u00e9siste aux climats temp\u00e9r\u00e9s et peut supporter de courtes p\u00e9riodes de s\u00e9cheresse une fois bien \u00e9tablie. Sa r\u00e9sistance et sa beaut\u00e9 la rendent adapt\u00e9e aux jardins modernes comme plus traditionnels, ainsi qu&rsquo;\u00e0 la culture en pot.<\/p>\n","protected":false},"excerpt":{"rendered":"<p>Loropetalum chinense \u00ab\u00a0Ever Red\u00a0\u00bb est un cultivar de Loropetalum qui se distingue par son port compact et la couleur vibrante de ses feuilles et de ses fleurs. Cet arbuste \u00e0 feuillage persistant, originaire de Chine, est particuli\u00e8rement appr\u00e9ci\u00e9 pour sa croissance dense et son aspect ornemental qui embellit les jardins et les espaces verts tout [&hellip;]<\/p>\n","protected":false},"featured_media":6880,"template":"","meta":{"_acf_changed":false},"product_brand":[],"product_cat":[134,166,168],"product_tag":[],"class_list":{"0":"post-12756","1":"product","2":"type-product","3":"status-publish","4":"has-post-thumbnail","6":"product_cat-plantes","7":"product_cat-arbuste","8":"product_cat-forme-pyramide","9":"pa_forma-arbuste","10":"pa_forma-forme-pyramide","11":"pa_forma-mini-tige","13":"first","14":"instock","15":"purchasable","16":"product-type-variable"},"acf":[],"_links":{"self":[{"href":"https:\/\/vivaiobaronti.com\/fr\/wp-json\/wp\/v2\/product\/12756","targetHints":{"allow":["GET"]}}],"collection":[{"href":"https:\/\/vivaiobaronti.com\/fr\/wp-json\/wp\/v2\/product"}],"about":[{"href":"https:\/\/vivaiobaronti.com\/fr\/wp-json\/wp\/v2\/types\/product"}],"wp:featuredmedia":[{"embeddable":true,"href":"https:\/\/vivaiobaronti.com\/fr\/wp-json\/wp\/v2\/media\/6880"}],"wp:attachment":[{"href":"https:\/\/vivaiobaronti.com\/fr\/wp-json\/wp\/v2\/media?parent=12756"}],"wp:term":[{"taxonomy":"product_brand","embeddable":true,"href":"https:\/\/vivaiobaronti.com\/fr\/wp-json\/wp\/v2\/product_brand?post=12756"},{"taxonomy":"product_cat","embeddable":true,"href":"https:\/\/vivaiobaronti.com\/fr\/wp-json\/wp\/v2\/product_cat?post=12756"},{"taxonomy":"product_tag","embeddable":true,"href":"https:\/\/vivaiobaronti.com\/fr\/wp-json\/wp\/v2\/product_tag?post=12756"}],"curies":[{"name":"wp","href":"https:\/\/api.w.org\/{rel}","templated":true}]}}