{"id":12674,"date":"2025-05-20T08:20:14","date_gmt":"2025-05-20T08:20:14","guid":{"rendered":"https:\/\/quizzical-davinci.89-31-73-59.plesk.page\/pianta\/ligustrum-texanum\/"},"modified":"2025-07-24T08:49:15","modified_gmt":"2025-07-24T08:49:15","slug":"ligustrum-texanum","status":"publish","type":"product","link":"https:\/\/vivaiobaronti.com\/fr\/pianta\/ligustrum-texanum\/","title":{"rendered":"LIGUSTRUM TEXANUM"},"content":{"rendered":"<p><span style=\"font-weight: 400;\">Le Ligustrum texanum est une plante ornementale persistante, appr\u00e9ci\u00e9e pour sa polyvalence et son port compact et buissonnant, id\u00e9al pour les haies, les bordures ou comme plante en pot. D&rsquo;origine am\u00e9ricaine, cette vari\u00e9t\u00e9 de tro\u00e8ne se distingue par ses feuilles brillantes et d&rsquo;un vert intense, qui conf\u00e8rent \u00e0 la plante un aspect \u00e9l\u00e9gant tout au long de l&rsquo;ann\u00e9e.<\/span> &nbsp; <span style=\"font-weight: 400;\">Le port du Ligustrum texanum est dense et ramifi\u00e9, avec des branches dress\u00e9es qui cr\u00e9ent une couronne solide et compacte. La floraison, bien que peu voyante, est un d\u00e9tail qui enrichit la plante\u00a0: les petites fleurs blanches, rassembl\u00e9es en inflorescences panicul\u00e9es, s&rsquo;\u00e9panouissent pendant l&rsquo;\u00e9t\u00e9 et attirent de nombreux pollinisateurs. Malgr\u00e9 sa floraison modeste, la plante est surtout appr\u00e9ci\u00e9e pour sa capacit\u00e9 \u00e0 conserver longtemps un aspect d\u00e9coratif, aussi bien dans les espaces publics que priv\u00e9s.<\/span> &nbsp; <span style=\"font-weight: 400;\">R\u00e9sistance et rusticit\u00e9 sont parmi les atouts de cette vari\u00e9t\u00e9\u00a0: elle tol\u00e8re bien la chaleur, la s\u00e9cheresse et les sols pauvres, mais pr\u00e9f\u00e8re une exposition en plein soleil ou \u00e0 mi-ombre et des sols bien drain\u00e9s. Ligustrum texanum se pr\u00eate \u00e9galement tr\u00e8s bien \u00e0 la taille, permettant de cr\u00e9er des formes pr\u00e9cises et g\u00e9om\u00e9triques, pour ceux qui souhaitent l&rsquo;utiliser dans des compositions formelles ou des bordures d\u00e9coratives.<\/span><\/p>\n","protected":false},"excerpt":{"rendered":"<p>Le Ligustrum texanum est une plante ornementale persistante, appr\u00e9ci\u00e9e pour sa polyvalence et son port compact et buissonnant, id\u00e9al pour les haies, les bordures ou comme plante en pot. D&rsquo;origine am\u00e9ricaine, cette vari\u00e9t\u00e9 de tro\u00e8ne se distingue par ses feuilles brillantes et d&rsquo;un vert intense, qui conf\u00e8rent \u00e0 la plante un aspect \u00e9l\u00e9gant tout au [&hellip;]<\/p>\n","protected":false},"featured_media":9278,"template":"","meta":{"_acf_changed":false},"product_brand":[],"product_cat":[134,166],"product_tag":[],"class_list":{"0":"post-12674","1":"product","2":"type-product","3":"status-publish","4":"has-post-thumbnail","6":"product_cat-plantes","7":"product_cat-arbuste","8":"pa_forma-arbuste","10":"first","11":"instock","12":"purchasable","13":"product-type-variable"},"acf":[],"_links":{"self":[{"href":"https:\/\/vivaiobaronti.com\/fr\/wp-json\/wp\/v2\/product\/12674","targetHints":{"allow":["GET"]}}],"collection":[{"href":"https:\/\/vivaiobaronti.com\/fr\/wp-json\/wp\/v2\/product"}],"about":[{"href":"https:\/\/vivaiobaronti.com\/fr\/wp-json\/wp\/v2\/types\/product"}],"wp:featuredmedia":[{"embeddable":true,"href":"https:\/\/vivaiobaronti.com\/fr\/wp-json\/wp\/v2\/media\/9278"}],"wp:attachment":[{"href":"https:\/\/vivaiobaronti.com\/fr\/wp-json\/wp\/v2\/media?parent=12674"}],"wp:term":[{"taxonomy":"product_brand","embeddable":true,"href":"https:\/\/vivaiobaronti.com\/fr\/wp-json\/wp\/v2\/product_brand?post=12674"},{"taxonomy":"product_cat","embeddable":true,"href":"https:\/\/vivaiobaronti.com\/fr\/wp-json\/wp\/v2\/product_cat?post=12674"},{"taxonomy":"product_tag","embeddable":true,"href":"https:\/\/vivaiobaronti.com\/fr\/wp-json\/wp\/v2\/product_tag?post=12674"}],"curies":[{"name":"wp","href":"https:\/\/api.w.org\/{rel}","templated":true}]}}