{"id":12671,"date":"2025-05-20T08:20:14","date_gmt":"2025-05-20T08:20:14","guid":{"rendered":"https:\/\/quizzical-davinci.89-31-73-59.plesk.page\/pianta\/lagestroemia-indica\/"},"modified":"2025-07-24T08:49:12","modified_gmt":"2025-07-24T08:49:12","slug":"lagestroemia-indica","status":"publish","type":"product","link":"https:\/\/vivaiobaronti.com\/fr\/pianta\/lagestroemia-indica\/","title":{"rendered":"LAGESTROEMIA INDICA"},"content":{"rendered":"<p>Lagerstroemia indica &lsquo;Dynamite&rsquo; est une vari\u00e9t\u00e9 particuli\u00e8rement appr\u00e9ci\u00e9e pour la vivacit\u00e9 de sa floraison estivale, qui se distingue par la couleur rouge intense de ses fleurs et par l&rsquo;\u00e9l\u00e9gance g\u00e9n\u00e9rale de la plante. Arbuste caduc, il pr\u00e9sente un port \u00e9rig\u00e9 et bien ramifi\u00e9, un d\u00e9veloppement ordonn\u00e9 et de petites dimensions, ce qui le rend adapt\u00e9 aussi bien \u00e0 la culture en pot qu&rsquo;aux jardins de petite ou moyenne taille.<\/p>\n<p>Durant l&rsquo;\u00e9t\u00e9 et jusqu&rsquo;au d\u00e9but de l&rsquo;automne, la plante produit des inflorescences lumineuses et voyantes, compos\u00e9es de petites fleurs au bord recourb\u00e9, regroup\u00e9es en panicules, qui se d\u00e9tachent sur le feuillage vert vif. En automne, les feuilles prennent des teintes chaudes entre l&rsquo;orange et le rouge, contribuant \u00e0 l&rsquo;int\u00e9r\u00eat ornemental m\u00eame en fin de saison de croissance.<\/p>\n<p>Avec le temps, la tige d\u00e9veloppe une \u00e9corce lisse qui a tendance \u00e0 s&rsquo;\u00e9cailler naturellement, r\u00e9v\u00e9lant des nuances claires qui rehaussent l&rsquo;apparence de la plante m\u00eame en hiver. &lsquo;Dynamite&rsquo; pr\u00e9f\u00e8re les expositions ensoleill\u00e9es, tol\u00e8re bien la chaleur et la s\u00e9cheresse une fois \u00e9tablie et n\u00e9cessite un substrat bien drain\u00e9 pour exprimer au mieux ses qualit\u00e9s, m\u00eame en conteneur.<\/p>\n","protected":false},"excerpt":{"rendered":"<p>Lagerstroemia indica &lsquo;Dynamite&rsquo; est une vari\u00e9t\u00e9 particuli\u00e8rement appr\u00e9ci\u00e9e pour la vivacit\u00e9 de sa floraison estivale, qui se distingue par la couleur rouge intense de ses fleurs et par l&rsquo;\u00e9l\u00e9gance g\u00e9n\u00e9rale de la plante. Arbuste caduc, il pr\u00e9sente un port \u00e9rig\u00e9 et bien ramifi\u00e9, un d\u00e9veloppement ordonn\u00e9 et de petites dimensions, ce qui le rend adapt\u00e9 [&hellip;]<\/p>\n","protected":false},"featured_media":0,"template":"","meta":{"_acf_changed":false},"product_brand":[],"product_cat":[134,167],"product_tag":[],"class_list":{"0":"post-12671","1":"product","2":"type-product","3":"status-publish","5":"product_cat-plantes","6":"product_cat-demi-tige","7":"pa_forma-demi-tige","9":"first","10":"instock","11":"purchasable","12":"product-type-variable"},"acf":[],"_links":{"self":[{"href":"https:\/\/vivaiobaronti.com\/fr\/wp-json\/wp\/v2\/product\/12671","targetHints":{"allow":["GET"]}}],"collection":[{"href":"https:\/\/vivaiobaronti.com\/fr\/wp-json\/wp\/v2\/product"}],"about":[{"href":"https:\/\/vivaiobaronti.com\/fr\/wp-json\/wp\/v2\/types\/product"}],"wp:attachment":[{"href":"https:\/\/vivaiobaronti.com\/fr\/wp-json\/wp\/v2\/media?parent=12671"}],"wp:term":[{"taxonomy":"product_brand","embeddable":true,"href":"https:\/\/vivaiobaronti.com\/fr\/wp-json\/wp\/v2\/product_brand?post=12671"},{"taxonomy":"product_cat","embeddable":true,"href":"https:\/\/vivaiobaronti.com\/fr\/wp-json\/wp\/v2\/product_cat?post=12671"},{"taxonomy":"product_tag","embeddable":true,"href":"https:\/\/vivaiobaronti.com\/fr\/wp-json\/wp\/v2\/product_tag?post=12671"}],"curies":[{"name":"wp","href":"https:\/\/api.w.org\/{rel}","templated":true}]}}