{"id":12663,"date":"2025-05-20T08:20:14","date_gmt":"2025-05-20T08:20:14","guid":{"rendered":"https:\/\/quizzical-davinci.89-31-73-59.plesk.page\/pianta\/ilex-aquifolium-aurea\/"},"modified":"2025-07-24T08:49:12","modified_gmt":"2025-07-24T08:49:12","slug":"ilex-aquifolium-aurea","status":"publish","type":"product","link":"https:\/\/vivaiobaronti.com\/fr\/pianta\/ilex-aquifolium-aurea\/","title":{"rendered":"ILEX AQUIFOLIUM AUREA"},"content":{"rendered":"<p>Ilex aquifolium \u00ab\u00a0Aurea Marginata\u00a0\u00bb est un cultivar de houx persistant qui se distingue par son port compact et la panachure dor\u00e9e de ses feuilles. Cette vari\u00e9t\u00e9 poss\u00e8de des feuilles coriaces et \u00e9pineuses, vert fonc\u00e9 bord\u00e9es de jaune dor\u00e9, qui conservent leur vivacit\u00e9 tout au long de l&rsquo;ann\u00e9e, lui conf\u00e9rant un aspect d\u00e9coratif m\u00eame en hiver.<br \/>\nLa plante pousse en port \u00e9rig\u00e9, atteignant une hauteur d&rsquo;environ 2 \u00e0 3 m\u00e8tres et une largeur de 1,5 \u00e0 2 m\u00e8tres, avec une croissance lente et r\u00e9guli\u00e8re. Elle s&rsquo;adapte \u00e0 diff\u00e9rents types de sols, de pr\u00e9f\u00e9rence bien drain\u00e9s, et tol\u00e8re les expositions ensoleill\u00e9es et mi-ombrag\u00e9es. Sa rusticit\u00e9 et sa capacit\u00e9 d&rsquo;adaptation \u00e0 divers environnements en font un arbre id\u00e9al pour les jardins \u00e0 la fran\u00e7aise, les bordures ou comme \u00e9l\u00e9ment contrastant dans les compositions paysag\u00e8res.<br \/>\nAu printemps, la plante produit de petites fleurs blanches, suivies de baies rouges \u00e0 l&rsquo;automne, qui ajoutent un int\u00e9r\u00eat saisonnier suppl\u00e9mentaire. Il est important de noter que les baies sont ornementales et non comestibles\u00a0; il convient donc de les manipuler avec pr\u00e9caution.<br \/>\nCe cultivar est appr\u00e9ci\u00e9 pour sa beaut\u00e9 esth\u00e9tique et sa facilit\u00e9 de croissance, ce qui en fait un choix id\u00e9al pour ceux qui recherchent une plante persistante avec une touche de couleur dor\u00e9e toute l&rsquo;ann\u00e9e.<\/p>\n","protected":false},"excerpt":{"rendered":"<p>Ilex aquifolium \u00ab\u00a0Aurea Marginata\u00a0\u00bb est un cultivar de houx persistant qui se distingue par son port compact et la panachure dor\u00e9e de ses feuilles. Cette vari\u00e9t\u00e9 poss\u00e8de des feuilles coriaces et \u00e9pineuses, vert fonc\u00e9 bord\u00e9es de jaune dor\u00e9, qui conservent leur vivacit\u00e9 tout au long de l&rsquo;ann\u00e9e, lui conf\u00e9rant un aspect d\u00e9coratif m\u00eame en hiver. [&hellip;]<\/p>\n","protected":false},"featured_media":0,"template":"","meta":{"_acf_changed":false},"product_brand":[],"product_cat":[134,166],"product_tag":[],"class_list":{"0":"post-12663","1":"product","2":"type-product","3":"status-publish","5":"product_cat-plantes","6":"product_cat-arbuste","7":"pa_forma-arbuste","9":"first","10":"instock","11":"purchasable","12":"product-type-variable"},"acf":[],"_links":{"self":[{"href":"https:\/\/vivaiobaronti.com\/fr\/wp-json\/wp\/v2\/product\/12663","targetHints":{"allow":["GET"]}}],"collection":[{"href":"https:\/\/vivaiobaronti.com\/fr\/wp-json\/wp\/v2\/product"}],"about":[{"href":"https:\/\/vivaiobaronti.com\/fr\/wp-json\/wp\/v2\/types\/product"}],"wp:attachment":[{"href":"https:\/\/vivaiobaronti.com\/fr\/wp-json\/wp\/v2\/media?parent=12663"}],"wp:term":[{"taxonomy":"product_brand","embeddable":true,"href":"https:\/\/vivaiobaronti.com\/fr\/wp-json\/wp\/v2\/product_brand?post=12663"},{"taxonomy":"product_cat","embeddable":true,"href":"https:\/\/vivaiobaronti.com\/fr\/wp-json\/wp\/v2\/product_cat?post=12663"},{"taxonomy":"product_tag","embeddable":true,"href":"https:\/\/vivaiobaronti.com\/fr\/wp-json\/wp\/v2\/product_tag?post=12663"}],"curies":[{"name":"wp","href":"https:\/\/api.w.org\/{rel}","templated":true}]}}