{"id":12657,"date":"2025-05-20T08:20:08","date_gmt":"2025-05-20T08:20:08","guid":{"rendered":"https:\/\/quizzical-davinci.89-31-73-59.plesk.page\/pianta\/feijoa-sellowiana-fecoia\/"},"modified":"2025-07-24T08:49:12","modified_gmt":"2025-07-24T08:49:12","slug":"feijoa-sellowiana-fecoia","status":"publish","type":"product","link":"https:\/\/vivaiobaronti.com\/fr\/pianta\/feijoa-sellowiana-fecoia\/","title":{"rendered":"FEIJOA SELLOWIANA (FECOIA)"},"content":{"rendered":"<p>Appartenant \u00e0 la famille des Myrtac\u00e9es, Feijoa sellowiana est un arbuste persistant originaire d&rsquo;Am\u00e9rique du Sud (sud du Br\u00e9sil, Uruguay, nord de l&rsquo;Argentine), connu \u00e0 la fois pour son int\u00e9r\u00eat ornemental et pour la production de fruits comestibles. La plante a un port arrondi et bien rang\u00e9, une croissance moyenne et une structure naturellement ramifi\u00e9e.<br \/>\nLes feuilles sont oppos\u00e9es, ovales, coriaces, avec une face sup\u00e9rieure vert terne et une face inf\u00e9rieure gris argent\u00e9, tomenteuse, ce qui conf\u00e8re \u00e0 la plante un \u00e9l\u00e9gant contraste chromatique. \u00c0 la fin du printemps, il produit des fleurs tr\u00e8s d\u00e9coratives, \u00e0 quatre p\u00e9tales blancs<br \/>\nroses \u00e0 l&rsquo;int\u00e9rieur et \u00e0 longues \u00e9tamines rouges, ornementales et nectarif\u00e8res, qui attirent les insectes pollinisateurs. Les fruits, semblables \u00e0 de petites goyaves, sont ovo\u00efdes, de couleur vert gris\u00e2tre, et<br \/>\nm\u00fbrissent en automne. La pulpe est parfum\u00e9e et aromatique, avec une saveur complexe rappelant<br \/>\nun m\u00e9lange d&rsquo;ananas, de menthe et de fraise.<br \/>\nUne fructification r\u00e9guli\u00e8re est favoris\u00e9e par des hivers doux et des printemps peu pluvieux. Il pr\u00e9f\u00e8re les expositions ensoleill\u00e9es et les sols bien drain\u00e9s, m\u00eame s&rsquo;ils sont g\u00e9n\u00e9ralement sableux ou pauvres. Une fois bien \u00e9tabli, il tol\u00e8re la s\u00e9cheresse et s&rsquo;adapte \u00e9galement aux environnements c\u00f4tiers gr\u00e2ce \u00e0 sa bonne r\u00e9sistance \u00e0 la salinit\u00e9. Il supporte bien la taille, utile pour contenir sa croissance ou pour former des haies productives.<\/p>\n<p>Il est utilis\u00e9 aussi bien \u00e0 des fins ornementales, dans les jardins m\u00e9diterran\u00e9ens ou \u00e0 faible entretien, que comme plante fruiti\u00e8re pour les petits vergers familiaux, les potagers et les haies productives.<br \/>\nIl peut \u00e9galement \u00eatre cultiv\u00e9 en grands pots pour les terrasses et les espaces ensoleill\u00e9s.<\/p>\n","protected":false},"excerpt":{"rendered":"<p>Appartenant \u00e0 la famille des Myrtac\u00e9es, Feijoa sellowiana est un arbuste persistant originaire d&rsquo;Am\u00e9rique du Sud (sud du Br\u00e9sil, Uruguay, nord de l&rsquo;Argentine), connu \u00e0 la fois pour son int\u00e9r\u00eat ornemental et pour la production de fruits comestibles. La plante a un port arrondi et bien rang\u00e9, une croissance moyenne et une structure naturellement ramifi\u00e9e. [&hellip;]<\/p>\n","protected":false},"featured_media":0,"template":"","meta":{"_acf_changed":false},"product_brand":[],"product_cat":[134,166],"product_tag":[],"class_list":{"0":"post-12657","1":"product","2":"type-product","3":"status-publish","5":"product_cat-plantes","6":"product_cat-arbuste","7":"pa_forma-arbuste","9":"first","10":"instock","11":"purchasable","12":"product-type-variable"},"acf":[],"_links":{"self":[{"href":"https:\/\/vivaiobaronti.com\/fr\/wp-json\/wp\/v2\/product\/12657","targetHints":{"allow":["GET"]}}],"collection":[{"href":"https:\/\/vivaiobaronti.com\/fr\/wp-json\/wp\/v2\/product"}],"about":[{"href":"https:\/\/vivaiobaronti.com\/fr\/wp-json\/wp\/v2\/types\/product"}],"wp:attachment":[{"href":"https:\/\/vivaiobaronti.com\/fr\/wp-json\/wp\/v2\/media?parent=12657"}],"wp:term":[{"taxonomy":"product_brand","embeddable":true,"href":"https:\/\/vivaiobaronti.com\/fr\/wp-json\/wp\/v2\/product_brand?post=12657"},{"taxonomy":"product_cat","embeddable":true,"href":"https:\/\/vivaiobaronti.com\/fr\/wp-json\/wp\/v2\/product_cat?post=12657"},{"taxonomy":"product_tag","embeddable":true,"href":"https:\/\/vivaiobaronti.com\/fr\/wp-json\/wp\/v2\/product_tag?post=12657"}],"curies":[{"name":"wp","href":"https:\/\/api.w.org\/{rel}","templated":true}]}}