{"id":12654,"date":"2025-05-20T08:20:08","date_gmt":"2025-05-20T08:20:08","guid":{"rendered":"https:\/\/quizzical-davinci.89-31-73-59.plesk.page\/pianta\/euonymus-japonicus-green-spire\/"},"modified":"2025-07-24T08:49:12","modified_gmt":"2025-07-24T08:49:12","slug":"euonymus-japonicus-green-spire","status":"publish","type":"product","link":"https:\/\/vivaiobaronti.com\/fr\/pianta\/euonymus-japonicus-green-spire\/","title":{"rendered":"EUONYMUS JAPONICUS GREEN SPIRE"},"content":{"rendered":"<p><i><span style=\"font-weight: 400\">Euonymus japonicus<\/span><\/i><span style=\"font-weight: 400\"> &lsquo;Green Spire&rsquo; est une s\u00e9lection persistante au port \u00e9troit et colonnaire, appartenant \u00e0 la famille des Celastraceae. Caract\u00e9ris\u00e9 par une croissance lente et ordonn\u00e9e, ce cultivar se distingue par son port naturellement dress\u00e9 et compact, qui ne n\u00e9cessite pas de taille continue pour maintenir sa structure verticale.<\/span> <span style=\"font-weight: 400\">Le feuillage est dense, avec de petites feuilles elliptiques, coriaces et brillantes, d&rsquo;un vert fonc\u00e9 intense et uniforme. Persistant toute l&rsquo;ann\u00e9e, il conserve un aspect net et propre m\u00eame dans des conditions climatiques difficiles. La floraison est discr\u00e8te, avec de petites fleurs verd\u00e2tres au printemps, sans grande valeur ornementale. <\/span> <span style=\"font-weight: 400\">Particuli\u00e8rement adapt\u00e9 aux expositions ensoleill\u00e9es ou semi-ombrag\u00e9es, &lsquo;Green Spire&rsquo; tol\u00e8re bien la pollution atmosph\u00e9rique, la salinit\u00e9 et le vent, ce qui le rend id\u00e9al \u00e9galement en milieu urbain ou c\u00f4tier. Il pr\u00e9f\u00e8re les sols frais mais bien drain\u00e9s, et s&rsquo;adapte facilement \u00e0 diff\u00e9rentes conditions p\u00e9doclimatiques. Il est rustique dans les r\u00e9gions temp\u00e9r\u00e9es et r\u00e9siste bien au froid une fois bien \u00e9tabli.<\/span> <span style=\"font-weight: 400\">Gr\u00e2ce \u00e0 sa structure compacte et \u00e9lanc\u00e9e, ce cultivar convient aux bordures formelles, aux haies \u00e9troites, aux espaces architecturaux modernes ou comme \u00e9l\u00e9ment vertical dans les compositions ornementales. Il est \u00e9galement excellent en pot pour les terrasses, les entr\u00e9es ou les jardins faciles d&rsquo;entretien.<\/span><\/p>\n","protected":false},"excerpt":{"rendered":"<p>Euonymus japonicus &lsquo;Green Spire&rsquo; est une s\u00e9lection persistante au port \u00e9troit et colonnaire, appartenant \u00e0 la famille des Celastraceae. Caract\u00e9ris\u00e9 par une croissance lente et ordonn\u00e9e, ce cultivar se distingue par son port naturellement dress\u00e9 et compact, qui ne n\u00e9cessite pas de taille continue pour maintenir sa structure verticale. Le feuillage est dense, avec de [&hellip;]<\/p>\n","protected":false},"featured_media":0,"template":"","meta":{"_acf_changed":false},"product_brand":[],"product_cat":[134,166],"product_tag":[],"class_list":{"0":"post-12654","1":"product","2":"type-product","3":"status-publish","5":"product_cat-plantes","6":"product_cat-arbuste","7":"pa_forma-arbuste","9":"first","10":"instock","11":"purchasable","12":"product-type-variable"},"acf":[],"_links":{"self":[{"href":"https:\/\/vivaiobaronti.com\/fr\/wp-json\/wp\/v2\/product\/12654","targetHints":{"allow":["GET"]}}],"collection":[{"href":"https:\/\/vivaiobaronti.com\/fr\/wp-json\/wp\/v2\/product"}],"about":[{"href":"https:\/\/vivaiobaronti.com\/fr\/wp-json\/wp\/v2\/types\/product"}],"wp:attachment":[{"href":"https:\/\/vivaiobaronti.com\/fr\/wp-json\/wp\/v2\/media?parent=12654"}],"wp:term":[{"taxonomy":"product_brand","embeddable":true,"href":"https:\/\/vivaiobaronti.com\/fr\/wp-json\/wp\/v2\/product_brand?post=12654"},{"taxonomy":"product_cat","embeddable":true,"href":"https:\/\/vivaiobaronti.com\/fr\/wp-json\/wp\/v2\/product_cat?post=12654"},{"taxonomy":"product_tag","embeddable":true,"href":"https:\/\/vivaiobaronti.com\/fr\/wp-json\/wp\/v2\/product_tag?post=12654"}],"curies":[{"name":"wp","href":"https:\/\/api.w.org\/{rel}","templated":true}]}}