{"id":12492,"date":"2025-05-20T08:20:08","date_gmt":"2025-05-20T08:20:08","guid":{"rendered":"https:\/\/quizzical-davinci.89-31-73-59.plesk.page\/pianta\/euonymus-japonicus-benkomasaki\/"},"modified":"2025-07-24T08:49:05","modified_gmt":"2025-07-24T08:49:05","slug":"euonymus-japonicus-benkomasaki","status":"publish","type":"product","link":"https:\/\/vivaiobaronti.com\/fr\/pianta\/euonymus-japonicus-benkomasaki\/","title":{"rendered":"EUONYMUS JAPONICUS BENKOMASAKI"},"content":{"rendered":"<p><span style=\"font-weight: 400;\">Cultivar colonnaire de l&rsquo;esp\u00e8ce <\/span><i><span style=\"font-weight: 400;\">Euonymus japonicus<\/span><\/i><span style=\"font-weight: 400;\">, &lsquo;Benkomasaki&rsquo; est un arbre \u00e0 feuillage persistant compact et structur\u00e9, originaire d&rsquo;Asie de l&rsquo;Est et appartenant \u00e0 la famille des Celastraceae. Il se caract\u00e9rise par une croissance lente et r\u00e9guli\u00e8re et par son port v\u00e9g\u00e9tatif dress\u00e9 et \u00e9troit, avec des branches verticales l\u00e9g\u00e8rement divergentes qui d\u00e9finissent une silhouette compacte, nette et verticale.<\/span> <span style=\"font-weight: 400;\">Les feuilles sont persistantes, petites, de forme elliptique, l\u00e9g\u00e8rement ondul\u00e9es, aux bords lisses ou finement dent\u00e9s. La couleur est d&rsquo;un vert fonc\u00e9 brillant et uniforme, qui reste stable toute l&rsquo;ann\u00e9e, contribuant \u00e0 un aspect soign\u00e9. La floraison, peu voyante, se produit entre la fin du printemps et le d\u00e9but de l&rsquo;\u00e9t\u00e9, avec de petites fleurs jaune-verd\u00e2tre. &lsquo;Benkomasaki&rsquo; pr\u00e9f\u00e8re les expositions ensoleill\u00e9es ou mi-ombrag\u00e9es et s&rsquo;adapte bien \u00e0 diff\u00e9rents types de sols, \u00e0 condition qu&rsquo;ils soient bien drain\u00e9s. Il pr\u00e9sente une bonne tol\u00e9rance au vent, \u00e0 la pollution et \u00e0 la salinit\u00e9, ce qui le rend \u00e9galement adapt\u00e9 aux environnements urbains ou marins. Il pr\u00e9sente une bonne rusticit\u00e9 sous les climats temp\u00e9r\u00e9s et ne n\u00e9cessite pas de taille fr\u00e9quente pour conserver sa forme naturelle. Particuli\u00e8rement appr\u00e9ci\u00e9 pour sa verdure formelle ou minimaliste, il est utilis\u00e9 dans des haies \u00e9troites, des bordures verticales, des compositions architecturales ou en solitaire en pot, o\u00f9 il offre une pr\u00e9sence sculpturale et soign\u00e9e avec un entretien limit\u00e9.<\/p>\n","protected":false},"excerpt":{"rendered":"<p>Cultivar colonnaire de l&rsquo;esp\u00e8ce Euonymus japonicus, &lsquo;Benkomasaki&rsquo; est un arbre \u00e0 feuillage persistant compact et structur\u00e9, originaire d&rsquo;Asie de l&rsquo;Est et appartenant \u00e0 la famille des Celastraceae. Il se caract\u00e9rise par une croissance lente et r\u00e9guli\u00e8re et par son port v\u00e9g\u00e9tatif dress\u00e9 et \u00e9troit, avec des branches verticales l\u00e9g\u00e8rement divergentes qui d\u00e9finissent une silhouette compacte, [&hellip;]<\/p>\n","protected":false},"featured_media":9184,"template":"","meta":{"_acf_changed":false},"product_brand":[],"product_cat":[134,166,168],"product_tag":[],"class_list":{"0":"post-12492","1":"product","2":"type-product","3":"status-publish","4":"has-post-thumbnail","6":"product_cat-plantes","7":"product_cat-arbuste","8":"product_cat-forme-pyramide","9":"pa_forma-arbuste","10":"pa_forma-forme-pyramide","11":"pa_forma-palla","13":"first","14":"instock","15":"purchasable","16":"product-type-variable"},"acf":[],"_links":{"self":[{"href":"https:\/\/vivaiobaronti.com\/fr\/wp-json\/wp\/v2\/product\/12492","targetHints":{"allow":["GET"]}}],"collection":[{"href":"https:\/\/vivaiobaronti.com\/fr\/wp-json\/wp\/v2\/product"}],"about":[{"href":"https:\/\/vivaiobaronti.com\/fr\/wp-json\/wp\/v2\/types\/product"}],"wp:featuredmedia":[{"embeddable":true,"href":"https:\/\/vivaiobaronti.com\/fr\/wp-json\/wp\/v2\/media\/9184"}],"wp:attachment":[{"href":"https:\/\/vivaiobaronti.com\/fr\/wp-json\/wp\/v2\/media?parent=12492"}],"wp:term":[{"taxonomy":"product_brand","embeddable":true,"href":"https:\/\/vivaiobaronti.com\/fr\/wp-json\/wp\/v2\/product_brand?post=12492"},{"taxonomy":"product_cat","embeddable":true,"href":"https:\/\/vivaiobaronti.com\/fr\/wp-json\/wp\/v2\/product_cat?post=12492"},{"taxonomy":"product_tag","embeddable":true,"href":"https:\/\/vivaiobaronti.com\/fr\/wp-json\/wp\/v2\/product_tag?post=12492"}],"curies":[{"name":"wp","href":"https:\/\/api.w.org\/{rel}","templated":true}]}}