{"id":12393,"date":"2025-05-20T08:20:02","date_gmt":"2025-05-20T08:20:02","guid":{"rendered":"https:\/\/quizzical-davinci.89-31-73-59.plesk.page\/pianta\/escallonia-laevis-pink-elle-lades-r-royalty\/"},"modified":"2025-07-24T08:48:58","modified_gmt":"2025-07-24T08:48:58","slug":"escallonia-laevis-pink-elle-lades-r-royalty","status":"publish","type":"product","link":"https:\/\/vivaiobaronti.com\/fr\/pianta\/escallonia-laevis-pink-elle-lades-r-royalty\/","title":{"rendered":"ESCALLONIA LAEVIS PINK ELLE \u00ab\u00a0LADES\u00a0\u00bb (R.ROYALTY)"},"content":{"rendered":"<p>L&rsquo;Escallonia laevis \u00ab Pink Elle \u00bb, vari\u00e9t\u00e9 nomm\u00e9e \u00ab Lades \u00bb, est un arbuste persistant d&rsquo;une \u00e9l\u00e9gance extraordinaire, id\u00e9al pour ceux qui recherchent une plante compacte et soign\u00e9e, \u00e0 la floraison abondante. Il se distingue par son port arrondi et bien ramifi\u00e9, id\u00e9al pour les bordures basses, les haies compactes ou pour la culture en pot sur les terrasses et les balcons. Son point fort est sa floraison abondante, qui d\u00e9bute entre la fin du printemps et l&rsquo;\u00e9t\u00e9\u00a0: des grappes de fleurs rose intense s&rsquo;\u00e9panouissent en grand nombre, contrastant joliment avec le feuillage vert brillant, cr\u00e9ant un effet \u00e0 la fois vif et raffin\u00e9. Ses fleurs sont \u00e9galement parfum\u00e9es et tr\u00e8s appr\u00e9ci\u00e9es des abeilles et des papillons, ce qui en fait un choix aussi \u00e9cologique qu&rsquo;esth\u00e9tique. \u00ab Pink Elle \u00bb est une vari\u00e9t\u00e9 compacte \u00e0 la croissance bien contenue, ne d\u00e9passant g\u00e9n\u00e9ralement pas 1 m\u00e8tre de hauteur, conservant un port arrondi sans n\u00e9cessiter de taille fr\u00e9quente. R\u00e9sistante au vent, au soleil et au sel, c&rsquo;est une plante id\u00e9ale pour les jardins c\u00f4tiers ou les zones venteuses. Une fois bien \u00e9tablie, elle tol\u00e8re bien la s\u00e9cheresse et s&rsquo;adapte \u00e0 une grande vari\u00e9t\u00e9 de sols, \u00e0 condition qu&rsquo;ils soient bien drain\u00e9s. Avec sa floraison spectaculaire, sa forme soign\u00e9e et sa grande facilit\u00e9 de culture, l&rsquo;Escallonia \u00ab\u00a0Pink Elle\u00a0\u00bb est un choix id\u00e9al pour apporter couleur et structure au jardin, toute l&rsquo;ann\u00e9e, avec un minimum d&rsquo;effort.<\/p>\n","protected":false},"excerpt":{"rendered":"<p>L&rsquo;Escallonia laevis \u00ab Pink Elle \u00bb, vari\u00e9t\u00e9 nomm\u00e9e \u00ab Lades \u00bb, est un arbuste persistant d&rsquo;une \u00e9l\u00e9gance extraordinaire, id\u00e9al pour ceux qui recherchent une plante compacte et soign\u00e9e, \u00e0 la floraison abondante. Il se distingue par son port arrondi et bien ramifi\u00e9, id\u00e9al pour les bordures basses, les haies compactes ou pour la culture en [&hellip;]<\/p>\n","protected":false},"featured_media":0,"template":"","meta":{"_acf_changed":false},"product_brand":[],"product_cat":[134,166],"product_tag":[],"class_list":{"0":"post-12393","1":"product","2":"type-product","3":"status-publish","5":"product_cat-plantes","6":"product_cat-arbuste","7":"pa_forma-arbuste","9":"first","10":"instock","11":"purchasable","12":"product-type-variable"},"acf":[],"_links":{"self":[{"href":"https:\/\/vivaiobaronti.com\/fr\/wp-json\/wp\/v2\/product\/12393","targetHints":{"allow":["GET"]}}],"collection":[{"href":"https:\/\/vivaiobaronti.com\/fr\/wp-json\/wp\/v2\/product"}],"about":[{"href":"https:\/\/vivaiobaronti.com\/fr\/wp-json\/wp\/v2\/types\/product"}],"wp:attachment":[{"href":"https:\/\/vivaiobaronti.com\/fr\/wp-json\/wp\/v2\/media?parent=12393"}],"wp:term":[{"taxonomy":"product_brand","embeddable":true,"href":"https:\/\/vivaiobaronti.com\/fr\/wp-json\/wp\/v2\/product_brand?post=12393"},{"taxonomy":"product_cat","embeddable":true,"href":"https:\/\/vivaiobaronti.com\/fr\/wp-json\/wp\/v2\/product_cat?post=12393"},{"taxonomy":"product_tag","embeddable":true,"href":"https:\/\/vivaiobaronti.com\/fr\/wp-json\/wp\/v2\/product_tag?post=12393"}],"curies":[{"name":"wp","href":"https:\/\/api.w.org\/{rel}","templated":true}]}}