{"id":12311,"date":"2025-05-20T08:20:02","date_gmt":"2025-05-20T08:20:02","guid":{"rendered":"https:\/\/quizzical-davinci.89-31-73-59.plesk.page\/pianta\/elaeagnus-x-ebbingei-viveleg\/"},"modified":"2025-07-24T08:48:58","modified_gmt":"2025-07-24T08:48:58","slug":"elaeagnus-x-ebbingei-viveleg","status":"publish","type":"product","link":"https:\/\/vivaiobaronti.com\/fr\/pianta\/elaeagnus-x-ebbingei-viveleg\/","title":{"rendered":"ELAEAGNUS X EBBINGEI VIVELEG"},"content":{"rendered":"<p>Elaeagnus x ebbingei &lsquo;Viveleg&rsquo; est une vari\u00e9t\u00e9 \u00e0 feuilles panach\u00e9es au caract\u00e8re fort et raffin\u00e9, id\u00e9ale pour ceux qui recherchent une plante persistante tr\u00e8s lumineuse, r\u00e9sistante et d\u00e9corative toute l&rsquo;ann\u00e9e. Son feuillage large et coriace, aux bords cr\u00e8me vif et au c\u00bdur vert olive, cr\u00e9e un contraste visuel surprenant capable d&rsquo;illuminer m\u00eame les coins les plus ombrag\u00e9s du jardin. Gr\u00e2ce \u00e0 son port compact et bien ramifi\u00e9, &lsquo;Viveleg&rsquo; est parfait pour cr\u00e9er des haies ornementales, mais aussi en sp\u00e9cimen isol\u00e9 ou cultiv\u00e9 en pot sur les terrasses et les balcons. En automne, il produit de petites fleurs parfum\u00e9es de couleur ivoire, discr\u00e8tes mais au parfum intense, qui enrichissent encore sa valeur ornementale. Cette vari\u00e9t\u00e9 allie \u00e9l\u00e9gance esth\u00e9tique et extraordinaire r\u00e9sistance environnementale\u00a0: elle tol\u00e8re bien le vent, la chaleur, le froid, la salinit\u00e9 et la s\u00e9cheresse, et convient donc aussi bien aux jardins urbains qu&rsquo;aux contextes c\u00f4tiers ou m\u00e9diterran\u00e9ens. Il pousse bien dans presque tous les types de sols, m\u00eame pauvres ou calcaires, et n\u00e9cessite tr\u00e8s peu d&rsquo;entretien. L&rsquo;Elaeagnus &lsquo;Viveleg&rsquo; est le choix id\u00e9al pour ceux qui recherchent une plante impressionnante, lumineuse et polyvalente, capable d&rsquo;allier couleur et vigueur en toute saison.<\/p>\n","protected":false},"excerpt":{"rendered":"<p>Elaeagnus x ebbingei &lsquo;Viveleg&rsquo; est une vari\u00e9t\u00e9 \u00e0 feuilles panach\u00e9es au caract\u00e8re fort et raffin\u00e9, id\u00e9ale pour ceux qui recherchent une plante persistante tr\u00e8s lumineuse, r\u00e9sistante et d\u00e9corative toute l&rsquo;ann\u00e9e. Son feuillage large et coriace, aux bords cr\u00e8me vif et au c\u00bdur vert olive, cr\u00e9e un contraste visuel surprenant capable d&rsquo;illuminer m\u00eame les coins les [&hellip;]<\/p>\n","protected":false},"featured_media":6687,"template":"","meta":{"_acf_changed":false},"product_brand":[],"product_cat":[134,166],"product_tag":[],"class_list":{"0":"post-12311","1":"product","2":"type-product","3":"status-publish","4":"has-post-thumbnail","6":"product_cat-plantes","7":"product_cat-arbuste","8":"pa_forma-arbuste","10":"first","11":"instock","12":"purchasable","13":"product-type-variable"},"acf":[],"_links":{"self":[{"href":"https:\/\/vivaiobaronti.com\/fr\/wp-json\/wp\/v2\/product\/12311","targetHints":{"allow":["GET"]}}],"collection":[{"href":"https:\/\/vivaiobaronti.com\/fr\/wp-json\/wp\/v2\/product"}],"about":[{"href":"https:\/\/vivaiobaronti.com\/fr\/wp-json\/wp\/v2\/types\/product"}],"wp:featuredmedia":[{"embeddable":true,"href":"https:\/\/vivaiobaronti.com\/fr\/wp-json\/wp\/v2\/media\/6687"}],"wp:attachment":[{"href":"https:\/\/vivaiobaronti.com\/fr\/wp-json\/wp\/v2\/media?parent=12311"}],"wp:term":[{"taxonomy":"product_brand","embeddable":true,"href":"https:\/\/vivaiobaronti.com\/fr\/wp-json\/wp\/v2\/product_brand?post=12311"},{"taxonomy":"product_cat","embeddable":true,"href":"https:\/\/vivaiobaronti.com\/fr\/wp-json\/wp\/v2\/product_cat?post=12311"},{"taxonomy":"product_tag","embeddable":true,"href":"https:\/\/vivaiobaronti.com\/fr\/wp-json\/wp\/v2\/product_tag?post=12311"}],"curies":[{"name":"wp","href":"https:\/\/api.w.org\/{rel}","templated":true}]}}