{"id":12301,"date":"2025-05-20T08:19:54","date_gmt":"2025-05-20T08:19:54","guid":{"rendered":"https:\/\/quizzical-davinci.89-31-73-59.plesk.page\/pianta\/elaeagnus-x-ebbingei-maryline-r-royalty\/"},"modified":"2025-07-24T08:48:50","modified_gmt":"2025-07-24T08:48:50","slug":"elaeagnus-x-ebbingei-maryline-r-royalty","status":"publish","type":"product","link":"https:\/\/vivaiobaronti.com\/fr\/pianta\/elaeagnus-x-ebbingei-maryline-r-royalty\/","title":{"rendered":"ELAEAGNUS X EBBINGEI MARYLINE (R-ROYALTY)"},"content":{"rendered":"<p>Elaeagnus x ebbingei \u2018Maryline\u2019 est une splendide vari\u00e9t\u00e9 \u00e0 feuilles panach\u00e9es, con\u00e7ue pour ceux qui souhaitent apporter couleur et luminosit\u00e9 \u00e0 leur jardin en toute saison. Contrairement aux vari\u00e9t\u00e9s vertes traditionnelles, \u2018Maryline\u2019 se distingue par son feuillage lumineux et d\u00e9coratif, aux bords jaune dor\u00e9 et au c\u0153ur vert olive, qui devient plus chaud pendant les mois froids. Un v\u00e9ritable point de lumi\u00e8re m\u00eame lors des journ\u00e9es les plus grises. Cette plante persistante \u00e0 la croissance vigoureuse mais soign\u00e9e, avec des branches \u00e9paisses et compactes, est id\u00e9ale pour cr\u00e9er des haies panach\u00e9es, des brise-vue, ou encore en sp\u00e9cimen isol\u00e9 ou en grands pots sur les terrasses et les patios. En automne, elle produit de petites fleurs parfum\u00e9es couleur cr\u00e8me, dissimul\u00e9es parmi les feuilles, mais capables de diffuser un parfum intense et agr\u00e9able. Comme tous les Elaeagnus, \u2018Maryline\u2019 est extr\u00eamement rustique et adaptable\u00a0: elle tol\u00e8re bien le vent, la salinit\u00e9, la s\u00e9cheresse, la chaleur et le froid, et pousse \u00e9galement sur des sols pauvres ou calcaires. Parfaite pour les jardins m\u00e9diterran\u00e9ens, urbains ou c\u00f4tiers, elle offre une combinaison rare d\u2019esth\u00e9tique et de r\u00e9sistance. Avec \u00ab Maryline \u00bb, vous apportez une touche de couleur sophistiqu\u00e9e et lumineuse au jardin, sans sacrifier la praticit\u00e9 d\u2019une plante robuste et persistante.<\/p>\n","protected":false},"excerpt":{"rendered":"<p>Elaeagnus x ebbingei \u2018Maryline\u2019 est une splendide vari\u00e9t\u00e9 \u00e0 feuilles panach\u00e9es, con\u00e7ue pour ceux qui souhaitent apporter couleur et luminosit\u00e9 \u00e0 leur jardin en toute saison. Contrairement aux vari\u00e9t\u00e9s vertes traditionnelles, \u2018Maryline\u2019 se distingue par son feuillage lumineux et d\u00e9coratif, aux bords jaune dor\u00e9 et au c\u0153ur vert olive, qui devient plus chaud pendant les [&hellip;]<\/p>\n","protected":false},"featured_media":0,"template":"","meta":{"_acf_changed":false},"product_brand":[],"product_cat":[134,166],"product_tag":[],"class_list":{"0":"post-12301","1":"product","2":"type-product","3":"status-publish","5":"product_cat-plantes","6":"product_cat-arbuste","7":"pa_forma-arbuste","9":"first","10":"instock","11":"purchasable","12":"product-type-variable"},"acf":[],"_links":{"self":[{"href":"https:\/\/vivaiobaronti.com\/fr\/wp-json\/wp\/v2\/product\/12301","targetHints":{"allow":["GET"]}}],"collection":[{"href":"https:\/\/vivaiobaronti.com\/fr\/wp-json\/wp\/v2\/product"}],"about":[{"href":"https:\/\/vivaiobaronti.com\/fr\/wp-json\/wp\/v2\/types\/product"}],"wp:attachment":[{"href":"https:\/\/vivaiobaronti.com\/fr\/wp-json\/wp\/v2\/media?parent=12301"}],"wp:term":[{"taxonomy":"product_brand","embeddable":true,"href":"https:\/\/vivaiobaronti.com\/fr\/wp-json\/wp\/v2\/product_brand?post=12301"},{"taxonomy":"product_cat","embeddable":true,"href":"https:\/\/vivaiobaronti.com\/fr\/wp-json\/wp\/v2\/product_cat?post=12301"},{"taxonomy":"product_tag","embeddable":true,"href":"https:\/\/vivaiobaronti.com\/fr\/wp-json\/wp\/v2\/product_tag?post=12301"}],"curies":[{"name":"wp","href":"https:\/\/api.w.org\/{rel}","templated":true}]}}