{"id":12216,"date":"2025-05-20T08:19:54","date_gmt":"2025-05-20T08:19:54","guid":{"rendered":"https:\/\/quizzical-davinci.89-31-73-59.plesk.page\/pianta\/elaeagnus-ebbingei\/"},"modified":"2025-07-24T08:48:50","modified_gmt":"2025-07-24T08:48:50","slug":"elaeagnus-ebbingei","status":"publish","type":"product","link":"https:\/\/vivaiobaronti.com\/fr\/pianta\/elaeagnus-ebbingei\/","title":{"rendered":"ELAEAGNUS EBBINGEI"},"content":{"rendered":"<p><span style=\"font-weight: 400;\">Elaeagnus ebbingei est un arbuste persistant parmi les plus appr\u00e9ci\u00e9s en jardinage pour sa polyvalence, sa r\u00e9sistance et son caract\u00e8re d\u00e9coratif. Avec son port vigoureux et soign\u00e9, il forme rapidement une masse v\u00e9g\u00e9tative dense et compacte, id\u00e9ale pour cr\u00e9er des haies brise-vue, des barri\u00e8res d&rsquo;intimit\u00e9 ou pour \u00eatre cultiv\u00e9 en isol\u00e9 dans les jardins, les parcs ou les grands pots. Son feuillage est l&rsquo;un de ses points forts\u00a0: de grandes feuilles ovales, d&rsquo;un vert brillant sur la face sup\u00e9rieure et argent\u00e9es sur la face inf\u00e9rieure, cr\u00e9ent des reflets iris\u00e9s au soleil et lui conf\u00e8rent une apparence \u00e9l\u00e9gante m\u00eame pendant les mois les plus froids. En automne, de petites fleurs blanc cr\u00e8me tr\u00e8s parfum\u00e9es apparaissent entre les feuilles, enrichissant encore son int\u00e9r\u00eat ornemental. Gr\u00e2ce \u00e0 sa structure dense et \u00e0 sa croissance rapide, Elaeagnus ebbingei est parfait pour ceux qui recherchent une haie imp\u00e9n\u00e9trable, persistante et peu exigeante, m\u00eame dans des conditions difficiles. C&rsquo;est une plante extr\u00eamement r\u00e9sistante au froid, au vent, au sel et \u00e0 la s\u00e9cheresse, capable de pousser m\u00eame sur des sols pauvres, calcaires ou pollu\u00e9s. Extr\u00eamement facile \u00e0 cultiver, on peut la laisser se d\u00e9velopper librement pour un aspect plus naturel, ou la tailler r\u00e9guli\u00e8rement pour conserver une forme plus formelle et soign\u00e9e. Une solution id\u00e9ale pour ceux qui recherchent une plante belle, fonctionnelle et r\u00e9sistante toute l&rsquo;ann\u00e9e.<\/p>\n","protected":false},"excerpt":{"rendered":"<p>Elaeagnus ebbingei est un arbuste persistant parmi les plus appr\u00e9ci\u00e9s en jardinage pour sa polyvalence, sa r\u00e9sistance et son caract\u00e8re d\u00e9coratif. Avec son port vigoureux et soign\u00e9, il forme rapidement une masse v\u00e9g\u00e9tative dense et compacte, id\u00e9ale pour cr\u00e9er des haies brise-vue, des barri\u00e8res d&rsquo;intimit\u00e9 ou pour \u00eatre cultiv\u00e9 en isol\u00e9 dans les jardins, les [&hellip;]<\/p>\n","protected":false},"featured_media":6632,"template":"","meta":{"_acf_changed":false},"product_brand":[],"product_cat":[134,166],"product_tag":[],"class_list":{"0":"post-12216","1":"product","2":"type-product","3":"status-publish","4":"has-post-thumbnail","6":"product_cat-plantes","7":"product_cat-arbuste","8":"pa_forma-arbuste","10":"first","11":"instock","12":"purchasable","13":"product-type-variable"},"acf":[],"_links":{"self":[{"href":"https:\/\/vivaiobaronti.com\/fr\/wp-json\/wp\/v2\/product\/12216","targetHints":{"allow":["GET"]}}],"collection":[{"href":"https:\/\/vivaiobaronti.com\/fr\/wp-json\/wp\/v2\/product"}],"about":[{"href":"https:\/\/vivaiobaronti.com\/fr\/wp-json\/wp\/v2\/types\/product"}],"wp:featuredmedia":[{"embeddable":true,"href":"https:\/\/vivaiobaronti.com\/fr\/wp-json\/wp\/v2\/media\/6632"}],"wp:attachment":[{"href":"https:\/\/vivaiobaronti.com\/fr\/wp-json\/wp\/v2\/media?parent=12216"}],"wp:term":[{"taxonomy":"product_brand","embeddable":true,"href":"https:\/\/vivaiobaronti.com\/fr\/wp-json\/wp\/v2\/product_brand?post=12216"},{"taxonomy":"product_cat","embeddable":true,"href":"https:\/\/vivaiobaronti.com\/fr\/wp-json\/wp\/v2\/product_cat?post=12216"},{"taxonomy":"product_tag","embeddable":true,"href":"https:\/\/vivaiobaronti.com\/fr\/wp-json\/wp\/v2\/product_tag?post=12216"}],"curies":[{"name":"wp","href":"https:\/\/api.w.org\/{rel}","templated":true}]}}