{"id":12214,"date":"2025-05-20T08:19:54","date_gmt":"2025-05-20T08:19:54","guid":{"rendered":"https:\/\/quizzical-davinci.89-31-73-59.plesk.page\/pianta\/elaeagnus-ebbingei-compatta\/"},"modified":"2025-07-24T08:48:50","modified_gmt":"2025-07-24T08:48:50","slug":"elaeagnus-ebbingei-compatta","status":"publish","type":"product","link":"https:\/\/vivaiobaronti.com\/fr\/pianta\/elaeagnus-ebbingei-compatta\/","title":{"rendered":"ELAEAGNUS EBBINGEI COMPATTA"},"content":{"rendered":"<p>Elaeagnus ebbingei \u2018Compacta\u2019 est une vari\u00e9t\u00e9 compacte et soign\u00e9e du c\u00e9l\u00e8bre Elaeagnus persistant, id\u00e9ale pour ceux qui recherchent une plante r\u00e9sistante, d\u00e9corative et facile d\u2019entretien. Compar\u00e9 \u00e0 l\u2019esp\u00e8ce classique, \u2018Compacta\u2019 se distingue par sa croissance plus contenue et r\u00e9guli\u00e8re, parfaite pour cr\u00e9er des haies formelles, des bordures compactes ou pour une utilisation en pot sur les terrasses et les balcons.<br \/>\nSon feuillage est dense et tr\u00e8s ornemental\u00a0: des feuilles ovales et coriaces, d\u2019un vert intense et brillant sur la face sup\u00e9rieure, tandis que la face inf\u00e9rieure est argent\u00e9e, cr\u00e9ant de d\u00e9licats reflets \u00e0 la lumi\u00e8re. En automne, il produit de petites fleurs parfum\u00e9es, discr\u00e8tes mais agr\u00e9ables, parfois suivies de fruits rouge-orange, \u00e9galement d\u00e9coratifs.<br \/>\nParticuli\u00e8rement appr\u00e9ci\u00e9 pour sa tol\u00e9rance aux conditions difficiles, Elaeagnus \u2018Compacta\u2019 r\u00e9siste bien au vent, au sel, \u00e0 la s\u00e9cheresse et \u00e0 la pollution urbaine, ce qui le rend id\u00e9al pour les jardins c\u00f4tiers ou les zones urbaines. Il pousse aussi bien au soleil qu\u2019\u00e0 mi-ombre et forme rapidement une \u00e9paisse barri\u00e8re verte imp\u00e9n\u00e9trable, id\u00e9ale \u00e9galement comme brise-vue.<br \/>\nUn choix intelligent et raffin\u00e9 pour ceux qui veulent un persistant beau toute l&rsquo;ann\u00e9e, robuste et polyvalent, capable de s&rsquo;adapter \u00e0 de multiples utilisations dans le jardin sans jamais \u00eatre banal.<\/p>\n","protected":false},"excerpt":{"rendered":"<p>Elaeagnus ebbingei \u2018Compacta\u2019 est une vari\u00e9t\u00e9 compacte et soign\u00e9e du c\u00e9l\u00e8bre Elaeagnus persistant, id\u00e9ale pour ceux qui recherchent une plante r\u00e9sistante, d\u00e9corative et facile d\u2019entretien. Compar\u00e9 \u00e0 l\u2019esp\u00e8ce classique, \u2018Compacta\u2019 se distingue par sa croissance plus contenue et r\u00e9guli\u00e8re, parfaite pour cr\u00e9er des haies formelles, des bordures compactes ou pour une utilisation en pot sur [&hellip;]<\/p>\n","protected":false},"featured_media":0,"template":"","meta":{"_acf_changed":false},"product_brand":[],"product_cat":[134,166],"product_tag":[],"class_list":{"0":"post-12214","1":"product","2":"type-product","3":"status-publish","5":"product_cat-plantes","6":"product_cat-arbuste","7":"pa_forma-arbuste","9":"first","10":"instock","11":"purchasable","12":"product-type-variable"},"acf":[],"_links":{"self":[{"href":"https:\/\/vivaiobaronti.com\/fr\/wp-json\/wp\/v2\/product\/12214","targetHints":{"allow":["GET"]}}],"collection":[{"href":"https:\/\/vivaiobaronti.com\/fr\/wp-json\/wp\/v2\/product"}],"about":[{"href":"https:\/\/vivaiobaronti.com\/fr\/wp-json\/wp\/v2\/types\/product"}],"wp:attachment":[{"href":"https:\/\/vivaiobaronti.com\/fr\/wp-json\/wp\/v2\/media?parent=12214"}],"wp:term":[{"taxonomy":"product_brand","embeddable":true,"href":"https:\/\/vivaiobaronti.com\/fr\/wp-json\/wp\/v2\/product_brand?post=12214"},{"taxonomy":"product_cat","embeddable":true,"href":"https:\/\/vivaiobaronti.com\/fr\/wp-json\/wp\/v2\/product_cat?post=12214"},{"taxonomy":"product_tag","embeddable":true,"href":"https:\/\/vivaiobaronti.com\/fr\/wp-json\/wp\/v2\/product_tag?post=12214"}],"curies":[{"name":"wp","href":"https:\/\/api.w.org\/{rel}","templated":true}]}}