{"id":12013,"date":"2025-05-20T08:19:54","date_gmt":"2025-05-20T08:19:54","guid":{"rendered":"https:\/\/quizzical-davinci.89-31-73-59.plesk.page\/pianta\/cupressus-sempervirens-totem\/"},"modified":"2026-02-03T07:50:09","modified_gmt":"2026-02-03T07:50:09","slug":"cupressus-sempervirens-totem","status":"publish","type":"product","link":"https:\/\/vivaiobaronti.com\/fr\/pianta\/cupressus-sempervirens-totem\/","title":{"rendered":"CUPRESSUS SEMPERVIRENS TOTEM"},"content":{"rendered":"<p><span style=\"font-weight: 400;\">Cupressus sempervirens &lsquo;Totem&rsquo; est une vari\u00e9t\u00e9 s\u00e9lectionn\u00e9e du cypr\u00e8s m\u00e9diterran\u00e9en classique, appr\u00e9ci\u00e9 pour son port colonnaire extr\u00eamement compact et r\u00e9gulier. Contrairement au type commun, &lsquo;Totem&rsquo; conserve une silhouette serr\u00e9e et dense au fil des ans, sans s&rsquo;\u00e9largir \u00e0 la base, ce qui le rend id\u00e9al pour ceux qui recherchent une pr\u00e9sence verticale \u00e9l\u00e9gante mais contenue. Cette plante persistante offre une v\u00e9g\u00e9tation dense et uniforme, d&rsquo;un beau vert fonc\u00e9 intense, ce qui la rend parfaite pour cr\u00e9er des all\u00e9es pittoresques, des brise-vue ou pour une utilisation en solitaire dans des contextes formels ou modernes. Gr\u00e2ce \u00e0 sa forme naturelle et soign\u00e9e, il ne n\u00e9cessite pas de taille fr\u00e9quente et convient \u00e9galement parfaitement \u00e0 la culture en pot sur les terrasses ou les entr\u00e9es. Extr\u00eamement rustique et r\u00e9sistant, le Cupressus &lsquo;Totem&rsquo; tol\u00e8re bien le vent, la s\u00e9cheresse et les temp\u00e9ratures \u00e9lev\u00e9es, s&rsquo;adaptant m\u00eame aux sols pauvres ou calcaires. Avec son port fier et sobre, il apporte une touche de classicisme m\u00e9diterran\u00e9en \u00e0 tout environnement, sans n\u00e9cessiter de grands soins.<\/span><\/p>\n","protected":false},"excerpt":{"rendered":"<p>Cupressus sempervirens &lsquo;Totem&rsquo; est une vari\u00e9t\u00e9 s\u00e9lectionn\u00e9e du cypr\u00e8s m\u00e9diterran\u00e9en classique, appr\u00e9ci\u00e9 pour son port colonnaire extr\u00eamement compact et r\u00e9gulier. Contrairement au type commun, &lsquo;Totem&rsquo; conserve une silhouette serr\u00e9e et dense au fil des ans, sans s&rsquo;\u00e9largir \u00e0 la base, ce qui le rend id\u00e9al pour ceux qui recherchent une pr\u00e9sence verticale \u00e9l\u00e9gante mais contenue. [&hellip;]<\/p>\n","protected":false},"featured_media":5803,"template":"","meta":{"_acf_changed":false},"product_brand":[],"product_cat":[134,166],"product_tag":[],"class_list":{"0":"post-12013","1":"product","2":"type-product","3":"status-publish","4":"has-post-thumbnail","6":"product_cat-plantes","7":"product_cat-arbuste","8":"pa_forma-arbuste","10":"first","11":"instock","12":"purchasable","13":"product-type-variable"},"acf":[],"_links":{"self":[{"href":"https:\/\/vivaiobaronti.com\/fr\/wp-json\/wp\/v2\/product\/12013","targetHints":{"allow":["GET"]}}],"collection":[{"href":"https:\/\/vivaiobaronti.com\/fr\/wp-json\/wp\/v2\/product"}],"about":[{"href":"https:\/\/vivaiobaronti.com\/fr\/wp-json\/wp\/v2\/types\/product"}],"wp:featuredmedia":[{"embeddable":true,"href":"https:\/\/vivaiobaronti.com\/fr\/wp-json\/wp\/v2\/media\/5803"}],"wp:attachment":[{"href":"https:\/\/vivaiobaronti.com\/fr\/wp-json\/wp\/v2\/media?parent=12013"}],"wp:term":[{"taxonomy":"product_brand","embeddable":true,"href":"https:\/\/vivaiobaronti.com\/fr\/wp-json\/wp\/v2\/product_brand?post=12013"},{"taxonomy":"product_cat","embeddable":true,"href":"https:\/\/vivaiobaronti.com\/fr\/wp-json\/wp\/v2\/product_cat?post=12013"},{"taxonomy":"product_tag","embeddable":true,"href":"https:\/\/vivaiobaronti.com\/fr\/wp-json\/wp\/v2\/product_tag?post=12013"}],"curies":[{"name":"wp","href":"https:\/\/api.w.org\/{rel}","templated":true}]}}