{"id":11947,"date":"2025-05-20T08:19:54","date_gmt":"2025-05-20T08:19:54","guid":{"rendered":"https:\/\/quizzical-davinci.89-31-73-59.plesk.page\/pianta\/cupressus-arizonica-fastigiata\/"},"modified":"2025-07-24T08:48:42","modified_gmt":"2025-07-24T08:48:42","slug":"cupressus-arizonica-fastigiata","status":"publish","type":"product","link":"https:\/\/vivaiobaronti.com\/fr\/pianta\/cupressus-arizonica-fastigiata\/","title":{"rendered":"CUPRESSUS ARIZONICA FASTIGIATA"},"content":{"rendered":"<p><span style=\"font-weight: 400;\">Cupressus arizonica &lsquo;Fastigiata&rsquo; cultiv\u00e9 en mini-tronc est le choix id\u00e9al pour ceux qui recherchent une plante persistante \u00e0 l&rsquo;aspect soign\u00e9, \u00e9l\u00e9gant et structur\u00e9, mais dans un espace limit\u00e9. Avec son port \u00e9lanc\u00e9 et colonnaire, cette vari\u00e9t\u00e9 de cypr\u00e8s apporte verticalit\u00e9 et mouvement au jardin sans occuper trop d&rsquo;espace, ce qui la rend parfaite pour les petits espaces, les terrasses ou les compositions formelles. Son feuillage, d&rsquo;un vert bleut\u00e9 raffin\u00e9 aux nuances gris argent\u00e9, est dense et parfum\u00e9, et reste d\u00e9coratif toute l&rsquo;ann\u00e9e. Cultiv\u00e9 sur un tronc bas, le Cupressus &lsquo;Fastigiata&rsquo; en mini-tronc est parfait pour les bordures, les all\u00e9es, les entr\u00e9es ou les angles architecturaux, o\u00f9 il peut \u00eatre mis en valeur comme \u00e9l\u00e9ment vertical unique ou dans des compositions sym\u00e9triques. Outre sa forte valeur ornementale, c&rsquo;est une plante extr\u00eamement r\u00e9sistante et rustique\u00a0: elle tol\u00e8re le froid, la s\u00e9cheresse, le vent et m\u00eame les sols pauvres ou calcaires. Il n\u00e9cessite tr\u00e8s peu d&rsquo;entretien et pousse rapidement.<\/p>\n","protected":false},"excerpt":{"rendered":"<p>Cupressus arizonica &lsquo;Fastigiata&rsquo; cultiv\u00e9 en mini-tronc est le choix id\u00e9al pour ceux qui recherchent une plante persistante \u00e0 l&rsquo;aspect soign\u00e9, \u00e9l\u00e9gant et structur\u00e9, mais dans un espace limit\u00e9. Avec son port \u00e9lanc\u00e9 et colonnaire, cette vari\u00e9t\u00e9 de cypr\u00e8s apporte verticalit\u00e9 et mouvement au jardin sans occuper trop d&rsquo;espace, ce qui la rend parfaite pour les [&hellip;]<\/p>\n","protected":false},"featured_media":5769,"template":"","meta":{"_acf_changed":false},"product_brand":[],"product_cat":[134,169],"product_tag":[],"class_list":{"0":"post-11947","1":"product","2":"type-product","3":"status-publish","4":"has-post-thumbnail","6":"product_cat-plantes","7":"product_cat-mini-tige","8":"pa_forma-mini-tige","10":"first","11":"instock","12":"purchasable","13":"product-type-variable"},"acf":[],"_links":{"self":[{"href":"https:\/\/vivaiobaronti.com\/fr\/wp-json\/wp\/v2\/product\/11947","targetHints":{"allow":["GET"]}}],"collection":[{"href":"https:\/\/vivaiobaronti.com\/fr\/wp-json\/wp\/v2\/product"}],"about":[{"href":"https:\/\/vivaiobaronti.com\/fr\/wp-json\/wp\/v2\/types\/product"}],"wp:featuredmedia":[{"embeddable":true,"href":"https:\/\/vivaiobaronti.com\/fr\/wp-json\/wp\/v2\/media\/5769"}],"wp:attachment":[{"href":"https:\/\/vivaiobaronti.com\/fr\/wp-json\/wp\/v2\/media?parent=11947"}],"wp:term":[{"taxonomy":"product_brand","embeddable":true,"href":"https:\/\/vivaiobaronti.com\/fr\/wp-json\/wp\/v2\/product_brand?post=11947"},{"taxonomy":"product_cat","embeddable":true,"href":"https:\/\/vivaiobaronti.com\/fr\/wp-json\/wp\/v2\/product_cat?post=11947"},{"taxonomy":"product_tag","embeddable":true,"href":"https:\/\/vivaiobaronti.com\/fr\/wp-json\/wp\/v2\/product_tag?post=11947"}],"curies":[{"name":"wp","href":"https:\/\/api.w.org\/{rel}","templated":true}]}}